{"id":16759,"date":"2019-11-15T11:41:52","date_gmt":"2019-11-15T11:41:52","guid":{"rendered":"http:\/\/www.3p-gmbh.de\/?post_type=product&#038;p=16759"},"modified":"2020-04-15T14:23:08","modified_gmt":"2020-04-15T14:23:08","slug":"heidelberg-eurobind-eb-500-einzangen-hotmelt-klebebinder","status":"publish","type":"product","link":"https:\/\/www.3p-gmbh.de\/pl\/produkt\/heidelberg-eurobind-eb-500-einzangen-hotmelt-klebebinder\/","title":{"rendered":"Heidelberg Eurobind EB-500 Einzangen Hotmelt Klebebinder"},"content":{"rendered":"<p>ca. 350.000 B\u00fccher<br \/>\nin exzellentem Zustand<br \/>\nmax. Gr\u00f6\u00dfe 32 x 44 cm<\/p>\n<ul>\n<li>R\u00fcttler,<\/li>\n<li>Fr\u00e4s- und Aufrauhstation<\/li>\n<li>Hotmelt R\u00fcckenleimwerk<\/li>\n<li>Hotmelt Seitenleimwerk<\/li>\n<li>automatischer Umschlaganleger<\/li>\n<li>Doppelrilleinheit<\/li>\n<li>Anpressstation<\/li>\n<\/ul>\n","protected":false},"excerpt":{"rendered":"<p>ca. 350.000 B\u00fccher in exzellentem Zustand max. Gr\u00f6\u00dfe 32 x 44 cm R\u00fcttler, Fr\u00e4s- und Aufrauhstation Hotmelt R\u00fcckenleimwerk Hotmelt Seitenleimwerk automatischer Umschlaganleger Doppelrilleinheit Anpressstation<\/p>\n","protected":false},"featured_media":16760,"template":"","meta":[],"product_brand":[],"product_cat":[1751],"product_tag":[],"class_list":{"0":"post-16759","1":"product","2":"type-product","3":"status-publish","4":"has-post-thumbnail","6":"product_cat-klebebinder","7":"pa_hersteller-eurotecnica","8":"pa_hersteller-heidelberg","9":"pa_typ-eb-500","11":"first","12":"instock","13":"taxable","14":"shipping-taxable","15":"purchasable","16":"product-type-simple"},"jetpack_sharing_enabled":true,"_links":{"self":[{"href":"https:\/\/www.3p-gmbh.de\/pl\/wp-json\/wp\/v2\/product\/16759","targetHints":{"allow":["GET"]}}],"collection":[{"href":"https:\/\/www.3p-gmbh.de\/pl\/wp-json\/wp\/v2\/product"}],"about":[{"href":"https:\/\/www.3p-gmbh.de\/pl\/wp-json\/wp\/v2\/types\/product"}],"wp:featuredmedia":[{"embeddable":true,"href":"https:\/\/www.3p-gmbh.de\/pl\/wp-json\/wp\/v2\/media\/16760"}],"wp:attachment":[{"href":"https:\/\/www.3p-gmbh.de\/pl\/wp-json\/wp\/v2\/media?parent=16759"}],"wp:term":[{"taxonomy":"product_brand","embeddable":true,"href":"https:\/\/www.3p-gmbh.de\/pl\/wp-json\/wp\/v2\/product_brand?post=16759"},{"taxonomy":"product_cat","embeddable":true,"href":"https:\/\/www.3p-gmbh.de\/pl\/wp-json\/wp\/v2\/product_cat?post=16759"},{"taxonomy":"product_tag","embeddable":true,"href":"https:\/\/www.3p-gmbh.de\/pl\/wp-json\/wp\/v2\/product_tag?post=16759"}],"curies":[{"name":"wp","href":"https:\/\/api.w.org\/{rel}","templated":true}]}}