{"id":16679,"date":"2019-11-15T08:24:28","date_gmt":"2019-11-15T08:24:28","guid":{"rendered":"http:\/\/www.3p-gmbh.de\/?post_type=product&#038;p=16679"},"modified":"2020-04-15T14:22:14","modified_gmt":"2020-04-15T14:22:14","slug":"x-rite-i1-basic-pro-2-spektralfotometer","status":"publish","type":"product","link":"https:\/\/www.3p-gmbh.de\/pl\/produkt\/x-rite-i1-basic-pro-2-spektralfotometer\/","title":{"rendered":"X-Rite i1 Basic Pro 2 Spektralfotometer"},"content":{"rendered":"<p>Mit dem i1 Basic Pro 2 von X-Rite k\u00f6nnen Sie schnell und problemlos eigene Profile f\u00fcr Monitore und Projektoren erstellen, mit denen Sie immer sicher sein k\u00f6nnen, dass Farben naturgetreu angezeigt werden. Zus\u00e4tzlich k\u00f6nnen Sie die Druckqualit\u00e4t und Softproofs mit integrierten Qualit\u00e4tssicherungsfunktionen verifizieren, und Sonderfarben zu erfassen und zu organisieren.<\/p>\n<p>X-Rite i1Basic Pro 2 verbindet Software und Hardware der Spitzenklasse und bietet so das ultimative Farbmanagementpaket f\u00fcr die professionelle Bildbearbeitung. Das Profilierungsger\u00e4t ist akkurat und zukunftsorientiert. Mit verbesserter Genauigkeit, Benutzerfreundlichkeit, Zuverl\u00e4ssigkeit und vielen neuen Profi-Funktionen folgt es den neuesten Entwicklungen in der ISO-Standardisierung. Die neueste Version der i1Profiler-Software bietet Ihnen den Modus &#8222;Einfach&#8221; und &#8222;Erweitert&#8221;, mit dem Sie Monitor, Projektor und RGB\/CMYK+-Drucker professionell profilieren und kalibrieren k\u00f6nnen. Zus\u00e4tzlich sind Voreinstellungen f\u00fcr die Videoproduktion und umfangreiche Funktionen f\u00fcr die Qualit\u00e4tssicherung von Monitor und Drucker enthalten.<br \/>\nMit dem Programm PANTONE\u00ae Color Manager zur Erstellung von Farbpaletten und f\u00fcr die digitale Farbsimulation (&#8222;Bridging&#8221;) halten Sie Ihre PANTONE-Bibliotheken problemlos auf dem neuesten Stand. Zus\u00e4tzlich k\u00f6nnen Sie Ihre Sonderfarben verwalten und eigene Farben hinzuf\u00fcgen.<\/p>\n<p>Lieferumfang:<\/p>\n<ul>\n<li>Stativplatte<\/li>\n<li>Stativhalterung<\/li>\n<li>Monitorhalterung<\/li>\n<li>Positionsblende<\/li>\n<li>Kalibrierplatte<\/li>\n<li>Me\u00dfger\u00e4t<\/li>\n<li>Tragekoffer<\/li>\n<li>USB-Kabel<\/li>\n<li>Messunterlage<\/li>\n<li>Lineal<\/li>\n<li>Software-Datentr\u00e4ger<\/li>\n<li>Zertifikat<\/li>\n<li>Benutzerhandbuch<\/li>\n<\/ul>\n","protected":false},"excerpt":{"rendered":"<p>Mit dem i1 Basic Pro 2 von X-Rite k\u00f6nnen Sie schnell und problemlos eigene Profile f\u00fcr Monitore und Projektoren erstellen, mit denen Sie immer sicher sein k\u00f6nnen, dass Farben naturgetreu angezeigt werden. Zus\u00e4tzlich k\u00f6nnen Sie die Druckqualit\u00e4t und Softproofs mit integrierten Qualit\u00e4tssicherungsfunktionen verifizieren, und Sonderfarben zu erfassen und zu organisieren. X-Rite i1Basic Pro 2 verbindet [&hellip;]<\/p>\n","protected":false},"featured_media":16680,"template":"","meta":[],"product_brand":[],"product_cat":[1780],"product_tag":[],"class_list":{"0":"post-16679","1":"product","2":"type-product","3":"status-publish","4":"has-post-thumbnail","6":"product_cat-messgeraete-und-qualitaetssicherung","7":"pa_bezeichnung_typ-x-rite-i1-basic-pro-2","8":"pa_hersteller-x-rite","10":"first","11":"instock","12":"taxable","13":"shipping-taxable","14":"purchasable","15":"product-type-simple"},"jetpack_sharing_enabled":true,"_links":{"self":[{"href":"https:\/\/www.3p-gmbh.de\/pl\/wp-json\/wp\/v2\/product\/16679","targetHints":{"allow":["GET"]}}],"collection":[{"href":"https:\/\/www.3p-gmbh.de\/pl\/wp-json\/wp\/v2\/product"}],"about":[{"href":"https:\/\/www.3p-gmbh.de\/pl\/wp-json\/wp\/v2\/types\/product"}],"wp:featuredmedia":[{"embeddable":true,"href":"https:\/\/www.3p-gmbh.de\/pl\/wp-json\/wp\/v2\/media\/16680"}],"wp:attachment":[{"href":"https:\/\/www.3p-gmbh.de\/pl\/wp-json\/wp\/v2\/media?parent=16679"}],"wp:term":[{"taxonomy":"product_brand","embeddable":true,"href":"https:\/\/www.3p-gmbh.de\/pl\/wp-json\/wp\/v2\/product_brand?post=16679"},{"taxonomy":"product_cat","embeddable":true,"href":"https:\/\/www.3p-gmbh.de\/pl\/wp-json\/wp\/v2\/product_cat?post=16679"},{"taxonomy":"product_tag","embeddable":true,"href":"https:\/\/www.3p-gmbh.de\/pl\/wp-json\/wp\/v2\/product_tag?post=16679"}],"curies":[{"name":"wp","href":"https:\/\/api.w.org\/{rel}","templated":true}]}}