{"id":15934,"date":"2019-11-08T10:02:07","date_gmt":"2019-11-08T10:02:07","guid":{"rendered":"http:\/\/www.3p-gmbh.de\/?post_type=product&#038;p=15934"},"modified":"2020-04-15T14:21:35","modified_gmt":"2020-04-15T14:21:35","slug":"hohner-exact-mehrkopf-block-und-broschueren-drahtheftmaschine-fuer-normalheftung","status":"publish","type":"product","link":"https:\/\/www.3p-gmbh.de\/pl\/produkt\/hohner-exact-mehrkopf-block-und-broschueren-drahtheftmaschine-fuer-normalheftung\/","title":{"rendered":"HOHNER EXACT Mehrkopf- Block- und Brosch\u00fcren- Drahtheftmaschine\u00a0f\u00fcr Normalheftung"},"content":{"rendered":"<p>Installation von bis zu vier HOHNER-Schmalheftk\u00f6pfen UNIVERSAL 52\/8 f\u00fcr<br \/>\nNormalheftung, Ring\u00f6senheftung oder gemischte Anwendung.<br \/>\nGleicherma\u00dfen hervorragend geeignet als Solomaschine oder Einbauaggregat.<\/p>\n<p>-Maximale Heftst\u00e4rke von 8 mm bei Normalheftung<br \/>\n-Leicht umstellbarer Hefttisch: gerade f\u00fcr Bl\u00f6cke, schr\u00e4g f\u00fcr Brosch\u00fcren.<br \/>\n-Heftst\u00e4rke und Drahtl\u00e4nge werden gleichzeitig und zentral f\u00fcr alle K\u00f6pfe<br \/>\n\u00fcber nur einen Hebel eingestellt.<br \/>\n-Ein r\u00fcckw\u00e4rtiger und zwei seitliche Anschl\u00e4ge, alle verstellbar, sorgen<br \/>\ndaf\u00fcr, da\u00df die Klammern stets an der gew\u00fcnschten Stelle positioniert sind.<br \/>\n-Heftk\u00f6pfe k\u00f6nnen in aller Schnelle entnommen oder angebracht, seitlich<br \/>\nverschoben oder auch einfach nur vor\u00fcbergehend ab- geschaltet werden.<\/p>\n<p>-Maximale Heftleistung: je Kopf 206 Klammern \/ Minute.<br \/>\n-Fu\u00dfausl\u00f6sung<br \/>\n-Tischgr\u00f6\u00dfe: 550 x 280 mm<br \/>\n-Einlegetiefe ab Klinscherkasten 165 mm<br \/>\n-Klammerabstand max. 330mm<br \/>\n-Klammerabstand min. 52-62 mm<\/p>\n","protected":false},"excerpt":{"rendered":"<p><a href=\"http:\/\/www.3p-gmbh.de\/wp-content\/uploads\/2019\/11\/hohner.pdf\">hohner PDF<\/a><\/p>\n","protected":false},"featured_media":15943,"template":"","meta":[],"product_brand":[],"product_cat":[1750],"product_tag":[],"class_list":{"0":"post-15934","1":"product","2":"type-product","3":"status-publish","4":"has-post-thumbnail","6":"product_cat-heftmaschinen","7":"pa_hersteller-hohner","8":"pa_typ-exact","10":"first","11":"instock","12":"taxable","13":"shipping-taxable","14":"purchasable","15":"product-type-simple"},"jetpack_sharing_enabled":true,"_links":{"self":[{"href":"https:\/\/www.3p-gmbh.de\/pl\/wp-json\/wp\/v2\/product\/15934","targetHints":{"allow":["GET"]}}],"collection":[{"href":"https:\/\/www.3p-gmbh.de\/pl\/wp-json\/wp\/v2\/product"}],"about":[{"href":"https:\/\/www.3p-gmbh.de\/pl\/wp-json\/wp\/v2\/types\/product"}],"wp:featuredmedia":[{"embeddable":true,"href":"https:\/\/www.3p-gmbh.de\/pl\/wp-json\/wp\/v2\/media\/15943"}],"wp:attachment":[{"href":"https:\/\/www.3p-gmbh.de\/pl\/wp-json\/wp\/v2\/media?parent=15934"}],"wp:term":[{"taxonomy":"product_brand","embeddable":true,"href":"https:\/\/www.3p-gmbh.de\/pl\/wp-json\/wp\/v2\/product_brand?post=15934"},{"taxonomy":"product_cat","embeddable":true,"href":"https:\/\/www.3p-gmbh.de\/pl\/wp-json\/wp\/v2\/product_cat?post=15934"},{"taxonomy":"product_tag","embeddable":true,"href":"https:\/\/www.3p-gmbh.de\/pl\/wp-json\/wp\/v2\/product_tag?post=15934"}],"curies":[{"name":"wp","href":"https:\/\/api.w.org\/{rel}","templated":true}]}}