{"id":15922,"date":"2019-11-08T09:53:17","date_gmt":"2019-11-08T09:53:17","guid":{"rendered":"http:\/\/www.3p-gmbh.de\/?post_type=product&#038;p=15922"},"modified":"2020-04-15T14:21:35","modified_gmt":"2020-04-15T14:21:35","slug":"ameise-linde-l-10-hochhubwagen-stapler-elektrohubwagen-deichselstapler","status":"publish","type":"product","link":"https:\/\/www.3p-gmbh.de\/pl\/produkt\/ameise-linde-l-10-hochhubwagen-stapler-elektrohubwagen-deichselstapler\/","title":{"rendered":"Ameise Linde L 10 &#8211; Hochhubwagen &#8211; Stapler &#8211; Elektrohubwagen &#8211; Deichselstapler\u00a0"},"content":{"rendered":"<p>Bauart Hochhubwagen<br \/>\nAntriebsart Elektro<br \/>\nTragkraft 1.000 kg<br \/>\nLastschwerpunkt 0 mm<\/p>\n<p>Masttyp Standard<br \/>\nHubh\u00f6he 2.424 mm<br \/>\nBauh\u00f6he 1.765 mm<br \/>\nFreihub 150 mm<br \/>\nGabeltr\u00e4ger Breite: 560 mm<br \/>\nGabell\u00e4nge 1.150 mm<br \/>\nGabeln Gabelausf\u00fchrung 560 \/ 1150 mm<\/p>\n<p>Allgemeines<br \/>\ninternes Ladeger\u00e4t<br \/>\nBatterie 24V 2 PzB 200Ah<br \/>\nReifen Polyurethan<br \/>\nReifen vorne, doppelt<br \/>\nReifen hinten<br \/>\nL\u00e4nge 1.750 mm<br \/>\nBreite 800 mm<br \/>\nGewicht 1.055 kg<\/p>\n","protected":false},"excerpt":{"rendered":"<p>Bauart Hochhubwagen Antriebsart Elektro Tragkraft 1.000 kg Lastschwerpunkt 0 mm Masttyp Standard Hubh\u00f6he 2.424 mm Bauh\u00f6he 1.765 mm Freihub 150 mm Gabeltr\u00e4ger Breite: 560 mm Gabell\u00e4nge 1.150 mm Gabeln Gabelausf\u00fchrung 560 \/ 1150 mm Allgemeines internes Ladeger\u00e4t Batterie 24V 2 PzB 200Ah Reifen Polyurethan Reifen vorne, doppelt Reifen hinten L\u00e4nge 1.750 mm Breite 800 mm [&hellip;]<\/p>\n","protected":false},"featured_media":15923,"template":"","meta":[],"product_brand":[],"product_cat":[1489],"product_tag":[],"class_list":{"0":"post-15922","1":"product","2":"type-product","3":"status-publish","4":"has-post-thumbnail","6":"product_cat-flurfoerderfahrzeuge","7":"pa_hersteller-linde","8":"pa_typ-l-10","10":"first","11":"instock","12":"taxable","13":"shipping-taxable","14":"purchasable","15":"product-type-simple"},"jetpack_sharing_enabled":true,"_links":{"self":[{"href":"https:\/\/www.3p-gmbh.de\/pl\/wp-json\/wp\/v2\/product\/15922","targetHints":{"allow":["GET"]}}],"collection":[{"href":"https:\/\/www.3p-gmbh.de\/pl\/wp-json\/wp\/v2\/product"}],"about":[{"href":"https:\/\/www.3p-gmbh.de\/pl\/wp-json\/wp\/v2\/types\/product"}],"wp:featuredmedia":[{"embeddable":true,"href":"https:\/\/www.3p-gmbh.de\/pl\/wp-json\/wp\/v2\/media\/15923"}],"wp:attachment":[{"href":"https:\/\/www.3p-gmbh.de\/pl\/wp-json\/wp\/v2\/media?parent=15922"}],"wp:term":[{"taxonomy":"product_brand","embeddable":true,"href":"https:\/\/www.3p-gmbh.de\/pl\/wp-json\/wp\/v2\/product_brand?post=15922"},{"taxonomy":"product_cat","embeddable":true,"href":"https:\/\/www.3p-gmbh.de\/pl\/wp-json\/wp\/v2\/product_cat?post=15922"},{"taxonomy":"product_tag","embeddable":true,"href":"https:\/\/www.3p-gmbh.de\/pl\/wp-json\/wp\/v2\/product_tag?post=15922"}],"curies":[{"name":"wp","href":"https:\/\/api.w.org\/{rel}","templated":true}]}}