{"id":14991,"date":"2019-11-04T14:14:57","date_gmt":"2019-11-04T14:14:57","guid":{"rendered":"http:\/\/www.3p-gmbh.de\/?post_type=product&#038;p=14991"},"modified":"2020-04-15T14:18:13","modified_gmt":"2020-04-15T14:18:13","slug":"genios-gefahrstoffschrank-sicherheitsschrank-feuerschutzschrank-laborschrank","status":"publish","type":"product","link":"https:\/\/www.3p-gmbh.de\/pl\/produkt\/genios-gefahrstoffschrank-sicherheitsschrank-feuerschutzschrank-laborschrank\/","title":{"rendered":"Genios Gefahrstoffschrank \/ Sicherheitsschrank \/ Feuerschutzschrank \/ Laborschrank"},"content":{"rendered":"<p>zur Aufbewahrung von brennbaren Fl\u00fcssigkeiten<\/p>\n<p>Zugelassen zur Lagerung entz\u00fcndbarer Fl\u00fcssigkeiten am Arbeitsplatz<br \/>\nnach EN 14470-1 (Typ 90) und TRGS 510, Anlage 3<br \/>\n&#8211; Gepr\u00fcfte und zugelassene Gesamtkonstruktion durch anerkannte Materialpr\u00fcfanstalt nach EN 14470-1 (Typ 90) mit einer Feuerwiderstandsf\u00e4higkeit von &gt; 90 Minuten<br \/>\n&#8211; GS-gepr\u00fcfte Sicherheit<br \/>\n&#8211; Isolierung nach DIN 4102<\/p>\n<p>&#8211; Au\u00dfenkorpus Stahlblech, Pulverbeschichtung in RAL 7035 &#8211; lichtgrau<br \/>\n&#8211; 2 Fl\u00fcgelt\u00fcren in RAL 1007 &#8211; narzissengelb<br \/>\n&#8211; Innenkorpus aus HPL beschichteten Platten &#8211; RAL 7035<br \/>\n&#8211; Bodenabschlussschiene aus Edelstahl &#8211; Niro Raute<br \/>\n&#8211; Einlegeb\u00f6den im Raster von 64 mm h\u00f6henverstellbar<\/p>\n<p>Au\u00dfenma\u00dfe(BxTxH):1190x598x1935mm -753,00<br \/>\nInnenma\u00dfe(BxTxH):1087x430x1700mm<br \/>\nGewicht: ca. 505 kg<\/p>\n<p>Inneneinrichtung, bestehend aus:<br \/>\n1 x Bodenwanne (Auffangvolumen 33 Liter),entsprechend WHG &#8211; \u00dc-Zeichen gem\u00e4\u00df StawaR<br \/>\n1 x Lochblechabdeckung als 1. Lagerebene<br \/>\n3 x Einlegeboden<br \/>\n&#8211; T\u00fcrfeststellanlage<br \/>\n&#8211; Im Brandfall automatische Selbstschlie\u00dfung \u00fcber Thermomechanik<br \/>\n&#8211; T\u00fcren bei Temperaturanstieg auf &lt; 50 \u00b0C und<br \/>\n&#8211; Zu- und Abluftkan\u00e4le bei Temperaturanstieg auf 70 \u00b0C<br \/>\n&#8211; L\u00fcftungsanschluss durch Rohrstutzen DN 80<br \/>\n&#8211; Betrieb gem. TRGS 510, Anlage 3 (auch ohne Abluft zugelassen!)<br \/>\n&#8211; Erdungsanschluss entsprechend TRBS 2153 (Vermeidung von Z\u00fcndquellen)<br \/>\n&#8211; Kennzeichnung nach EN 14470-1 \/ TRGS 510, Anlage 3 \/ ISO 3864 \/ ASR A1.3<br \/>\n&#8211; T\u00fcren \u00fcber Zylinderschloss abschlie\u00dfbar<\/p>\n","protected":false},"excerpt":{"rendered":"<p>zur Aufbewahrung von brennbaren Fl\u00fcssigkeiten Zugelassen zur Lagerung entz\u00fcndbarer Fl\u00fcssigkeiten am Arbeitsplatz nach EN 14470-1 (Typ 90) und TRGS 510, Anlage 3 &#8211; Gepr\u00fcfte und zugelassene Gesamtkonstruktion durch anerkannte Materialpr\u00fcfanstalt nach EN 14470-1 (Typ 90) mit einer Feuerwiderstandsf\u00e4higkeit von &gt; 90 Minuten &#8211; GS-gepr\u00fcfte Sicherheit &#8211; Isolierung nach DIN 4102 &#8211; Au\u00dfenkorpus Stahlblech, Pulverbeschichtung in [&hellip;]<\/p>\n","protected":false},"featured_media":14992,"template":"","meta":[],"product_brand":[],"product_cat":[1484],"product_tag":[],"class_list":{"0":"post-14991","1":"product","2":"type-product","3":"status-publish","4":"has-post-thumbnail","6":"product_cat-lagertechnik","7":"pa_hersteller-genios","9":"first","10":"instock","11":"taxable","12":"shipping-taxable","13":"purchasable","14":"product-type-simple"},"jetpack_sharing_enabled":true,"_links":{"self":[{"href":"https:\/\/www.3p-gmbh.de\/pl\/wp-json\/wp\/v2\/product\/14991","targetHints":{"allow":["GET"]}}],"collection":[{"href":"https:\/\/www.3p-gmbh.de\/pl\/wp-json\/wp\/v2\/product"}],"about":[{"href":"https:\/\/www.3p-gmbh.de\/pl\/wp-json\/wp\/v2\/types\/product"}],"wp:featuredmedia":[{"embeddable":true,"href":"https:\/\/www.3p-gmbh.de\/pl\/wp-json\/wp\/v2\/media\/14992"}],"wp:attachment":[{"href":"https:\/\/www.3p-gmbh.de\/pl\/wp-json\/wp\/v2\/media?parent=14991"}],"wp:term":[{"taxonomy":"product_brand","embeddable":true,"href":"https:\/\/www.3p-gmbh.de\/pl\/wp-json\/wp\/v2\/product_brand?post=14991"},{"taxonomy":"product_cat","embeddable":true,"href":"https:\/\/www.3p-gmbh.de\/pl\/wp-json\/wp\/v2\/product_cat?post=14991"},{"taxonomy":"product_tag","embeddable":true,"href":"https:\/\/www.3p-gmbh.de\/pl\/wp-json\/wp\/v2\/product_tag?post=14991"}],"curies":[{"name":"wp","href":"https:\/\/api.w.org\/{rel}","templated":true}]}}