{"id":14948,"date":"2019-11-04T13:51:28","date_gmt":"2019-11-04T13:51:28","guid":{"rendered":"http:\/\/www.3p-gmbh.de\/?post_type=product&#038;p=14948"},"modified":"2020-04-15T14:18:14","modified_gmt":"2020-04-15T14:18:14","slug":"popp-ztm-078-greifertransport-zusammentragmaschine","status":"publish","type":"product","link":"https:\/\/www.3p-gmbh.de\/pl\/produkt\/popp-ztm-078-greifertransport-zusammentragmaschine\/","title":{"rendered":"Popp ZTM 078 Greifertransport-Zusammentragmaschine"},"content":{"rendered":"<ul>\n<li>Zusammentragmaschine Popp Typ 078-20, Serien-Nr. 001<\/li>\n<li>3 Vereinzelungsstationen Friktionsanleger Typ MAX 063-00, Serien-Nr. 00810<\/li>\n<li>Arbeitsbreite 300mm<\/li>\n<li>Maschinenbreite 450mm<\/li>\n<li>Kleinstes Produkt L x B 60 x 60 mm x 80g\/m\u00b2<\/li>\n<li>Gr\u00f6sstes Produkt L x B x D 300 x 300 x 20mm<\/li>\n<li>Gewicht 300kg<\/li>\n<\/ul>\n<p>Funktion:<\/p>\n<ul>\n<li>Vereinzeln fl\u00e4chiger Produkte 0-20 mm Dicke<\/li>\n<li>Vereinzelung durch Saugriemen mit offenen und geschlossenen Kanten in Laufrichtung<\/li>\n<li>erforderliche Produktvoraussetzung: Produkt ist durch Abschieben des untersten Produkts vom Reststapel trennbar<\/li>\n<\/ul>\n<p>Aufbau:<\/p>\n<ul>\n<li>Stapelmagazin H\u00f6he 200 mm<\/li>\n<li>Vereinzelungseinheit, Beschleuniger, Doppelblattkontrolle und Schaltschrank<\/li>\n<li>Vakuumbausatz mit 3 Riemen erm\u00f6glicht das schnelle umr\u00fcsten auf verschiedene Produktbreiten<\/li>\n<li>Vakuum einstellbar und einzeln zuschaltbar<\/li>\n<li>Vakuumpumpe mit Filter<\/li>\n<li>Minischleusentor f\u00fcr Produkte ab 30 mm Breite oder Pendelschleuse f\u00fcr Produkte ab 120 mm Breite<\/li>\n<li>Befestigung auf schwerem C-Fuss<\/li>\n<li>Elektrische H\u00f6henverstellung<\/li>\n<li>Abwurfverl\u00e4ngerung mit L\u00e4nge 300 mm, optional auch 150 mm und 450 mm m\u00f6glich<\/li>\n<\/ul>\n<p>Steuerung:<\/p>\n<ul>\n<li>Steuerung und Bedienfeld mit Antrieb Start-Stopp, Not-Aus Schalter, Einzeltaktabruf<\/li>\n<li>Betriebsarten: Dauer- und Taktbetrieb, Vorgabez\u00e4hler, Doppelbogen \u00dcberwachung<\/li>\n<li>Signalschnittstelle zu Fremdmaschinen \u00fcber Popp X 20<\/li>\n<li>Sprachumschaltung f\u00fcr Display deutsch-englisch<\/li>\n<\/ul>\n<p>Gemeinsame technische Daten:<\/p>\n<ul>\n<li>Produktzugang l\u00e4ngs<\/li>\n<li>Niederhaltung des Produkts durch Riemen<\/li>\n<li>Platzbedarf L\u00e4nge 2000mm<\/li>\n<li>Bandgeschwindigkeit 0-120 m\/min, Leistung im Dauerlauf bei Plastikkarten 1000 St\u00fcck\/Minute<\/li>\n<li>Versorgung 1.0 kW, 240 V, 50 Hz; Umr\u00fcstung auf US-Standard m\u00f6glich<\/li>\n<\/ul>\n","protected":false},"excerpt":{"rendered":"<p>Zusammentragmaschine Popp Typ 078-20, Serien-Nr. 001 3 Vereinzelungsstationen Friktionsanleger Typ MAX 063-00, Serien-Nr. 00810 Arbeitsbreite 300mm Maschinenbreite 450mm Kleinstes Produkt L x B 60 x 60 mm x 80g\/m\u00b2 Gr\u00f6sstes Produkt L x B x D 300 x 300 x 20mm Gewicht 300kg Funktion: Vereinzeln fl\u00e4chiger Produkte 0-20 mm Dicke Vereinzelung durch Saugriemen mit offenen [&hellip;]<\/p>\n","protected":false},"featured_media":14950,"template":"","meta":[],"product_brand":[],"product_cat":[84],"product_tag":[],"class_list":{"0":"post-14948","1":"product","2":"type-product","3":"status-publish","4":"has-post-thumbnail","6":"product_cat-zusammentragmaschinen","7":"pa_bezeichnung_typ-popp-ztm-078","8":"pa_hersteller-popp-maschinenbau","10":"first","11":"instock","12":"taxable","13":"shipping-taxable","14":"purchasable","15":"product-type-simple"},"jetpack_sharing_enabled":true,"_links":{"self":[{"href":"https:\/\/www.3p-gmbh.de\/pl\/wp-json\/wp\/v2\/product\/14948","targetHints":{"allow":["GET"]}}],"collection":[{"href":"https:\/\/www.3p-gmbh.de\/pl\/wp-json\/wp\/v2\/product"}],"about":[{"href":"https:\/\/www.3p-gmbh.de\/pl\/wp-json\/wp\/v2\/types\/product"}],"wp:featuredmedia":[{"embeddable":true,"href":"https:\/\/www.3p-gmbh.de\/pl\/wp-json\/wp\/v2\/media\/14950"}],"wp:attachment":[{"href":"https:\/\/www.3p-gmbh.de\/pl\/wp-json\/wp\/v2\/media?parent=14948"}],"wp:term":[{"taxonomy":"product_brand","embeddable":true,"href":"https:\/\/www.3p-gmbh.de\/pl\/wp-json\/wp\/v2\/product_brand?post=14948"},{"taxonomy":"product_cat","embeddable":true,"href":"https:\/\/www.3p-gmbh.de\/pl\/wp-json\/wp\/v2\/product_cat?post=14948"},{"taxonomy":"product_tag","embeddable":true,"href":"https:\/\/www.3p-gmbh.de\/pl\/wp-json\/wp\/v2\/product_tag?post=14948"}],"curies":[{"name":"wp","href":"https:\/\/api.w.org\/{rel}","templated":true}]}}