{"id":14635,"date":"2019-11-04T08:31:50","date_gmt":"2019-11-04T08:31:50","guid":{"rendered":"http:\/\/www.3p-gmbh.de\/?post_type=product&#038;p=14635"},"modified":"2020-04-15T14:17:33","modified_gmt":"2020-04-15T14:17:33","slug":"dynatec-quattro-challenger-leimschmelze-mit-zwei-auftragsduesen-dy-2002-steuergeraet-fuer-8-kanaele","status":"publish","type":"product","link":"https:\/\/www.3p-gmbh.de\/pl\/produkt\/dynatec-quattro-challenger-leimschmelze-mit-zwei-auftragsduesen-dy-2002-steuergeraet-fuer-8-kanaele\/","title":{"rendered":"Dynatec Quattro Challenger Leimschmelze mit zwei Auftragsd\u00fcsen Dy 2002 Steuerger\u00e4t f\u00fcr 8 Kan\u00e4le"},"content":{"rendered":"<p>f\u00fcr den pr\u00e4zisen Klebstoffauftrag in schnellaufenden Maschinen<br \/>\nkann 8 Kan\u00e4le ansteuern<br \/>\nund bis max. 4 Leimauftragventile versorgen<\/p>\n<ul>\n<li>1 Dynatec Quattro Challenger<\/li>\n<li>F\u00fcllmenge des Beh\u00e4lters 8,5 kg<\/li>\n<li>Betriebstemperatur 38 bis 218 \u00b0C<\/li>\n<li>Schmelzrate \/ Stunde 9 kg\/h<\/li>\n<li>Pumpmenge 871 g\/min<\/li>\n<li>Kompressionsraten Kolbenpumpe 14:1<\/li>\n<li>Schlauchausg\u00e4nge 4<\/li>\n<li>Temperatur Stabilit\u00e4t \u00b1 1 \u00b0C<\/li>\n<li>Maximaler Hydraulikdruck im Betrieb 7 bar &#8211; Kolben Pumpe<\/li>\n<li>Elektrische Versorgung 200 &#8211; 240 V<\/li>\n<li>1-3 Phasen 50\/60 Hz<\/li>\n<li>Elektrische Versorgung 380 V<\/li>\n<li>3 Phasen wye 50\/60 Hz<\/li>\n<li>Viskosit\u00e4t im Betrieb 500 bis 30.000 cps<\/li>\n<\/ul>\n<p>Der Dynatec Vorteil ITW Challenger\u00ae Quattro&#x2122; Schmelzger\u00e4t<br \/>\n-Flexible Temperatureinstellungen f\u00fcr verbesserte Klebstoffeigenschaften<br \/>\n-Sehr zuverl\u00e4ssige Kolbenpumpe<br \/>\n-Teflonbeschichteteter Tank erlaubt Bef\u00fcllung mit allen g\u00e4ngigen Hei\u00dfleim-Granulatformen wie Pellets, Kugeln sowie Bl\u00f6cken<\/p>\n<p>1 Dy 2002 Steuerger\u00e4t f\u00fcr 8 Kan\u00e4le<\/p>\n<p>2 Heizleitungen ca. 1,80 und zwei Auftragsd\u00fcsen auf Rollwagen<\/p>\n","protected":false},"excerpt":{"rendered":"<p>f\u00fcr den pr\u00e4zisen Klebstoffauftrag in schnellaufenden Maschinen kann 8 Kan\u00e4le ansteuern und bis max. 4 Leimauftragventile versorgen 1 Dynatec Quattro Challenger F\u00fcllmenge des Beh\u00e4lters 8,5 kg Betriebstemperatur 38 bis 218 \u00b0C Schmelzrate \/ Stunde 9 kg\/h Pumpmenge 871 g\/min Kompressionsraten Kolbenpumpe 14:1 Schlauchausg\u00e4nge 4 Temperatur Stabilit\u00e4t \u00b1 1 \u00b0C Maximaler Hydraulikdruck im Betrieb 7 bar [&hellip;]<\/p>\n","protected":false},"featured_media":14636,"template":"","meta":[],"product_brand":[],"product_cat":[87],"product_tag":[],"class_list":{"0":"post-14635","1":"product","2":"type-product","3":"status-publish","4":"has-post-thumbnail","6":"product_cat-sonstige-weiterverarbeitung","7":"pa_hersteller-dynatec","8":"pa_typ-quattro-challenger","10":"first","11":"instock","12":"taxable","13":"shipping-taxable","14":"purchasable","15":"product-type-simple"},"jetpack_sharing_enabled":true,"_links":{"self":[{"href":"https:\/\/www.3p-gmbh.de\/pl\/wp-json\/wp\/v2\/product\/14635","targetHints":{"allow":["GET"]}}],"collection":[{"href":"https:\/\/www.3p-gmbh.de\/pl\/wp-json\/wp\/v2\/product"}],"about":[{"href":"https:\/\/www.3p-gmbh.de\/pl\/wp-json\/wp\/v2\/types\/product"}],"wp:featuredmedia":[{"embeddable":true,"href":"https:\/\/www.3p-gmbh.de\/pl\/wp-json\/wp\/v2\/media\/14636"}],"wp:attachment":[{"href":"https:\/\/www.3p-gmbh.de\/pl\/wp-json\/wp\/v2\/media?parent=14635"}],"wp:term":[{"taxonomy":"product_brand","embeddable":true,"href":"https:\/\/www.3p-gmbh.de\/pl\/wp-json\/wp\/v2\/product_brand?post=14635"},{"taxonomy":"product_cat","embeddable":true,"href":"https:\/\/www.3p-gmbh.de\/pl\/wp-json\/wp\/v2\/product_cat?post=14635"},{"taxonomy":"product_tag","embeddable":true,"href":"https:\/\/www.3p-gmbh.de\/pl\/wp-json\/wp\/v2\/product_tag?post=14635"}],"curies":[{"name":"wp","href":"https:\/\/api.w.org\/{rel}","templated":true}]}}