{"id":13907,"date":"2019-10-29T12:07:48","date_gmt":"2019-10-29T12:07:48","guid":{"rendered":"http:\/\/www.3p-gmbh.de\/?post_type=product&#038;p=13907"},"modified":"2020-04-15T14:16:40","modified_gmt":"2020-04-15T14:16:40","slug":"schuettelautomat-baumann-bsb-3","status":"publish","type":"product","link":"https:\/\/www.3p-gmbh.de\/pl\/produkt\/schuettelautomat-baumann-bsb-3\/","title":{"rendered":"Sch\u00fcttelautomat Baumann BSB 3"},"content":{"rendered":"<p>Der Sch\u00fcttelautomaten besteht aus einem stabilen Grundgestell, in dem die Tischbewegung (auf\/ab) mit 2 S\u00e4ulen stabil gef\u00fchrt wird (es werden keine Seile verwendet). Der Sch\u00fctteltisch f\u00e4hrt motorisch in Schr\u00e4gstellung und auf Arbeitsh\u00f6he.<\/p>\n<p>Features<br \/>\n\u2022 Sch\u00fctteltisch als Lufttisch mit Edelstahloberfl\u00e4che<br \/>\n\u2022Manueller Seitenanschlag<br \/>\n\u2022Seitenklappe links<br \/>\n\u2022verstellbare Sch\u00fcttelintensit\u00e4t<\/p>\n","protected":false},"excerpt":{"rendered":"<p>Der Sch\u00fcttelautomaten besteht aus einem stabilen Grundgestell, in dem die Tischbewegung (auf\/ab) mit 2 S\u00e4ulen stabil gef\u00fchrt wird (es werden keine Seile verwendet). Der Sch\u00fctteltisch f\u00e4hrt motorisch in Schr\u00e4gstellung und auf Arbeitsh\u00f6he. Features \u2022 Sch\u00fctteltisch als Lufttisch mit Edelstahloberfl\u00e4che \u2022Manueller Seitenanschlag \u2022Seitenklappe links \u2022verstellbare Sch\u00fcttelintensit\u00e4t<\/p>\n","protected":false},"featured_media":13908,"template":"","meta":[],"product_brand":[],"product_cat":[1759],"product_tag":[],"class_list":{"0":"post-13907","1":"product","2":"type-product","3":"status-publish","4":"has-post-thumbnail","6":"product_cat-ruetteltische","7":"pa_hersteller-baumann","8":"pa_typ-bsb-3","10":"first","11":"instock","12":"taxable","13":"shipping-taxable","14":"purchasable","15":"product-type-simple"},"jetpack_sharing_enabled":true,"_links":{"self":[{"href":"https:\/\/www.3p-gmbh.de\/pl\/wp-json\/wp\/v2\/product\/13907","targetHints":{"allow":["GET"]}}],"collection":[{"href":"https:\/\/www.3p-gmbh.de\/pl\/wp-json\/wp\/v2\/product"}],"about":[{"href":"https:\/\/www.3p-gmbh.de\/pl\/wp-json\/wp\/v2\/types\/product"}],"wp:featuredmedia":[{"embeddable":true,"href":"https:\/\/www.3p-gmbh.de\/pl\/wp-json\/wp\/v2\/media\/13908"}],"wp:attachment":[{"href":"https:\/\/www.3p-gmbh.de\/pl\/wp-json\/wp\/v2\/media?parent=13907"}],"wp:term":[{"taxonomy":"product_brand","embeddable":true,"href":"https:\/\/www.3p-gmbh.de\/pl\/wp-json\/wp\/v2\/product_brand?post=13907"},{"taxonomy":"product_cat","embeddable":true,"href":"https:\/\/www.3p-gmbh.de\/pl\/wp-json\/wp\/v2\/product_cat?post=13907"},{"taxonomy":"product_tag","embeddable":true,"href":"https:\/\/www.3p-gmbh.de\/pl\/wp-json\/wp\/v2\/product_tag?post=13907"}],"curies":[{"name":"wp","href":"https:\/\/api.w.org\/{rel}","templated":true}]}}