{"id":13856,"date":"2019-10-29T10:59:50","date_gmt":"2019-10-29T10:59:50","guid":{"rendered":"http:\/\/www.3p-gmbh.de\/?post_type=product&#038;p=13856"},"modified":"2020-04-15T14:16:40","modified_gmt":"2020-04-15T14:16:40","slug":"creoscitex-eversmart-supreme-flachbettscanner","status":"publish","type":"product","link":"https:\/\/www.3p-gmbh.de\/pl\/produkt\/creoscitex-eversmart-supreme-flachbettscanner\/","title":{"rendered":"CreoScitex Eversmart Supreme Flachbettscanner"},"content":{"rendered":"<ul>\n<li>Aufl\u00f6sung 5.600 dpi<\/li>\n<li>optische Aufl\u00f6sung 14.000 dpi<\/li>\n<li>Densit\u00e4t 4.3<\/li>\n<li>SOOM-Technologie (Scan once, output many)<\/li>\n<li>XY-Stitch-Technologie<\/li>\n<li>max. Scanformat 305&#215;432 mm<\/li>\n<li>Farbtiefe 48 Bit<\/li>\n<li>mit Software Eversmart Scan Solution (Mac OS X)<\/li>\n<li>Anschlu\u00df \u00fcber FireWire Adapter<\/li>\n<\/ul>\n","protected":false},"excerpt":{"rendered":"<p>Aufl\u00f6sung 5.600 dpi optische Aufl\u00f6sung 14.000 dpi Densit\u00e4t 4.3 SOOM-Technologie (Scan once, output many) XY-Stitch-Technologie max. Scanformat 305&#215;432 mm Farbtiefe 48 Bit mit Software Eversmart Scan Solution (Mac OS X) Anschlu\u00df \u00fcber FireWire Adapter<\/p>\n","protected":false},"featured_media":13857,"template":"","meta":[],"product_brand":[],"product_cat":[1643],"product_tag":[],"class_list":{"0":"post-13856","1":"product","2":"type-product","3":"status-publish","4":"has-post-thumbnail","6":"product_cat-flachbettscanner","7":"pa_bezeichnung_typ-eversmart-supreme","8":"pa_hersteller-creo-scitex","10":"first","11":"instock","12":"taxable","13":"shipping-taxable","14":"purchasable","15":"product-type-simple"},"jetpack_sharing_enabled":true,"_links":{"self":[{"href":"https:\/\/www.3p-gmbh.de\/pl\/wp-json\/wp\/v2\/product\/13856","targetHints":{"allow":["GET"]}}],"collection":[{"href":"https:\/\/www.3p-gmbh.de\/pl\/wp-json\/wp\/v2\/product"}],"about":[{"href":"https:\/\/www.3p-gmbh.de\/pl\/wp-json\/wp\/v2\/types\/product"}],"wp:featuredmedia":[{"embeddable":true,"href":"https:\/\/www.3p-gmbh.de\/pl\/wp-json\/wp\/v2\/media\/13857"}],"wp:attachment":[{"href":"https:\/\/www.3p-gmbh.de\/pl\/wp-json\/wp\/v2\/media?parent=13856"}],"wp:term":[{"taxonomy":"product_brand","embeddable":true,"href":"https:\/\/www.3p-gmbh.de\/pl\/wp-json\/wp\/v2\/product_brand?post=13856"},{"taxonomy":"product_cat","embeddable":true,"href":"https:\/\/www.3p-gmbh.de\/pl\/wp-json\/wp\/v2\/product_cat?post=13856"},{"taxonomy":"product_tag","embeddable":true,"href":"https:\/\/www.3p-gmbh.de\/pl\/wp-json\/wp\/v2\/product_tag?post=13856"}],"curies":[{"name":"wp","href":"https:\/\/api.w.org\/{rel}","templated":true}]}}