{"id":12659,"date":"2019-10-14T10:12:13","date_gmt":"2019-10-14T10:12:13","guid":{"rendered":"http:\/\/www.3p-gmbh.de\/?post_type=product&#038;p=12659"},"modified":"2020-04-15T14:13:42","modified_gmt":"2020-04-15T14:13:42","slug":"renz-ecl-360-elektrische-schliessmaschine","status":"publish","type":"product","link":"https:\/\/www.3p-gmbh.de\/pl\/produkt\/renz-ecl-360-elektrische-schliessmaschine\/","title":{"rendered":"Renz ECL 360 elektrische Schlie\u00dfmaschine"},"content":{"rendered":"<ul>\n<li>f\u00fcr Drahtkammbindungen<\/li>\n<li>Arbeitsbreite bis 360 mm<\/li>\n<li>Sicherheitsvorrichtung gegen Verletzungen<\/li>\n<li>Zu verarbeitende Durchmesser: 3\/16\u201c &#8211; 1 1\/2\u201c<\/li>\n<li>Kein Werkzeugwechsel erforderlich<\/li>\n<li>Mechanische Schlie\u00dfleistung: 2.000 Takte\/h*<\/li>\n<li>Anschluss: 230\/ 50 Hz<\/li>\n<li>Gewicht: 38 kg<\/li>\n<\/ul>\n<p>Die tats\u00e4chliche Bindeleistung ist von mehreren Faktoren abh\u00e4ngig, die Wichtigsten sind: Block oder Kalenderbindung ( 2 Drahtelemente + Aufh\u00e4nger ) sowie die Geschicklichkeit der Bedienperson. Ihr Vorteil: Durch den Einsatz eines elektrischen Schlie\u00dfger\u00e4tes gew\u00e4hren Sie ein immer gleiches und perfektes Schlie\u00dfergebnis! Weiter haben Sie beide H\u00e4nde f\u00fcr die Fixierung des Bindegutes bei einer Schlie\u00dfmaschine der ECL-Baureihe zur Verf\u00fcgung (Schlie\u00dfmechanismus wird durch Fu\u00dfschalter ausgel\u00f6st) und die Handhabung wird dadurch sehr einfach.<\/p>\n","protected":false},"excerpt":{"rendered":"<p>f\u00fcr Drahtkammbindungen Arbeitsbreite bis 360 mm Sicherheitsvorrichtung gegen Verletzungen Zu verarbeitende Durchmesser: 3\/16\u201c &#8211; 1 1\/2\u201c Kein Werkzeugwechsel erforderlich Mechanische Schlie\u00dfleistung: 2.000 Takte\/h* Anschluss: 230\/ 50 Hz Gewicht: 38 kg Die tats\u00e4chliche Bindeleistung ist von mehreren Faktoren abh\u00e4ngig, die Wichtigsten sind: Block oder Kalenderbindung ( 2 Drahtelemente + Aufh\u00e4nger ) sowie die Geschicklichkeit der Bedienperson. [&hellip;]<\/p>\n","protected":false},"featured_media":12660,"template":"","meta":[],"product_brand":[],"product_cat":[87],"product_tag":[],"class_list":{"0":"post-12659","1":"product","2":"type-product","3":"status-publish","4":"has-post-thumbnail","6":"product_cat-sonstige-weiterverarbeitung","7":"pa_bezeichnung_typ-ecl-360","8":"pa_hersteller-chr-renz-heubach","10":"first","11":"instock","12":"taxable","13":"shipping-taxable","14":"purchasable","15":"product-type-simple"},"jetpack_sharing_enabled":true,"_links":{"self":[{"href":"https:\/\/www.3p-gmbh.de\/pl\/wp-json\/wp\/v2\/product\/12659","targetHints":{"allow":["GET"]}}],"collection":[{"href":"https:\/\/www.3p-gmbh.de\/pl\/wp-json\/wp\/v2\/product"}],"about":[{"href":"https:\/\/www.3p-gmbh.de\/pl\/wp-json\/wp\/v2\/types\/product"}],"wp:featuredmedia":[{"embeddable":true,"href":"https:\/\/www.3p-gmbh.de\/pl\/wp-json\/wp\/v2\/media\/12660"}],"wp:attachment":[{"href":"https:\/\/www.3p-gmbh.de\/pl\/wp-json\/wp\/v2\/media?parent=12659"}],"wp:term":[{"taxonomy":"product_brand","embeddable":true,"href":"https:\/\/www.3p-gmbh.de\/pl\/wp-json\/wp\/v2\/product_brand?post=12659"},{"taxonomy":"product_cat","embeddable":true,"href":"https:\/\/www.3p-gmbh.de\/pl\/wp-json\/wp\/v2\/product_cat?post=12659"},{"taxonomy":"product_tag","embeddable":true,"href":"https:\/\/www.3p-gmbh.de\/pl\/wp-json\/wp\/v2\/product_tag?post=12659"}],"curies":[{"name":"wp","href":"https:\/\/api.w.org\/{rel}","templated":true}]}}