{"id":125360,"date":"2026-04-20T12:29:53","date_gmt":"2026-04-20T12:29:53","guid":{"rendered":"https:\/\/www.3p-gmbh.de\/?post_type=product&#038;p=125360"},"modified":"2026-04-20T12:29:53","modified_gmt":"2026-04-20T12:29:53","slug":"haubenschrumpfer-torre-minipack-modell-minimini-folien-einschweissgeraet","status":"publish","type":"product","link":"https:\/\/www.3p-gmbh.de\/pl\/produkt\/haubenschrumpfer-torre-minipack-modell-minimini-folien-einschweissgeraet\/","title":{"rendered":"Haubenschrumpfer Torre MiniPack Modell MiniMini &#8211; Folien-Einschwei\u00dfger\u00e4t"},"content":{"rendered":"<p>Haubenschrumpfer Torre MiniPack Modell MiniMini &#8211; Folien-Einschwei\u00dfger\u00e4t<\/p>\n","protected":false},"excerpt":{"rendered":"<p>Haubenschrumpfer Torre MiniPack Modell MiniMini &#8211; Folien-Einschwei\u00dfger\u00e4t<\/p>\n","protected":false},"featured_media":125361,"template":"","meta":[],"product_brand":[],"product_cat":[1458],"product_tag":[],"class_list":{"0":"post-125360","1":"product","2":"type-product","3":"status-publish","4":"has-post-thumbnail","6":"product_cat-sonstige-maschinen-und-anlagen","7":"pa_bezeichnung_typ-minimini","8":"pa_hersteller-torre-minipack","10":"first","11":"instock","12":"taxable","13":"shipping-taxable","14":"product-type-simple"},"jetpack_sharing_enabled":true,"_links":{"self":[{"href":"https:\/\/www.3p-gmbh.de\/pl\/wp-json\/wp\/v2\/product\/125360","targetHints":{"allow":["GET"]}}],"collection":[{"href":"https:\/\/www.3p-gmbh.de\/pl\/wp-json\/wp\/v2\/product"}],"about":[{"href":"https:\/\/www.3p-gmbh.de\/pl\/wp-json\/wp\/v2\/types\/product"}],"wp:featuredmedia":[{"embeddable":true,"href":"https:\/\/www.3p-gmbh.de\/pl\/wp-json\/wp\/v2\/media\/125361"}],"wp:attachment":[{"href":"https:\/\/www.3p-gmbh.de\/pl\/wp-json\/wp\/v2\/media?parent=125360"}],"wp:term":[{"taxonomy":"product_brand","embeddable":true,"href":"https:\/\/www.3p-gmbh.de\/pl\/wp-json\/wp\/v2\/product_brand?post=125360"},{"taxonomy":"product_cat","embeddable":true,"href":"https:\/\/www.3p-gmbh.de\/pl\/wp-json\/wp\/v2\/product_cat?post=125360"},{"taxonomy":"product_tag","embeddable":true,"href":"https:\/\/www.3p-gmbh.de\/pl\/wp-json\/wp\/v2\/product_tag?post=125360"}],"curies":[{"name":"wp","href":"https:\/\/api.w.org\/{rel}","templated":true}]}}