{"id":125047,"date":"2026-02-09T08:29:42","date_gmt":"2026-02-09T08:29:42","guid":{"rendered":"https:\/\/www.3p-gmbh.de\/?post_type=product&#038;p=125047"},"modified":"2026-02-09T08:29:43","modified_gmt":"2026-02-09T08:29:43","slug":"schnur-fuer-den-umschlagstransport","status":"publish","type":"product","link":"https:\/\/www.3p-gmbh.de\/pl\/produkt\/schnur-fuer-den-umschlagstransport\/","title":{"rendered":"Schnur f\u00fcr den Umschlagstransport"},"content":{"rendered":"<p>Schnur f\u00fcr den Umschlagsport passend zu Umschlaganleger f\u00fcr Sammelhefter M\u00fcller Martini 235 und 335<br \/>\nUmschlanganleger 1528 und 1529<br \/>\n(das Holz ist f\u00fcr den Versand, die blauen Schn\u00fcre sind das Produkt)<\/p>\n","protected":false},"excerpt":{"rendered":"<p>Schnur f\u00fcr den Umschlagsport passend zu Umschlaganleger f\u00fcr Sammelhefter M\u00fcller Martini 235 und 335 Umschlanganleger 1528 und 1529 (das Holz ist f\u00fcr den Versand, die blauen Schn\u00fcre sind das Produkt)<\/p>\n","protected":false},"featured_media":125048,"template":"","meta":[],"product_brand":[],"product_cat":[86],"product_tag":[],"class_list":{"0":"post-125047","1":"product","2":"type-product","3":"status-publish","4":"has-post-thumbnail","6":"product_cat-sammelhefter","8":"first","9":"instock","10":"taxable","11":"shipping-taxable","12":"product-type-simple"},"jetpack_sharing_enabled":true,"_links":{"self":[{"href":"https:\/\/www.3p-gmbh.de\/pl\/wp-json\/wp\/v2\/product\/125047","targetHints":{"allow":["GET"]}}],"collection":[{"href":"https:\/\/www.3p-gmbh.de\/pl\/wp-json\/wp\/v2\/product"}],"about":[{"href":"https:\/\/www.3p-gmbh.de\/pl\/wp-json\/wp\/v2\/types\/product"}],"wp:featuredmedia":[{"embeddable":true,"href":"https:\/\/www.3p-gmbh.de\/pl\/wp-json\/wp\/v2\/media\/125048"}],"wp:attachment":[{"href":"https:\/\/www.3p-gmbh.de\/pl\/wp-json\/wp\/v2\/media?parent=125047"}],"wp:term":[{"taxonomy":"product_brand","embeddable":true,"href":"https:\/\/www.3p-gmbh.de\/pl\/wp-json\/wp\/v2\/product_brand?post=125047"},{"taxonomy":"product_cat","embeddable":true,"href":"https:\/\/www.3p-gmbh.de\/pl\/wp-json\/wp\/v2\/product_cat?post=125047"},{"taxonomy":"product_tag","embeddable":true,"href":"https:\/\/www.3p-gmbh.de\/pl\/wp-json\/wp\/v2\/product_tag?post=125047"}],"curies":[{"name":"wp","href":"https:\/\/api.w.org\/{rel}","templated":true}]}}