{"id":124749,"date":"2026-01-27T10:28:42","date_gmt":"2026-01-27T10:28:42","guid":{"rendered":"https:\/\/www.3p-gmbh.de\/?post_type=product&#038;p=124749"},"modified":"2026-01-27T11:20:38","modified_gmt":"2026-01-27T11:20:38","slug":"trocken-klammern-fuer-schmedt-praecoll-lumbeck-faecherklebegeraet","status":"publish","type":"product","link":"https:\/\/www.3p-gmbh.de\/pl\/produkt\/trocken-klammern-fuer-schmedt-praecoll-lumbeck-faecherklebegeraet\/","title":{"rendered":"Trocken &#8211; Klammern f\u00fcr Schmedt Pr\u00e4Coll   Lumbeck &#8211; F\u00e4cherklebeger\u00e4t"},"content":{"rendered":"<p>Trocken &#8211; Klammern f\u00fcr Schmedt Pr\u00e4Coll Lumbeck &#8211; F\u00e4cherklebeger\u00e4t<\/p>\n","protected":false},"excerpt":{"rendered":"<p>Trocken &#8211; Klammern f\u00fcr Schmedt Pr\u00e4Coll Lumbeck &#8211; F\u00e4cherklebeger\u00e4t<\/p>\n","protected":false},"featured_media":124750,"template":"","meta":[],"product_brand":[],"product_cat":[4056,1764],"product_tag":[],"class_list":{"0":"post-124749","1":"product","2":"type-product","3":"status-publish","4":"has-post-thumbnail","6":"product_cat-buchbinderei","7":"product_cat-sortimentsbuchbinderei","9":"first","10":"instock","11":"taxable","12":"shipping-taxable","13":"product-type-simple"},"jetpack_sharing_enabled":true,"_links":{"self":[{"href":"https:\/\/www.3p-gmbh.de\/pl\/wp-json\/wp\/v2\/product\/124749","targetHints":{"allow":["GET"]}}],"collection":[{"href":"https:\/\/www.3p-gmbh.de\/pl\/wp-json\/wp\/v2\/product"}],"about":[{"href":"https:\/\/www.3p-gmbh.de\/pl\/wp-json\/wp\/v2\/types\/product"}],"wp:featuredmedia":[{"embeddable":true,"href":"https:\/\/www.3p-gmbh.de\/pl\/wp-json\/wp\/v2\/media\/124750"}],"wp:attachment":[{"href":"https:\/\/www.3p-gmbh.de\/pl\/wp-json\/wp\/v2\/media?parent=124749"}],"wp:term":[{"taxonomy":"product_brand","embeddable":true,"href":"https:\/\/www.3p-gmbh.de\/pl\/wp-json\/wp\/v2\/product_brand?post=124749"},{"taxonomy":"product_cat","embeddable":true,"href":"https:\/\/www.3p-gmbh.de\/pl\/wp-json\/wp\/v2\/product_cat?post=124749"},{"taxonomy":"product_tag","embeddable":true,"href":"https:\/\/www.3p-gmbh.de\/pl\/wp-json\/wp\/v2\/product_tag?post=124749"}],"curies":[{"name":"wp","href":"https:\/\/api.w.org\/{rel}","templated":true}]}}