{"id":124376,"date":"2025-02-17T10:52:12","date_gmt":"2025-02-17T10:52:12","guid":{"rendered":"https:\/\/www.3p-gmbh.de\/produkt\/5-maszyn-do-wiazania-tasma-pp-gerd-mosca-ro-m-fusion-i-mosca-ro-mp-k\/"},"modified":"2025-02-17T10:52:12","modified_gmt":"2025-02-17T10:52:12","slug":"5-maszyn-do-wiazania-tasma-pp-gerd-mosca-ro-m-fusion-i-mosca-ro-mp-k","status":"publish","type":"product","link":"https:\/\/www.3p-gmbh.de\/pl\/produkt\/5-maszyn-do-wiazania-tasma-pp-gerd-mosca-ro-m-fusion-i-mosca-ro-mp-k\/","title":{"rendered":"5 maszyn do wi\u0105zania ta\u015bm\u0105 PP Gerd Mosca RO-M Fusion i Mosca RO-MP-K"},"content":{"rendered":"<p><span style=\"color: #0000ff;\"><strong>5 maszyn do wi\u0105zania ta\u015bm\u0105 PP Gerd Mosca RO-M Fusion i Mosca RO-MP-K<\/strong><\/span><\/p>\n<div>Mosca RO-M Fusion z 2011 r.<\/div>\n<div>Mosca RO-M Fusion z 2012 r.<\/div>\n<div>Mosca RO-M Fusion od 2016 r.<\/div>\n<div>Mosca RO-M Fusion od 2021 r.<\/div>\n<div>Mosca RO-MP-K z 2011 r.<\/div>\n","protected":false},"excerpt":{"rendered":"<p>5 maszyn do wi\u0105zania ta\u015bm\u0105 PP Gerd Mosca RO-M Fusion i Mosca RO-MP-K Mosca RO-M Fusion z 2011 r. Mosca RO-M Fusion z 2012 r. Mosca RO-M Fusion od 2016 r. Mosca RO-M Fusion od 2021 r. Mosca RO-MP-K z 2011 r.<\/p>\n","protected":false},"featured_media":122881,"template":"","meta":[],"product_brand":[],"product_cat":[3737],"product_tag":[],"class_list":{"0":"post-124376","1":"product","2":"type-product","3":"status-publish","4":"has-post-thumbnail","6":"product_cat-maszyny-do-spinania","7":"pa_hersteller-mosca","9":"first","10":"instock","11":"taxable","12":"shipping-taxable","13":"product-type-simple"},"jetpack_sharing_enabled":true,"_links":{"self":[{"href":"https:\/\/www.3p-gmbh.de\/pl\/wp-json\/wp\/v2\/product\/124376","targetHints":{"allow":["GET"]}}],"collection":[{"href":"https:\/\/www.3p-gmbh.de\/pl\/wp-json\/wp\/v2\/product"}],"about":[{"href":"https:\/\/www.3p-gmbh.de\/pl\/wp-json\/wp\/v2\/types\/product"}],"wp:featuredmedia":[{"embeddable":true,"href":"https:\/\/www.3p-gmbh.de\/pl\/wp-json\/wp\/v2\/media\/122881"}],"wp:attachment":[{"href":"https:\/\/www.3p-gmbh.de\/pl\/wp-json\/wp\/v2\/media?parent=124376"}],"wp:term":[{"taxonomy":"product_brand","embeddable":true,"href":"https:\/\/www.3p-gmbh.de\/pl\/wp-json\/wp\/v2\/product_brand?post=124376"},{"taxonomy":"product_cat","embeddable":true,"href":"https:\/\/www.3p-gmbh.de\/pl\/wp-json\/wp\/v2\/product_cat?post=124376"},{"taxonomy":"product_tag","embeddable":true,"href":"https:\/\/www.3p-gmbh.de\/pl\/wp-json\/wp\/v2\/product_tag?post=124376"}],"curies":[{"name":"wp","href":"https:\/\/api.w.org\/{rel}","templated":true}]}}