{"id":124294,"date":"2025-03-10T08:28:22","date_gmt":"2025-03-10T08:28:22","guid":{"rendered":"https:\/\/www.3p-gmbh.de\/produkt\/mega-stalowy-stolik-oswietleniowy-barent\/"},"modified":"2025-03-10T08:28:22","modified_gmt":"2025-03-10T08:28:22","slug":"mega-stalowy-stolik-oswietleniowy-barent","status":"publish","type":"product","link":"https:\/\/www.3p-gmbh.de\/pl\/produkt\/mega-stalowy-stolik-oswietleniowy-barent\/","title":{"rendered":"Mega stalowy stolik o\u015bwietleniowy Barent"},"content":{"rendered":"<p><strong><span style=\"color: #0000ff;\">Mega stalowy st\u00f3\u0142 o\u015bwietleniowy Barent<\/span><\/strong><\/p>\n<p>Wymiary u\u017cytkowe 64&#215;90<\/p>\n<p>Regulacja nachylenia<\/p>\n<p>z linijk\u0105<\/p>\n","protected":false},"excerpt":{"rendered":"<p>Mega stalowy st\u00f3\u0142 o\u015bwietleniowy Barent Wymiary u\u017cytkowe 64&#215;90 Regulacja nachylenia z linijk\u0105<\/p>\n","protected":false},"featured_media":124065,"template":"","meta":[],"product_brand":[],"product_cat":[3877,3878,3876],"product_tag":[],"class_list":{"0":"post-124294","1":"product","2":"type-product","3":"status-publish","4":"has-post-thumbnail","6":"product_cat-inna-obrobka-papieru","7":"product_cat-inne-dalsze-przetwarzanie","8":"product_cat-inne-maszyny-i-systemy","10":"first","11":"instock","12":"taxable","13":"shipping-taxable","14":"product-type-simple"},"jetpack_sharing_enabled":true,"_links":{"self":[{"href":"https:\/\/www.3p-gmbh.de\/pl\/wp-json\/wp\/v2\/product\/124294","targetHints":{"allow":["GET"]}}],"collection":[{"href":"https:\/\/www.3p-gmbh.de\/pl\/wp-json\/wp\/v2\/product"}],"about":[{"href":"https:\/\/www.3p-gmbh.de\/pl\/wp-json\/wp\/v2\/types\/product"}],"wp:featuredmedia":[{"embeddable":true,"href":"https:\/\/www.3p-gmbh.de\/pl\/wp-json\/wp\/v2\/media\/124065"}],"wp:attachment":[{"href":"https:\/\/www.3p-gmbh.de\/pl\/wp-json\/wp\/v2\/media?parent=124294"}],"wp:term":[{"taxonomy":"product_brand","embeddable":true,"href":"https:\/\/www.3p-gmbh.de\/pl\/wp-json\/wp\/v2\/product_brand?post=124294"},{"taxonomy":"product_cat","embeddable":true,"href":"https:\/\/www.3p-gmbh.de\/pl\/wp-json\/wp\/v2\/product_cat?post=124294"},{"taxonomy":"product_tag","embeddable":true,"href":"https:\/\/www.3p-gmbh.de\/pl\/wp-json\/wp\/v2\/product_tag?post=124294"}],"curies":[{"name":"wp","href":"https:\/\/api.w.org\/{rel}","templated":true}]}}