{"id":124278,"date":"2025-03-10T10:35:37","date_gmt":"2025-03-10T10:35:37","guid":{"rendered":"https:\/\/www.3p-gmbh.de\/produkt\/kombinacja-urzadzen-nyloprint-basf-flint-model-cartomac-eko-35-z-tuba-uv-ay-315\/"},"modified":"2025-03-10T10:35:37","modified_gmt":"2025-03-10T10:35:37","slug":"kombinacja-urzadzen-nyloprint-basf-flint-model-cartomac-eko-35-z-tuba-uv-ay-315","status":"publish","type":"product","link":"https:\/\/www.3p-gmbh.de\/pl\/produkt\/kombinacja-urzadzen-nyloprint-basf-flint-model-cartomac-eko-35-z-tuba-uv-ay-315\/","title":{"rendered":"Kombinacja urz\u0105dze\u0144 Nyloprint BASF\/Flint model Cartomac Eko 35 z tub\u0105 UV AY 315"},"content":{"rendered":"<div><span style=\"font-family: Arial;\"><span style=\"color: #0000ff;\"><strong>Kombinacja urz\u0105dze\u0144 Nyloprint BASF\/Flint model Cartomac Eko 35 z tub\u0105 UV AY 315<br \/>\n<\/strong><\/span><\/span><\/div>\n<div><span style=\"font-family: Arial;\">&#8211; z p\u0142ask\u0105 podk\u0142adk\u0105<br \/>\n&#8211; z regulacj\u0105 temperatury wody w zakresie 20-40\u00b0C,<br \/>\n&#8211; myjka oscylacyjna z p\u0142ytk\u0105 magnetyczn\u0105 do klisz ze stalowym podk\u0142adem<br \/>\n&#8211; system przep\u0142ywu wody<\/span><\/div>\n<div><\/div>\n<div><span style=\"color: #0000ff; font-family: Arial;\"><strong>2 szuflady suszarki<\/strong><\/span><\/div>\n<div><\/div>\n<div><span style=\"color: #0000ff; font-family: Arial;\"><strong>Tubeetter UV AY 315<\/strong><\/span><\/div>\n","protected":false},"excerpt":{"rendered":"<p>Kombinacja urz\u0105dze\u0144 Nyloprint BASF\/Flint model Cartomac Eko 35 z tub\u0105 UV AY 315 &#8211; z p\u0142ask\u0105 podk\u0142adk\u0105 &#8211; z regulacj\u0105 temperatury wody w zakresie 20-40\u00b0C, &#8211; myjka oscylacyjna z p\u0142ytk\u0105 magnetyczn\u0105 do klisz ze stalowym podk\u0142adem &#8211; system przep\u0142ywu wody 2 szuflady suszarki Tubeetter UV AY 315<\/p>\n","protected":false},"featured_media":124147,"template":"","meta":[],"product_brand":[],"product_cat":[3878,3876],"product_tag":[],"class_list":{"0":"post-124278","1":"product","2":"type-product","3":"status-publish","4":"has-post-thumbnail","6":"product_cat-inne-dalsze-przetwarzanie","7":"product_cat-inne-maszyny-i-systemy","9":"first","10":"instock","11":"taxable","12":"shipping-taxable","13":"product-type-simple"},"jetpack_sharing_enabled":true,"_links":{"self":[{"href":"https:\/\/www.3p-gmbh.de\/pl\/wp-json\/wp\/v2\/product\/124278","targetHints":{"allow":["GET"]}}],"collection":[{"href":"https:\/\/www.3p-gmbh.de\/pl\/wp-json\/wp\/v2\/product"}],"about":[{"href":"https:\/\/www.3p-gmbh.de\/pl\/wp-json\/wp\/v2\/types\/product"}],"wp:featuredmedia":[{"embeddable":true,"href":"https:\/\/www.3p-gmbh.de\/pl\/wp-json\/wp\/v2\/media\/124147"}],"wp:attachment":[{"href":"https:\/\/www.3p-gmbh.de\/pl\/wp-json\/wp\/v2\/media?parent=124278"}],"wp:term":[{"taxonomy":"product_brand","embeddable":true,"href":"https:\/\/www.3p-gmbh.de\/pl\/wp-json\/wp\/v2\/product_brand?post=124278"},{"taxonomy":"product_cat","embeddable":true,"href":"https:\/\/www.3p-gmbh.de\/pl\/wp-json\/wp\/v2\/product_cat?post=124278"},{"taxonomy":"product_tag","embeddable":true,"href":"https:\/\/www.3p-gmbh.de\/pl\/wp-json\/wp\/v2\/product_tag?post=124278"}],"curies":[{"name":"wp","href":"https:\/\/api.w.org\/{rel}","templated":true}]}}