{"id":124263,"date":"2025-03-10T09:14:23","date_gmt":"2025-03-10T09:14:23","guid":{"rendered":"https:\/\/www.3p-gmbh.de\/produkt\/agre-boss-7002-d-model-mke-601-d\/"},"modified":"2025-03-10T09:14:23","modified_gmt":"2025-03-10T09:14:23","slug":"agre-boss-7002-d-model-mke-601-d","status":"publish","type":"product","link":"https:\/\/www.3p-gmbh.de\/pl\/produkt\/agre-boss-7002-d-model-mke-601-d\/","title":{"rendered":"AGRE BOSS 7002 D Model MKE 601 D"},"content":{"rendered":"<p><strong><span style=\"color: #0000ff;\">AGRE BOSS 7002 D Model MKE 601 D<\/span><\/strong><\/p>\n<p><span style=\"color: #0000ff;\"><strong>&#8211; Jak nowy od roku 2020 <\/strong><\/span><\/p>\n<p>Dane techniczne:<br \/>\nDwucylindrowa spr\u0119\u017carka t\u0142okowa z nap\u0119dem bezpo\u015brednim, jednostopniowa, smarowana olejem i ch\u0142odzona powietrzem.<br \/>\nNap\u0119d bezpo\u015bredni, kompaktowa konstrukcja, maksymalna niezawodno\u015b\u0107 dzia\u0142ania i wysoka sprawno\u015b\u0107<br \/>\nNiskie pr\u0119dko\u015bci obrotowe zapewniaj\u0105 d\u0142ug\u0105 \u017cywotno\u015b\u0107 wszystkich podzespo\u0142\u00f3w<br \/>\n\u0141o\u017cyska korbowodu i sworznia t\u0142okowego wykonane jako \u0142o\u017cyska \u015blizgowe oraz mocno u\u017cebrowane g\u0142owice cylindr\u00f3w ze stopu aluminium zapewniaj\u0105 wydajne spr\u0119\u017canie i d\u0142ug\u0105 \u017cywotno\u015b\u0107<br \/>\nSkuteczna ch\u0142odnica ko\u0144cowa zapewnia nisk\u0105 temperatur\u0119 wylotow\u0105 spr\u0119\u017conego powietrza<br \/>\nWysokiej jako\u015bci filtr wlotowy<\/p>\n<p>Zalety produktu:<br \/>\nmobilna w pe\u0142ni automatyczna praca dzi\u0119ki wy\u0142\u0105cznikowi ci\u015bnieniowemu i zaworowi nadmiarowemu<br \/>\nZbiornik spr\u0119\u017conego powietrza z zaworem bezpiecze\u0144stwa, manometrem i zaworem kondensatu<br \/>\nZesp\u00f3\u0142 monta\u017cowy z wysokiej jako\u015bci filtrem regulatorem i manometrem<br \/>\nTermiczne zabezpieczenie silnika przed przeci\u0105\u017ceniem<br \/>\nProfesjonalne stalowe szybkoz\u0142\u0105cze AGRE<br \/>\nJednostka z nap\u0119dem bezpo\u015brednim<br \/>\nWy\u0142\u0105cznik ci\u015bnieniowy Condor<br \/>\nDwucylindrowy, wyj\u0105tkowo cicha praca<br \/>\nStopie\u0144 ochrony silnika IP 54 (standard przemys\u0142owy)<br \/>\nDu\u017cy wentylator ko\u0142a zamachowego zapewniaj\u0105cy optymalne ch\u0142odzenie<br \/>\nKo\u0142a z pe\u0142nej gumy u\u0142atwiaj\u0105ce transport<\/p>\n<p>Zbudowany zgodnie z wytycznymi CE<br \/>\nKompletny sprz\u0119t z kablem po\u0142\u0105czeniowym i wtyczk\u0105<\/p>\n<p>Dane techniczne:<br \/>\nObj\u0119to\u015b\u0107 podnoszenia 600 l\/min<br \/>\nU\u017cytkowy przep\u0142yw obj\u0119to\u015bciowy (obj\u0119to\u015b\u0107 t\u0142oczenia) 410 l\/min, przy 8 bar(g)<br \/>\nMaksymalne nadci\u015bnienie 10 bar<br \/>\nSilnik elektryczny pr\u0105d tr\u00f3jfazowy 3 kW, 400\/230Y\u0394~3 \/50 V \/ Hz<br \/>\nPr\u0119dko\u015b\u0107 1450 min\u00b9<br \/>\nPojemno\u015b\u0107 zbiornika 90 litr\u00f3w<br \/>\nD\u0142. x szer. x wys. 125 x 59 x 92 cm<br \/>\nWaga 94 kg<br \/>\nPoziom ha\u0142asu wg DIN 45635 T13, odleg\u0142o\u015b\u0107 4 m 67 dB(A)<\/p>\n<p>&nbsp;<\/p>\n","protected":false},"excerpt":{"rendered":"<p>AGRE BOSS 7002 D Model MKE 601 D &#8211; Jak nowy od roku 2020 Dane techniczne: Dwucylindrowa spr\u0119\u017carka t\u0142okowa z nap\u0119dem bezpo\u015brednim, jednostopniowa, smarowana olejem i ch\u0142odzona powietrzem. Nap\u0119d bezpo\u015bredni, kompaktowa konstrukcja, maksymalna niezawodno\u015b\u0107 dzia\u0142ania i wysoka sprawno\u015b\u0107 Niskie pr\u0119dko\u015bci obrotowe zapewniaj\u0105 d\u0142ug\u0105 \u017cywotno\u015b\u0107 wszystkich podzespo\u0142\u00f3w \u0141o\u017cyska korbowodu i sworznia t\u0142okowego wykonane jako \u0142o\u017cyska \u015blizgowe [&hellip;]<\/p>\n","protected":false},"featured_media":124081,"template":"","meta":[],"product_brand":[],"product_cat":[3689],"product_tag":[],"class_list":{"0":"post-124263","1":"product","2":"type-product","3":"status-publish","4":"has-post-thumbnail","6":"product_cat-sprezarki-i-pompy-prozniowe","8":"first","9":"instock","10":"taxable","11":"shipping-taxable","12":"product-type-simple"},"jetpack_sharing_enabled":true,"_links":{"self":[{"href":"https:\/\/www.3p-gmbh.de\/pl\/wp-json\/wp\/v2\/product\/124263","targetHints":{"allow":["GET"]}}],"collection":[{"href":"https:\/\/www.3p-gmbh.de\/pl\/wp-json\/wp\/v2\/product"}],"about":[{"href":"https:\/\/www.3p-gmbh.de\/pl\/wp-json\/wp\/v2\/types\/product"}],"wp:featuredmedia":[{"embeddable":true,"href":"https:\/\/www.3p-gmbh.de\/pl\/wp-json\/wp\/v2\/media\/124081"}],"wp:attachment":[{"href":"https:\/\/www.3p-gmbh.de\/pl\/wp-json\/wp\/v2\/media?parent=124263"}],"wp:term":[{"taxonomy":"product_brand","embeddable":true,"href":"https:\/\/www.3p-gmbh.de\/pl\/wp-json\/wp\/v2\/product_brand?post=124263"},{"taxonomy":"product_cat","embeddable":true,"href":"https:\/\/www.3p-gmbh.de\/pl\/wp-json\/wp\/v2\/product_cat?post=124263"},{"taxonomy":"product_tag","embeddable":true,"href":"https:\/\/www.3p-gmbh.de\/pl\/wp-json\/wp\/v2\/product_tag?post=124263"}],"curies":[{"name":"wp","href":"https:\/\/api.w.org\/{rel}","templated":true}]}}