{"id":123884,"date":"2025-02-24T10:37:19","date_gmt":"2025-02-24T10:37:19","guid":{"rendered":"https:\/\/www.3p-gmbh.de\/produkt\/16-stronicowa-w-pelni-automatyczna-regulowana-skladarka-kombinowana-heidelberg-stahlfolder-ch-56-6-kt-ffh-auto-z-dostawa-sak-56\/"},"modified":"2025-02-24T14:08:08","modified_gmt":"2025-02-24T14:08:08","slug":"16-stronicowa-w-pelni-automatyczna-regulowana-skladarka-kombinowana-heidelberg-stahlfolder-ch-56-6-kt-ffh-auto-z-dostawa-sak-56","status":"publish","type":"product","link":"https:\/\/www.3p-gmbh.de\/pl\/produkt\/16-stronicowa-w-pelni-automatyczna-regulowana-skladarka-kombinowana-heidelberg-stahlfolder-ch-56-6-kt-ffh-auto-z-dostawa-sak-56\/","title":{"rendered":"16-stronicowa, w pe\u0142ni automatyczna, regulowana sk\u0142adarka kombinowana Heidelberg Stahlfolder CH 56-6-KT-FFH Auto z dostaw\u0105 SAK 56"},"content":{"rendered":"<div><\/div>\n<div><span style=\"color: #0000ff;\"><strong>16-stronicowa <span style=\"color: #ff0000;\">w pe\u0142ni automatyczna, regulowana<\/span> sk\u0142adarka kombinowana Heidelberg Stahlfolder CH 56-6-KT-FFH Auto z dostaw\u0105 SAK 56<br \/>\n<\/strong><\/span><span style=\"color: #0000ff;\"><strong>Rok budowy 2017<\/strong><\/span><\/div>\n<div>Format maks. 560&#215;900 mm<br \/>\nFormat min. 140&#215;180 mm<br \/>\nGramatura papieru (g\/m\u00b2) 40 &#8211; 250<br \/>\nMaks. Wysoko\u015b\u0107 sztaplowania 80 cm<br \/>\nMaks. D\u0142ugo\u015b\u0107 po z\u0142o\u017ceniu 58 cm Torba 1<br \/>\nMin. D\u0142ugo\u015b\u0107 po z\u0142o\u017ceniu 6 cm<br \/>\nMaks. Pr\u0119dko\u015b\u0107 (m\/min.) 200<br \/>\nMin. Pr\u0119dko\u015b\u0107 (m\/min.) 25<br \/>\n\u015arednica rolek sk\u0142adaj\u0105cych (mm) 44<\/div>\n<div>Ci\u015bnieniowa pompa pr\u00f3\u017cniowa<br \/>\nPodajnik p\u0142aski z Tremat i MCT z wy\u015bwietlaczem dotykowym<br \/>\nSze\u015b\u0107 p\u0142yt klamrowych o szeroko\u015bci podawania 56 cm<br \/>\nMiecz<br \/>\nPozioma p\u0142yta klamrowa<\/div>\n<div>\n<p>Centreboard<\/p>\n<p>przeno\u015bnik ta\u015bmowy SAK 56<br \/>\nz MCT<\/p>\n<\/div>\n<div><\/div>\n<div>Pneumatyczna klamra sk\u0142adana z jednostk\u0105 steruj\u0105c\u0105 ACC 2.4<\/div>\n","protected":false},"excerpt":{"rendered":"<p>16-stronicowa w pe\u0142ni automatyczna, regulowana sk\u0142adarka kombinowana Heidelberg Stahlfolder CH 56-6-KT-FFH Auto z dostaw\u0105 SAK 56 Rok budowy 2017 Format maks. 560&#215;900 mm Format min. 140&#215;180 mm Gramatura papieru (g\/m\u00b2) 40 &#8211; 250 Maks. Wysoko\u015b\u0107 sztaplowania 80 cm Maks. D\u0142ugo\u015b\u0107 po z\u0142o\u017ceniu 58 cm Torba 1 Min. D\u0142ugo\u015b\u0107 po z\u0142o\u017ceniu 6 cm Maks. Pr\u0119dko\u015b\u0107 (m\/min.) [&hellip;]<\/p>\n","protected":false},"featured_media":123809,"template":"","meta":[],"product_brand":[],"product_cat":[3684],"product_tag":[],"class_list":{"0":"post-123884","1":"product","2":"type-product","3":"status-publish","4":"has-post-thumbnail","6":"product_cat-maszyny-skladane","7":"pa_baujahr-711","8":"pa_bezeichnung_typ-ch-56-6-kt-ffh","9":"pa_hersteller-heidelberg","11":"first","12":"instock","13":"taxable","14":"shipping-taxable","15":"product-type-simple"},"jetpack_sharing_enabled":true,"_links":{"self":[{"href":"https:\/\/www.3p-gmbh.de\/pl\/wp-json\/wp\/v2\/product\/123884","targetHints":{"allow":["GET"]}}],"collection":[{"href":"https:\/\/www.3p-gmbh.de\/pl\/wp-json\/wp\/v2\/product"}],"about":[{"href":"https:\/\/www.3p-gmbh.de\/pl\/wp-json\/wp\/v2\/types\/product"}],"wp:featuredmedia":[{"embeddable":true,"href":"https:\/\/www.3p-gmbh.de\/pl\/wp-json\/wp\/v2\/media\/123809"}],"wp:attachment":[{"href":"https:\/\/www.3p-gmbh.de\/pl\/wp-json\/wp\/v2\/media?parent=123884"}],"wp:term":[{"taxonomy":"product_brand","embeddable":true,"href":"https:\/\/www.3p-gmbh.de\/pl\/wp-json\/wp\/v2\/product_brand?post=123884"},{"taxonomy":"product_cat","embeddable":true,"href":"https:\/\/www.3p-gmbh.de\/pl\/wp-json\/wp\/v2\/product_cat?post=123884"},{"taxonomy":"product_tag","embeddable":true,"href":"https:\/\/www.3p-gmbh.de\/pl\/wp-json\/wp\/v2\/product_tag?post=123884"}],"curies":[{"name":"wp","href":"https:\/\/api.w.org\/{rel}","templated":true}]}}