{"id":123861,"date":"2025-02-24T10:48:11","date_gmt":"2025-02-24T10:48:11","guid":{"rendered":"https:\/\/www.3p-gmbh.de\/produkt\/16-stronicowy-w-pelni-zautomatyzowany-regulowany-bucklefolder-heidelberg-stahlfolder-th-66-6-4-pfh-z-tasma-dociskowa-stahlfolder-sph-70\/"},"modified":"2025-02-24T10:48:11","modified_gmt":"2025-02-24T10:48:11","slug":"16-stronicowy-w-pelni-zautomatyzowany-regulowany-bucklefolder-heidelberg-stahlfolder-th-66-6-4-pfh-z-tasma-dociskowa-stahlfolder-sph-70","status":"publish","type":"product","link":"https:\/\/www.3p-gmbh.de\/pl\/produkt\/16-stronicowy-w-pelni-zautomatyzowany-regulowany-bucklefolder-heidelberg-stahlfolder-th-66-6-4-pfh-z-tasma-dociskowa-stahlfolder-sph-70\/","title":{"rendered":"16-stronicowy, w pe\u0142ni zautomatyzowany, regulowany Bucklefolder Heidelberg Stahlfolder TH 66-6-4-PFH z ta\u015bm\u0105 dociskow\u0105 Stahlfolder SPH-70"},"content":{"rendered":"<div><span style=\"color: #0000ff;\"><strong>16-stronicowa, w pe\u0142ni zautomatyzowana, regulowana sk\u0142adarka klamrowa Heidelberg Stahlfolder TH 66-6-4-PFH z ta\u015bm\u0105 dociskow\u0105 Stahlfolder SPH-70<\/strong><\/span><br \/>\nRok 2008<\/div>\n<div>ma\u0142o u\u017cywany<br \/>\nMaks. rozmiar arkusza, szeroko\u015b\u0107 \u00d7 d\u0142ugo\u015b\u0107 (cm): 66\u00d790<br \/>\nMin. rozmiar arkusza, szeroko\u015b\u0107\u00d7d\u0142ugo\u015b\u0107 (cm): 14\u00d718<br \/>\nGramatura papieru (g\/m2): 40-250Specyfikacja<br \/>\nPodajnik palet<br \/>\nSystem sterowania MCT: panel sterowania z wy\u015bwietlaczem lub ekranem dotykowym <\/p>\n<p>1. jednostka sk\u0142adaj\u0105ca 66-6 wlot 66 cm<br \/>\nLiczba p\u0142yt klamrowych: 6<br \/>\nautomatyczna regulacja rolek i kieszeni<\/p>\n<p>2st Jednostka sk\u0142adaj\u0105ca 66-6 wej\u015bcie 66cms<br \/>\nLiczba p\u0142yt klamrowych: 4<br \/>\nautomatyczna regulacja rolek i kieszeni<\/p>\n<\/div>\n<div><strong><span style=\"color: #0000ff;\">Dostawa mobilnej prasy ta\u015bmowej Heidelberg Stahlfolder SPH-70<\/span><\/strong><\/div>\n<div>System sterowania MCT<\/div>\n<div>\n<p>Dobry stan techniczny<br \/>\nMo\u017cliwo\u015b\u0107 przetestowania<br \/>\nZa\u0142\u0105czone zdj\u0119cia<br \/>\nDost\u0119pno\u015b\u0107 Natychmiastowa Lokalizacja Niemcy<\/p>\n<\/div>\n","protected":false},"excerpt":{"rendered":"<p>16-stronicowa, w pe\u0142ni zautomatyzowana, regulowana sk\u0142adarka klamrowa Heidelberg Stahlfolder TH 66-6-4-PFH z ta\u015bm\u0105 dociskow\u0105 Stahlfolder SPH-70 Rok 2008 ma\u0142o u\u017cywany Maks. rozmiar arkusza, szeroko\u015b\u0107 \u00d7 d\u0142ugo\u015b\u0107 (cm): 66\u00d790 Min. rozmiar arkusza, szeroko\u015b\u0107\u00d7d\u0142ugo\u015b\u0107 (cm): 14\u00d718 Gramatura papieru (g\/m2): 40-250Specyfikacja Podajnik palet System sterowania MCT: panel sterowania z wy\u015bwietlaczem lub ekranem dotykowym 1. jednostka sk\u0142adaj\u0105ca 66-6 wlot [&hellip;]<\/p>\n","protected":false},"featured_media":123855,"template":"","meta":[],"product_brand":[],"product_cat":[3834,3684],"product_tag":[],"class_list":{"0":"post-123861","1":"product","2":"type-product","3":"status-publish","4":"has-post-thumbnail","6":"product_cat-maszyny-skladane-pl","7":"product_cat-maszyny-skladane","8":"pa_baujahr-711","9":"pa_bezeichnung_typ-stahlfolder-th-56","10":"pa_hersteller-heidelberg","12":"first","13":"instock","14":"taxable","15":"shipping-taxable","16":"product-type-simple"},"jetpack_sharing_enabled":true,"_links":{"self":[{"href":"https:\/\/www.3p-gmbh.de\/pl\/wp-json\/wp\/v2\/product\/123861","targetHints":{"allow":["GET"]}}],"collection":[{"href":"https:\/\/www.3p-gmbh.de\/pl\/wp-json\/wp\/v2\/product"}],"about":[{"href":"https:\/\/www.3p-gmbh.de\/pl\/wp-json\/wp\/v2\/types\/product"}],"wp:featuredmedia":[{"embeddable":true,"href":"https:\/\/www.3p-gmbh.de\/pl\/wp-json\/wp\/v2\/media\/123855"}],"wp:attachment":[{"href":"https:\/\/www.3p-gmbh.de\/pl\/wp-json\/wp\/v2\/media?parent=123861"}],"wp:term":[{"taxonomy":"product_brand","embeddable":true,"href":"https:\/\/www.3p-gmbh.de\/pl\/wp-json\/wp\/v2\/product_brand?post=123861"},{"taxonomy":"product_cat","embeddable":true,"href":"https:\/\/www.3p-gmbh.de\/pl\/wp-json\/wp\/v2\/product_cat?post=123861"},{"taxonomy":"product_tag","embeddable":true,"href":"https:\/\/www.3p-gmbh.de\/pl\/wp-json\/wp\/v2\/product_tag?post=123861"}],"curies":[{"name":"wp","href":"https:\/\/api.w.org\/{rel}","templated":true}]}}