{"id":115701,"date":"2022-07-10T21:08:14","date_gmt":"2022-07-10T21:08:14","guid":{"rendered":"https:\/\/www.3p-gmbh.de\/produkt\/werner-achilles-sondermaschinenbau-automatyczny-mobilny-podajnik-papieru-kartonu-maly-format-do-50x60-cm\/"},"modified":"2022-07-10T21:08:14","modified_gmt":"2022-07-10T21:08:14","slug":"werner-achilles-sondermaschinenbau-automatyczny-mobilny-podajnik-papieru-kartonu-maly-format-do-50x60-cm","status":"publish","type":"product","link":"https:\/\/www.3p-gmbh.de\/pl\/produkt\/werner-achilles-sondermaschinenbau-automatyczny-mobilny-podajnik-papieru-kartonu-maly-format-do-50x60-cm\/","title":{"rendered":"Werner Achilles Sondermaschinenbau &#8211; automatyczny mobilny podajnik papieru \/ kartonu &#8211; ma\u0142y format do 50&#215;60 cm"},"content":{"rendered":"<p><strong>Specjalna konstrukcja maszyny na bazie podajnika KM 500<\/strong><br \/>\n<strong>Automatyczny mobilny podajnik papieru \/ kartonu &#8211; ma\u0142y format<\/strong><br \/>\n<strong>Rok budowy 2017<\/strong><\/p>\n<p>Szeroko\u015b\u0107 robocza maks. 50&#215;60 cm<br \/>\nSzeroko\u015b\u0107 robocza min. 13&#215;32 cm<br \/>\nPodajnik z p\u0142askim stosem Wysoko\u015b\u0107 uk\u0142adania ok. 70 cm<\/p>\n<p>Karton na zdj\u0119ciu ma grubo\u015b\u0107 2,2 mm.<br \/>\nPrzy maks. Format 50&#215;60 cm powinien zatem wynosi\u0107 600 g\/m\u00b2.<br \/>\nnie b\u0119dzie problemem&#8230;.<\/p>\n<p>Remont mechaniczny i elektryczny, system sterowania zbudowany we w\u0142asnym zakresie z komponent\u00f3w firmy Siemens<br \/>\nNowa pompa pr\u00f3\u017cniowa, nowe bariery \u015bwietlne,<br \/>\nNowe przeno\u015bniki ta\u015bmowe etc&#8230;.<\/p>\n<p>Brak oznakowania CE!<\/p>\n","protected":false},"excerpt":{"rendered":"<p>Specjalna konstrukcja maszyny na bazie podajnika KM 500 Automatyczny mobilny podajnik papieru \/ kartonu &#8211; ma\u0142y format Rok budowy 2017 Szeroko\u015b\u0107 robocza maks. 50&#215;60 cm Szeroko\u015b\u0107 robocza min. 13&#215;32 cm Podajnik z p\u0142askim stosem Wysoko\u015b\u0107 uk\u0142adania ok. 70 cm Karton na zdj\u0119ciu ma grubo\u015b\u0107 2,2 mm. Przy maks. Format 50&#215;60 cm powinien zatem wynosi\u0107 600 [&hellip;]<\/p>\n","protected":false},"featured_media":115707,"template":"","meta":[],"product_brand":[],"product_cat":[3682],"product_tag":[],"class_list":{"0":"post-115701","1":"product","2":"type-product","3":"status-publish","4":"has-post-thumbnail","6":"product_cat-inwestor","7":"pa_hersteller-werner-achilles","9":"first","10":"instock","11":"taxable","12":"shipping-taxable","13":"product-type-simple"},"jetpack_sharing_enabled":true,"_links":{"self":[{"href":"https:\/\/www.3p-gmbh.de\/pl\/wp-json\/wp\/v2\/product\/115701","targetHints":{"allow":["GET"]}}],"collection":[{"href":"https:\/\/www.3p-gmbh.de\/pl\/wp-json\/wp\/v2\/product"}],"about":[{"href":"https:\/\/www.3p-gmbh.de\/pl\/wp-json\/wp\/v2\/types\/product"}],"wp:featuredmedia":[{"embeddable":true,"href":"https:\/\/www.3p-gmbh.de\/pl\/wp-json\/wp\/v2\/media\/115707"}],"wp:attachment":[{"href":"https:\/\/www.3p-gmbh.de\/pl\/wp-json\/wp\/v2\/media?parent=115701"}],"wp:term":[{"taxonomy":"product_brand","embeddable":true,"href":"https:\/\/www.3p-gmbh.de\/pl\/wp-json\/wp\/v2\/product_brand?post=115701"},{"taxonomy":"product_cat","embeddable":true,"href":"https:\/\/www.3p-gmbh.de\/pl\/wp-json\/wp\/v2\/product_cat?post=115701"},{"taxonomy":"product_tag","embeddable":true,"href":"https:\/\/www.3p-gmbh.de\/pl\/wp-json\/wp\/v2\/product_tag?post=115701"}],"curies":[{"name":"wp","href":"https:\/\/api.w.org\/{rel}","templated":true}]}}