{"id":115699,"date":"2022-05-28T16:48:06","date_gmt":"2022-05-28T16:48:06","guid":{"rendered":"https:\/\/www.3p-gmbh.de\/produkt\/magazyn-materialow-niebezpiecznych-stacja-materialow-niebezpiecznych-ocynkowana-ogniowo-stw-2vb\/"},"modified":"2022-05-28T16:48:06","modified_gmt":"2022-05-28T16:48:06","slug":"magazyn-materialow-niebezpiecznych-stacja-materialow-niebezpiecznych-ocynkowana-ogniowo-stw-2vb","status":"publish","type":"product","link":"https:\/\/www.3p-gmbh.de\/pl\/produkt\/magazyn-materialow-niebezpiecznych-stacja-materialow-niebezpiecznych-ocynkowana-ogniowo-stw-2vb\/","title":{"rendered":"Magazyn materia\u0142\u00f3w niebezpiecznych &#8211; Stacja materia\u0142\u00f3w niebezpiecznych, ocynkowana ogniowo STW-2VB"},"content":{"rendered":"<p><strong>Magazyn materia\u0142\u00f3w niebezpiecznych &#8211; Stacja materia\u0142\u00f3w niebezpiecznych, ocynkowana ogniowo STW-2VB<\/strong><\/p>\n<p>Przechowywanie zgodnie z ustaw\u0105 o zasobach wodnych (WHG) Zezwolenie na przechowywanie \u0142atwopalnych cieczy.<br \/>\nZamkni\u0119te panele boczne i tylne (pe\u0142na blacha).<br \/>\nMo\u017cna uk\u0142ada\u0107 w stosy po 3 sztuki.<br \/>\nNo\u015bno\u015b\u0107: 850 kg\/m\u00b2<\/p>\n<p>Wymiary HxWxD 1440x1390x905<br \/>\nPojemno\u015b\u0107 b\u0119bna 2&#215;200 litr\u00f3w<br \/>\nPojemno\u015b\u0107 zbiornika 225 litr\u00f3w<br \/>\nWaga 150<br \/>\nUd\u017awig 1000 kg<\/p>\n","protected":false},"excerpt":{"rendered":"<p>Magazyn materia\u0142\u00f3w niebezpiecznych &#8211; Stacja materia\u0142\u00f3w niebezpiecznych, ocynkowana ogniowo STW-2VB Przechowywanie zgodnie z ustaw\u0105 o zasobach wodnych (WHG) Zezwolenie na przechowywanie \u0142atwopalnych cieczy. Zamkni\u0119te panele boczne i tylne (pe\u0142na blacha). Mo\u017cna uk\u0142ada\u0107 w stosy po 3 sztuki. No\u015bno\u015b\u0107: 850 kg\/m\u00b2 Wymiary HxWxD 1440x1390x905 Pojemno\u015b\u0107 b\u0119bna 2&#215;200 litr\u00f3w Pojemno\u015b\u0107 zbiornika 225 litr\u00f3w Waga 150 Ud\u017awig 1000 [&hellip;]<\/p>\n","protected":false},"featured_media":115702,"template":"","meta":[],"product_brand":[],"product_cat":[3714],"product_tag":[],"class_list":{"0":"post-115699","1":"product","2":"type-product","3":"status-publish","4":"has-post-thumbnail","6":"product_cat-technologia-przechowywania","7":"pa_typ-stw-2vb","9":"first","10":"instock","11":"taxable","12":"shipping-taxable","13":"product-type-simple"},"jetpack_sharing_enabled":true,"_links":{"self":[{"href":"https:\/\/www.3p-gmbh.de\/pl\/wp-json\/wp\/v2\/product\/115699","targetHints":{"allow":["GET"]}}],"collection":[{"href":"https:\/\/www.3p-gmbh.de\/pl\/wp-json\/wp\/v2\/product"}],"about":[{"href":"https:\/\/www.3p-gmbh.de\/pl\/wp-json\/wp\/v2\/types\/product"}],"wp:featuredmedia":[{"embeddable":true,"href":"https:\/\/www.3p-gmbh.de\/pl\/wp-json\/wp\/v2\/media\/115702"}],"wp:attachment":[{"href":"https:\/\/www.3p-gmbh.de\/pl\/wp-json\/wp\/v2\/media?parent=115699"}],"wp:term":[{"taxonomy":"product_brand","embeddable":true,"href":"https:\/\/www.3p-gmbh.de\/pl\/wp-json\/wp\/v2\/product_brand?post=115699"},{"taxonomy":"product_cat","embeddable":true,"href":"https:\/\/www.3p-gmbh.de\/pl\/wp-json\/wp\/v2\/product_cat?post=115699"},{"taxonomy":"product_tag","embeddable":true,"href":"https:\/\/www.3p-gmbh.de\/pl\/wp-json\/wp\/v2\/product_tag?post=115699"}],"curies":[{"name":"wp","href":"https:\/\/api.w.org\/{rel}","templated":true}]}}