{"id":115682,"date":"2022-08-02T13:19:58","date_gmt":"2022-08-02T13:19:58","guid":{"rendered":"https:\/\/www.3p-gmbh.de\/produkt\/automatyczna-linia-do-wiercenia-w-papierze-duerselen-corta-pb-09-f\/"},"modified":"2022-08-02T13:19:58","modified_gmt":"2022-08-02T13:19:58","slug":"automatyczna-linia-do-wiercenia-w-papierze-duerselen-corta-pb-09-f","status":"publish","type":"product","link":"https:\/\/www.3p-gmbh.de\/pl\/produkt\/automatyczna-linia-do-wiercenia-w-papierze-duerselen-corta-pb-09-f\/","title":{"rendered":"automatyczna linia do wiercenia w papierze D\u00fcrselen Corta PB 09 F"},"content":{"rendered":"<p><strong>automatyczna linia do wiercenia w papierze D\u00fcrselen Corta PB 09 F<\/strong><br \/>\n<strong>od 2005 r.<\/strong><\/p>\n<p>z p\u0142askim wahaczem i 4 g\u0142owicami wierc\u0105cymi<\/p>\n<p><a href=\"https:\/\/www.3p-gmbh.de\/wp-content\/uploads\/2022\/08\/Prospekt_Duerselen_PB09Flach.pdf\">Brochure_Duerselen_PB09+Flat<\/a><\/p>\n","protected":false},"excerpt":{"rendered":"<p>automatyczna linia do wiercenia w papierze D\u00fcrselen Corta PB 09 F od 2005 r. z p\u0142askim wahaczem i 4 g\u0142owicami wierc\u0105cymi Brochure_Duerselen_PB09+Flat<\/p>\n","protected":false},"featured_media":115690,"template":"","meta":[],"product_brand":[],"product_cat":[4011],"product_tag":[],"class_list":{"0":"post-115682","1":"product","2":"type-product","3":"status-publish","4":"has-post-thumbnail","6":"product_cat-wiertarki-do-papieru","7":"pa_hersteller-duerselen-2","8":"pa_typ-corta-pb-09-f","10":"first","11":"instock","12":"taxable","13":"shipping-taxable","14":"product-type-simple"},"jetpack_sharing_enabled":true,"_links":{"self":[{"href":"https:\/\/www.3p-gmbh.de\/pl\/wp-json\/wp\/v2\/product\/115682","targetHints":{"allow":["GET"]}}],"collection":[{"href":"https:\/\/www.3p-gmbh.de\/pl\/wp-json\/wp\/v2\/product"}],"about":[{"href":"https:\/\/www.3p-gmbh.de\/pl\/wp-json\/wp\/v2\/types\/product"}],"wp:featuredmedia":[{"embeddable":true,"href":"https:\/\/www.3p-gmbh.de\/pl\/wp-json\/wp\/v2\/media\/115690"}],"wp:attachment":[{"href":"https:\/\/www.3p-gmbh.de\/pl\/wp-json\/wp\/v2\/media?parent=115682"}],"wp:term":[{"taxonomy":"product_brand","embeddable":true,"href":"https:\/\/www.3p-gmbh.de\/pl\/wp-json\/wp\/v2\/product_brand?post=115682"},{"taxonomy":"product_cat","embeddable":true,"href":"https:\/\/www.3p-gmbh.de\/pl\/wp-json\/wp\/v2\/product_cat?post=115682"},{"taxonomy":"product_tag","embeddable":true,"href":"https:\/\/www.3p-gmbh.de\/pl\/wp-json\/wp\/v2\/product_tag?post=115682"}],"curies":[{"name":"wp","href":"https:\/\/api.w.org\/{rel}","templated":true}]}}