{"id":115659,"date":"2022-07-10T21:14:08","date_gmt":"2022-07-10T21:14:08","guid":{"rendered":"https:\/\/www.3p-gmbh.de\/produkt\/stol-z-tasma-ssaca-microjet-do-adresowania\/"},"modified":"2022-07-10T21:14:08","modified_gmt":"2022-07-10T21:14:08","slug":"stol-z-tasma-ssaca-microjet-do-adresowania","status":"publish","type":"product","link":"https:\/\/www.3p-gmbh.de\/pl\/produkt\/stol-z-tasma-ssaca-microjet-do-adresowania\/","title":{"rendered":"St\u00f3\u0142 z ta\u015bm\u0105 ss\u0105c\u0105 Microjet do adresowania"},"content":{"rendered":"<p><strong>St\u00f3\u0142 z ta\u015bm\u0105 ss\u0105c\u0105 Microjet z regulacj\u0105 wysoko\u015bci i cz\u0119stotliwo\u015bci\u0105<br \/>\n<\/strong><br \/>\ndo adresowania<br \/>\nD\u0142ugo\u015b\u0107 ok. 1600 m<br \/>\nSzeroko\u015b\u0107 wlotu ok. 85 cm<\/p>\n","protected":false},"excerpt":{"rendered":"<p>St\u00f3\u0142 z ta\u015bm\u0105 ss\u0105c\u0105 Microjet z regulacj\u0105 wysoko\u015bci i cz\u0119stotliwo\u015bci\u0105 do adresowania D\u0142ugo\u015b\u0107 ok. 1600 m Szeroko\u015b\u0107 wlotu ok. 85 cm<\/p>\n","protected":false},"featured_media":115680,"template":"","meta":[],"product_brand":[],"product_cat":[3867,4015],"product_tag":[],"class_list":{"0":"post-115659","1":"product","2":"type-product","3":"status-publish","4":"has-post-thumbnail","6":"product_cat-technologia-przenosnikow","7":"product_cat-zalaczniki-do-maili","8":"pa_hersteller-microjet-systems","10":"first","11":"instock","12":"taxable","13":"shipping-taxable","14":"product-type-simple"},"jetpack_sharing_enabled":true,"_links":{"self":[{"href":"https:\/\/www.3p-gmbh.de\/pl\/wp-json\/wp\/v2\/product\/115659","targetHints":{"allow":["GET"]}}],"collection":[{"href":"https:\/\/www.3p-gmbh.de\/pl\/wp-json\/wp\/v2\/product"}],"about":[{"href":"https:\/\/www.3p-gmbh.de\/pl\/wp-json\/wp\/v2\/types\/product"}],"wp:featuredmedia":[{"embeddable":true,"href":"https:\/\/www.3p-gmbh.de\/pl\/wp-json\/wp\/v2\/media\/115680"}],"wp:attachment":[{"href":"https:\/\/www.3p-gmbh.de\/pl\/wp-json\/wp\/v2\/media?parent=115659"}],"wp:term":[{"taxonomy":"product_brand","embeddable":true,"href":"https:\/\/www.3p-gmbh.de\/pl\/wp-json\/wp\/v2\/product_brand?post=115659"},{"taxonomy":"product_cat","embeddable":true,"href":"https:\/\/www.3p-gmbh.de\/pl\/wp-json\/wp\/v2\/product_cat?post=115659"},{"taxonomy":"product_tag","embeddable":true,"href":"https:\/\/www.3p-gmbh.de\/pl\/wp-json\/wp\/v2\/product_tag?post=115659"}],"curies":[{"name":"wp","href":"https:\/\/api.w.org\/{rel}","templated":true}]}}