{"id":115658,"date":"2022-06-15T18:55:26","date_gmt":"2022-06-15T18:55:26","guid":{"rendered":"https:\/\/www.3p-gmbh.de\/produkt\/maszyna-specjalna-dwuwalcowa-maszyna-klejaca-sumbel-herold-1200-z-transportem-tasmowym\/"},"modified":"2022-06-15T18:55:26","modified_gmt":"2022-06-15T18:55:26","slug":"maszyna-specjalna-dwuwalcowa-maszyna-klejaca-sumbel-herold-1200-z-transportem-tasmowym","status":"publish","type":"product","link":"https:\/\/www.3p-gmbh.de\/pl\/produkt\/maszyna-specjalna-dwuwalcowa-maszyna-klejaca-sumbel-herold-1200-z-transportem-tasmowym\/","title":{"rendered":"Maszyna specjalna Dwuwalcowa maszyna klej\u0105ca Sumbel Herold 1200 z transportem ta\u015bmowym"},"content":{"rendered":"<p><strong>Maszyna specjalna Dwuwalcowa maszyna klej\u0105ca Sumbel Herold 1200 z transportem ta\u015bmowym<\/strong><\/p>\n<p>Szeroko\u015b\u0107 robocza 1200 mm<br \/>\n8 Pule zimnego kleju<br \/>\n8 kr\u0105\u017ck\u00f3w kleju o grubo\u015bci ok. 6 mm<br \/>\nPrzeno\u015bnik ta\u015bmowy do transportu materia\u0142u do r\u0119cznego sto\u0142u roboczego<\/p>\n","protected":false},"excerpt":{"rendered":"<p>Maszyna specjalna Dwuwalcowa maszyna klej\u0105ca Sumbel Herold 1200 z transportem ta\u015bmowym Szeroko\u015b\u0107 robocza 1200 mm 8 Pule zimnego kleju 8 kr\u0105\u017ck\u00f3w kleju o grubo\u015bci ok. 6 mm Przeno\u015bnik ta\u015bmowy do transportu materia\u0142u do r\u0119cznego sto\u0142u roboczego<\/p>\n","protected":false},"featured_media":115665,"template":"","meta":[],"product_brand":[],"product_cat":[3879],"product_tag":[],"class_list":{"0":"post-115658","1":"product","2":"type-product","3":"status-publish","4":"has-post-thumbnail","6":"product_cat-introligatorstwo-asortymentowe","7":"pa_hersteller-sumbel-herold","8":"pa_typ-1898","10":"first","11":"instock","12":"taxable","13":"shipping-taxable","14":"product-type-simple"},"jetpack_sharing_enabled":true,"_links":{"self":[{"href":"https:\/\/www.3p-gmbh.de\/pl\/wp-json\/wp\/v2\/product\/115658","targetHints":{"allow":["GET"]}}],"collection":[{"href":"https:\/\/www.3p-gmbh.de\/pl\/wp-json\/wp\/v2\/product"}],"about":[{"href":"https:\/\/www.3p-gmbh.de\/pl\/wp-json\/wp\/v2\/types\/product"}],"wp:featuredmedia":[{"embeddable":true,"href":"https:\/\/www.3p-gmbh.de\/pl\/wp-json\/wp\/v2\/media\/115665"}],"wp:attachment":[{"href":"https:\/\/www.3p-gmbh.de\/pl\/wp-json\/wp\/v2\/media?parent=115658"}],"wp:term":[{"taxonomy":"product_brand","embeddable":true,"href":"https:\/\/www.3p-gmbh.de\/pl\/wp-json\/wp\/v2\/product_brand?post=115658"},{"taxonomy":"product_cat","embeddable":true,"href":"https:\/\/www.3p-gmbh.de\/pl\/wp-json\/wp\/v2\/product_cat?post=115658"},{"taxonomy":"product_tag","embeddable":true,"href":"https:\/\/www.3p-gmbh.de\/pl\/wp-json\/wp\/v2\/product_tag?post=115658"}],"curies":[{"name":"wp","href":"https:\/\/api.w.org\/{rel}","templated":true}]}}