{"id":115631,"date":"2022-05-28T20:56:09","date_gmt":"2022-05-28T20:56:09","guid":{"rendered":"https:\/\/www.3p-gmbh.de\/produkt\/podwojne-nozyce-do-ciecia-rowkow-kanalow-cito-i-gnu\/"},"modified":"2022-05-28T20:56:09","modified_gmt":"2022-05-28T20:56:09","slug":"podwojne-nozyce-do-ciecia-rowkow-kanalow-cito-i-gnu","status":"publish","type":"product","link":"https:\/\/www.3p-gmbh.de\/pl\/produkt\/podwojne-nozyce-do-ciecia-rowkow-kanalow-cito-i-gnu\/","title":{"rendered":"Podw\u00f3jne no\u017cyce do ci\u0119cia rowk\u00f3w kana\u0142\u00f3w Cito i GNU"},"content":{"rendered":"<p><strong>Podw\u00f3jne no\u017cyce do ci\u0119cia rowk\u00f3w kana\u0142\u00f3w Cito i GNU<br \/>\n<\/strong><br \/>\ndo wydajnego ci\u0119cia wyst\u0119p\u00f3w i prostoliniowego ci\u0119cia linii do 40 x 1,42 mm w konstrukcjach stalowych.<\/p>\n<p>No\u017cyce tn\u0105 2 noski jednocze\u015bnie, a linia jest utrzymywana w miejscu podczas procesu ci\u0119cia przez automatyczne urz\u0105dzenie przytrzymuj\u0105ce bez zniekszta\u0142ce\u0144.<br \/>\nLinka jest ci\u0119ta sto\u017ckowo za pomoc\u0105 odpowiednio oszlifowanych no\u017cy; gwarantuje to dobre dopasowanie punkt\u00f3w po\u0142\u0105czenia.<br \/>\nD\u017awignia prze\u0142\u0105czaj\u0105ca zapewnia dobre przenoszenie mocy; precyzyjna regulacja umo\u017cliwia precyzyjne ci\u0119cie na d\u0142ugo\u015b\u0107.<\/p>\n","protected":false},"excerpt":{"rendered":"<p>Podw\u00f3jne no\u017cyce do ci\u0119cia rowk\u00f3w kana\u0142\u00f3w Cito i GNU do wydajnego ci\u0119cia wyst\u0119p\u00f3w i prostoliniowego ci\u0119cia linii do 40 x 1,42 mm w konstrukcjach stalowych. No\u017cyce tn\u0105 2 noski jednocze\u015bnie, a linia jest utrzymywana w miejscu podczas procesu ci\u0119cia przez automatyczne urz\u0105dzenie przytrzymuj\u0105ce bez zniekszta\u0142ce\u0144. Linka jest ci\u0119ta sto\u017ckowo za pomoc\u0105 odpowiednio oszlifowanych no\u017cy; gwarantuje [&hellip;]<\/p>\n","protected":false},"featured_media":115634,"template":"","meta":[],"product_brand":[],"product_cat":[3650],"product_tag":[],"class_list":{"0":"post-115631","1":"product","2":"type-product","3":"status-publish","4":"has-post-thumbnail","6":"product_cat-typografia","8":"first","9":"instock","10":"taxable","11":"shipping-taxable","12":"product-type-simple"},"jetpack_sharing_enabled":true,"_links":{"self":[{"href":"https:\/\/www.3p-gmbh.de\/pl\/wp-json\/wp\/v2\/product\/115631","targetHints":{"allow":["GET"]}}],"collection":[{"href":"https:\/\/www.3p-gmbh.de\/pl\/wp-json\/wp\/v2\/product"}],"about":[{"href":"https:\/\/www.3p-gmbh.de\/pl\/wp-json\/wp\/v2\/types\/product"}],"wp:featuredmedia":[{"embeddable":true,"href":"https:\/\/www.3p-gmbh.de\/pl\/wp-json\/wp\/v2\/media\/115634"}],"wp:attachment":[{"href":"https:\/\/www.3p-gmbh.de\/pl\/wp-json\/wp\/v2\/media?parent=115631"}],"wp:term":[{"taxonomy":"product_brand","embeddable":true,"href":"https:\/\/www.3p-gmbh.de\/pl\/wp-json\/wp\/v2\/product_brand?post=115631"},{"taxonomy":"product_cat","embeddable":true,"href":"https:\/\/www.3p-gmbh.de\/pl\/wp-json\/wp\/v2\/product_cat?post=115631"},{"taxonomy":"product_tag","embeddable":true,"href":"https:\/\/www.3p-gmbh.de\/pl\/wp-json\/wp\/v2\/product_tag?post=115631"}],"curies":[{"name":"wp","href":"https:\/\/api.w.org\/{rel}","templated":true}]}}