{"id":115629,"date":"2022-06-21T19:43:41","date_gmt":"2022-06-21T19:43:41","guid":{"rendered":"https:\/\/www.3p-gmbh.de\/produkt\/mettler-toledo-dufk-600-waga-arkuszowa-ze-skala-referencyjna\/"},"modified":"2022-06-21T19:43:41","modified_gmt":"2022-06-21T19:43:41","slug":"mettler-toledo-dufk-600-waga-arkuszowa-ze-skala-referencyjna","status":"publish","type":"product","link":"https:\/\/www.3p-gmbh.de\/pl\/produkt\/mettler-toledo-dufk-600-waga-arkuszowa-ze-skala-referencyjna\/","title":{"rendered":"Mettler Toledo DUFK 600 Waga arkuszowa ze skal\u0105 referencyjn\u0105"},"content":{"rendered":"<p><strong>Mettler Toledo DUFK 600 Waga arkuszowa ze skal\u0105 referencyjn\u0105<\/strong><br \/>\n<strong>Skala licz\u0105ca dla rozmiaru platformy odpowiednia dla wibrator\u00f3w Polar Mohr RA-2 lub Polar RA-4 lub innych marek<\/strong><br \/>\nod Bj. 2017<\/p>\n<p>do tworzenia pozycji ci\u0119cia z dok\u0142adnymi ilo\u015bciami<\/p>\n","protected":false},"excerpt":{"rendered":"<p>Mettler Toledo DUFK 600 Waga arkuszowa ze skal\u0105 referencyjn\u0105 Skala licz\u0105ca dla rozmiaru platformy odpowiednia dla wibrator\u00f3w Polar Mohr RA-2 lub Polar RA-4 lub innych marek od Bj. 2017 do tworzenia pozycji ci\u0119cia z dok\u0142adnymi ilo\u015bciami<\/p>\n","protected":false},"featured_media":115637,"template":"","meta":[],"product_brand":[],"product_cat":[3719,3723],"product_tag":[],"class_list":{"0":"post-115629","1":"product","2":"type-product","3":"status-publish","4":"has-post-thumbnail","6":"product_cat-akcesoria","7":"product_cat-maszyny-do-ciecia","8":"pa_hersteller-mettler-toledo","9":"pa_typ-dufk-600","11":"first","12":"instock","13":"taxable","14":"shipping-taxable","15":"product-type-simple"},"jetpack_sharing_enabled":true,"_links":{"self":[{"href":"https:\/\/www.3p-gmbh.de\/pl\/wp-json\/wp\/v2\/product\/115629","targetHints":{"allow":["GET"]}}],"collection":[{"href":"https:\/\/www.3p-gmbh.de\/pl\/wp-json\/wp\/v2\/product"}],"about":[{"href":"https:\/\/www.3p-gmbh.de\/pl\/wp-json\/wp\/v2\/types\/product"}],"wp:featuredmedia":[{"embeddable":true,"href":"https:\/\/www.3p-gmbh.de\/pl\/wp-json\/wp\/v2\/media\/115637"}],"wp:attachment":[{"href":"https:\/\/www.3p-gmbh.de\/pl\/wp-json\/wp\/v2\/media?parent=115629"}],"wp:term":[{"taxonomy":"product_brand","embeddable":true,"href":"https:\/\/www.3p-gmbh.de\/pl\/wp-json\/wp\/v2\/product_brand?post=115629"},{"taxonomy":"product_cat","embeddable":true,"href":"https:\/\/www.3p-gmbh.de\/pl\/wp-json\/wp\/v2\/product_cat?post=115629"},{"taxonomy":"product_tag","embeddable":true,"href":"https:\/\/www.3p-gmbh.de\/pl\/wp-json\/wp\/v2\/product_tag?post=115629"}],"curies":[{"name":"wp","href":"https:\/\/api.w.org\/{rel}","templated":true}]}}