{"id":115628,"date":"2022-08-02T13:51:38","date_gmt":"2022-08-02T13:51:38","guid":{"rendered":"https:\/\/www.3p-gmbh.de\/produkt\/2-mobilna-skladana-jednostka-stahlfolder-buh-66-4\/"},"modified":"2022-08-02T13:51:38","modified_gmt":"2022-08-02T13:51:38","slug":"2-mobilna-skladana-jednostka-stahlfolder-buh-66-4","status":"publish","type":"product","link":"https:\/\/www.3p-gmbh.de\/pl\/produkt\/2-mobilna-skladana-jednostka-stahlfolder-buh-66-4\/","title":{"rendered":"2. mobilna sk\u0142adana jednostka Stahlfolder BUH 66-4"},"content":{"rendered":"<p><strong>2. mobilna sk\u0142adana jednostka Stahlfolder BUH 66-4<\/strong><br \/>\n<strong>Rok budowy 2006<\/strong><\/p>\n<p>tylko 4352 godzin pracy\/pojemno\u015b\u0107 po z\u0142o\u017ceniu<\/p>\n<ul>\n<li>Kontrola MCT<\/li>\n<li>P\u0142yta przek\u0142adni<\/li>\n<li>Linijka zatrzymuje si\u0119 tak samo jak FW 2<\/li>\n<li>4 kieszenie kombinowane o szeroko\u015bci wlotu 66 cm<\/li>\n<li>Zmotoryzowane, regulowane rolki sk\u0142adane z twardego PU<\/li>\n<li>Dolna g\u0142owica tn\u0105ca<\/li>\n<li>Kontrola przep\u0142ywu arkuszy<\/li>\n<\/ul>\n","protected":false},"excerpt":{"rendered":"<p>2. mobilna sk\u0142adana jednostka Stahlfolder BUH 66-4 Rok budowy 2006 tylko 4352 godzin pracy\/pojemno\u015b\u0107 po z\u0142o\u017ceniu Kontrola MCT P\u0142yta przek\u0142adni Linijka zatrzymuje si\u0119 tak samo jak FW 2 4 kieszenie kombinowane o szeroko\u015bci wlotu 66 cm Zmotoryzowane, regulowane rolki sk\u0142adane z twardego PU Dolna g\u0142owica tn\u0105ca Kontrola przep\u0142ywu arkuszy<\/p>\n","protected":false},"featured_media":115632,"template":"","meta":[],"product_brand":[],"product_cat":[3816],"product_tag":[],"class_list":{"0":"post-115628","1":"product","2":"type-product","3":"status-publish","4":"has-post-thumbnail","6":"product_cat-skladane-jednostki","7":"pa_hersteller-heidelberg-stahlfolder","8":"pa_typ-buh-66-4","10":"first","11":"instock","12":"taxable","13":"shipping-taxable","14":"product-type-simple"},"jetpack_sharing_enabled":true,"_links":{"self":[{"href":"https:\/\/www.3p-gmbh.de\/pl\/wp-json\/wp\/v2\/product\/115628","targetHints":{"allow":["GET"]}}],"collection":[{"href":"https:\/\/www.3p-gmbh.de\/pl\/wp-json\/wp\/v2\/product"}],"about":[{"href":"https:\/\/www.3p-gmbh.de\/pl\/wp-json\/wp\/v2\/types\/product"}],"wp:featuredmedia":[{"embeddable":true,"href":"https:\/\/www.3p-gmbh.de\/pl\/wp-json\/wp\/v2\/media\/115632"}],"wp:attachment":[{"href":"https:\/\/www.3p-gmbh.de\/pl\/wp-json\/wp\/v2\/media?parent=115628"}],"wp:term":[{"taxonomy":"product_brand","embeddable":true,"href":"https:\/\/www.3p-gmbh.de\/pl\/wp-json\/wp\/v2\/product_brand?post=115628"},{"taxonomy":"product_cat","embeddable":true,"href":"https:\/\/www.3p-gmbh.de\/pl\/wp-json\/wp\/v2\/product_cat?post=115628"},{"taxonomy":"product_tag","embeddable":true,"href":"https:\/\/www.3p-gmbh.de\/pl\/wp-json\/wp\/v2\/product_tag?post=115628"}],"curies":[{"name":"wp","href":"https:\/\/api.w.org\/{rel}","templated":true}]}}