{"id":115608,"date":"2022-06-21T19:47:39","date_gmt":"2022-06-21T19:47:39","guid":{"rendered":"https:\/\/www.3p-gmbh.de\/produkt\/maszyna-do-ciecia-polar-58-em\/"},"modified":"2022-06-21T19:47:39","modified_gmt":"2022-06-21T19:47:39","slug":"maszyna-do-ciecia-polar-58-em","status":"publish","type":"product","link":"https:\/\/www.3p-gmbh.de\/pl\/produkt\/maszyna-do-ciecia-polar-58-em\/","title":{"rendered":"Maszyna do ci\u0119cia Polar 58 EM"},"content":{"rendered":"<p><strong>Maszyna do ci\u0119cia POLAR 58 EM<\/strong><br \/>\n<strong>Bj. 1994<\/strong><\/p>\n<p>SN 6451092<br \/>\nKontrola programu EM<br \/>\nChromowany st\u00f3\u0142 tn\u0105cy<br \/>\nTylna pokrywa sto\u0142u<br \/>\nBariery \u015bwietlne<br \/>\n2 no\u017ce<\/p>\n","protected":false},"excerpt":{"rendered":"<p>Maszyna do ci\u0119cia POLAR 58 EM Bj. 1994 SN 6451092 Kontrola programu EM Chromowany st\u00f3\u0142 tn\u0105cy Tylna pokrywa sto\u0142u Bariery \u015bwietlne 2 no\u017ce<\/p>\n","protected":false},"featured_media":115618,"template":"","meta":[],"product_brand":[],"product_cat":[3723],"product_tag":[],"class_list":{"0":"post-115608","1":"product","2":"type-product","3":"status-publish","4":"has-post-thumbnail","6":"product_cat-maszyny-do-ciecia","7":"pa_hersteller-polar-mohr","8":"pa_typ-polar-58-em","10":"first","11":"instock","12":"taxable","13":"shipping-taxable","14":"product-type-simple"},"jetpack_sharing_enabled":true,"_links":{"self":[{"href":"https:\/\/www.3p-gmbh.de\/pl\/wp-json\/wp\/v2\/product\/115608","targetHints":{"allow":["GET"]}}],"collection":[{"href":"https:\/\/www.3p-gmbh.de\/pl\/wp-json\/wp\/v2\/product"}],"about":[{"href":"https:\/\/www.3p-gmbh.de\/pl\/wp-json\/wp\/v2\/types\/product"}],"wp:featuredmedia":[{"embeddable":true,"href":"https:\/\/www.3p-gmbh.de\/pl\/wp-json\/wp\/v2\/media\/115618"}],"wp:attachment":[{"href":"https:\/\/www.3p-gmbh.de\/pl\/wp-json\/wp\/v2\/media?parent=115608"}],"wp:term":[{"taxonomy":"product_brand","embeddable":true,"href":"https:\/\/www.3p-gmbh.de\/pl\/wp-json\/wp\/v2\/product_brand?post=115608"},{"taxonomy":"product_cat","embeddable":true,"href":"https:\/\/www.3p-gmbh.de\/pl\/wp-json\/wp\/v2\/product_cat?post=115608"},{"taxonomy":"product_tag","embeddable":true,"href":"https:\/\/www.3p-gmbh.de\/pl\/wp-json\/wp\/v2\/product_tag?post=115608"}],"curies":[{"name":"wp","href":"https:\/\/api.w.org\/{rel}","templated":true}]}}