{"id":115594,"date":"2022-08-02T14:39:27","date_gmt":"2022-08-02T14:39:27","guid":{"rendered":"https:\/\/www.3p-gmbh.de\/produkt\/skladarka-plyt-klamrowych-guk-fa-54-4-f-th-z-dostawa-gontowa-s-520-dla-produktow-wstepnie-zlozonych\/"},"modified":"2022-08-02T14:39:27","modified_gmt":"2022-08-02T14:39:27","slug":"skladarka-plyt-klamrowych-guk-fa-54-4-f-th-z-dostawa-gontowa-s-520-dla-produktow-wstepnie-zlozonych","status":"publish","type":"product","link":"https:\/\/www.3p-gmbh.de\/pl\/produkt\/skladarka-plyt-klamrowych-guk-fa-54-4-f-th-z-dostawa-gontowa-s-520-dla-produktow-wstepnie-zlozonych\/","title":{"rendered":"Sk\u0142adarka p\u0142yt klamrowych GUK FA 54-4-F-TH z dostaw\u0105 gontow\u0105 S-520 dla produkt\u00f3w wst\u0119pnie z\u0142o\u017conych"},"content":{"rendered":"<p><strong>Sk\u0142adarka p\u0142yt klamrowych GUK FA 54-4-F-TH z dostaw\u0105 gontow\u0105 S-520 dla produkt\u00f3w wst\u0119pnie z\u0142o\u017conych<\/strong><br \/>\n<strong>od 2002 r.<\/strong><\/p>\n<p>Maks. Format: 54 x 80 cm<br \/>\nMin format: 16 x 16 cm sk\u0142adanie r\u00f3wnoleg\u0142e<br \/>\nPr\u0119dko\u015b\u0107: 30-160 m\/min lub 40 000 arkuszy<\/p>\n<p>Podajnik p\u0142aski Gremser FN-TH z tylnym separatorem kraw\u0119dziowym<br \/>\nLicznik nastaw S\u00fctron MCS-106<\/p>\n<p>Optyczna kontrola form wtryskowych<br \/>\n1 FW 4 kieszenie 54 cm za wa\u0142ami tn\u0105cymi<br \/>\nKontrola \u0142uku ple\u015bni<br \/>\nWy\u015bwietlacz szopy S-520 (bez ilustracji)<\/p>\n<p>&nbsp;<\/p>\n","protected":false},"excerpt":{"rendered":"<p>Sk\u0142adarka p\u0142yt klamrowych GUK FA 54-4-F-TH z dostaw\u0105 gontow\u0105 S-520 dla produkt\u00f3w wst\u0119pnie z\u0142o\u017conych od 2002 r. Maks. Format: 54 x 80 cm Min format: 16 x 16 cm sk\u0142adanie r\u00f3wnoleg\u0142e Pr\u0119dko\u015b\u0107: 30-160 m\/min lub 40 000 arkuszy Podajnik p\u0142aski Gremser FN-TH z tylnym separatorem kraw\u0119dziowym Licznik nastaw S\u00fctron MCS-106 Optyczna kontrola form wtryskowych 1 [&hellip;]<\/p>\n","protected":false},"featured_media":115597,"template":"","meta":[],"product_brand":[],"product_cat":[3684],"product_tag":[],"class_list":{"0":"post-115594","1":"product","2":"type-product","3":"status-publish","4":"has-post-thumbnail","6":"product_cat-maszyny-skladane","7":"pa_hersteller-grieser-kunzmann-guk","8":"pa_typ-fa-54-4-f-th","10":"first","11":"instock","12":"taxable","13":"shipping-taxable","14":"product-type-simple"},"jetpack_sharing_enabled":true,"_links":{"self":[{"href":"https:\/\/www.3p-gmbh.de\/pl\/wp-json\/wp\/v2\/product\/115594","targetHints":{"allow":["GET"]}}],"collection":[{"href":"https:\/\/www.3p-gmbh.de\/pl\/wp-json\/wp\/v2\/product"}],"about":[{"href":"https:\/\/www.3p-gmbh.de\/pl\/wp-json\/wp\/v2\/types\/product"}],"wp:featuredmedia":[{"embeddable":true,"href":"https:\/\/www.3p-gmbh.de\/pl\/wp-json\/wp\/v2\/media\/115597"}],"wp:attachment":[{"href":"https:\/\/www.3p-gmbh.de\/pl\/wp-json\/wp\/v2\/media?parent=115594"}],"wp:term":[{"taxonomy":"product_brand","embeddable":true,"href":"https:\/\/www.3p-gmbh.de\/pl\/wp-json\/wp\/v2\/product_brand?post=115594"},{"taxonomy":"product_cat","embeddable":true,"href":"https:\/\/www.3p-gmbh.de\/pl\/wp-json\/wp\/v2\/product_cat?post=115594"},{"taxonomy":"product_tag","embeddable":true,"href":"https:\/\/www.3p-gmbh.de\/pl\/wp-json\/wp\/v2\/product_tag?post=115594"}],"curies":[{"name":"wp","href":"https:\/\/api.w.org\/{rel}","templated":true}]}}