{"id":115593,"date":"2022-09-22T22:06:03","date_gmt":"2022-09-22T22:06:03","guid":{"rendered":"https:\/\/www.3p-gmbh.de\/produkt\/pozostale-zapasy-folia-do-laminowania-na-goraco-gmp-polynex-ultrabond\/"},"modified":"2022-09-22T22:06:03","modified_gmt":"2022-09-22T22:06:03","slug":"pozostale-zapasy-folia-do-laminowania-na-goraco-gmp-polynex-ultrabond","status":"publish","type":"product","link":"https:\/\/www.3p-gmbh.de\/pl\/produkt\/pozostale-zapasy-folia-do-laminowania-na-goraco-gmp-polynex-ultrabond\/","title":{"rendered":"Pozosta\u0142e zapasy &#8211; folia do laminowania na gor\u0105co GMP POLYNEX UltraBond"},"content":{"rendered":"<p><strong>Pozosta\u0142e zapasy &#8211; folia do laminowania na gor\u0105co GMP POLYNEX UltraBond<\/strong><\/p>\n<p>8&#215;2 rolki GMP POLYNEX Goss UltraBond po\u0142ysk 40mic, 305mmx500m<br \/>\nB\u0142yszcz\u0105ca folia OPP do wydruk\u00f3w cyfrowych, rdze\u0144 77 mm<\/p>\n<p>Folia do laminowania na gor\u0105co POLYNEX UltraBond ma nowo opracowany specjalny klej na gor\u0105co o szczeg\u00f3lnie dobrej przyczepno\u015bci do wydruk\u00f3w cyfrowych na bazie tonera, np. Xerox (z wyj\u0105tkiem tonera EA DC 240\/250\/260), Canon, Kodak, Konica-Minolta.<br \/>\nSzczeg\u00f3lnie nadaje si\u0119 do stosowania w systemach z automatyczn\u0105 separacj\u0105 arkuszy.<br \/>\nTemperatura przetwarzania: ok. 105 \u00b0C<\/p>\n","protected":false},"excerpt":{"rendered":"<p>Pozosta\u0142e zapasy &#8211; folia do laminowania na gor\u0105co GMP POLYNEX UltraBond 8&#215;2 rolki GMP POLYNEX Goss UltraBond po\u0142ysk 40mic, 305mmx500m B\u0142yszcz\u0105ca folia OPP do wydruk\u00f3w cyfrowych, rdze\u0144 77 mm Folia do laminowania na gor\u0105co POLYNEX UltraBond ma nowo opracowany specjalny klej na gor\u0105co o szczeg\u00f3lnie dobrej przyczepno\u015bci do wydruk\u00f3w cyfrowych na bazie tonera, np. Xerox [&hellip;]<\/p>\n","protected":false},"featured_media":115595,"template":"","meta":[],"product_brand":[],"product_cat":[4014,3879],"product_tag":[],"class_list":{"0":"post-115593","1":"product","2":"type-product","3":"status-publish","4":"has-post-thumbnail","6":"product_cat-pozostale-zapasy","7":"product_cat-introligatorstwo-asortymentowe","9":"first","10":"instock","11":"taxable","12":"shipping-taxable","13":"product-type-simple"},"jetpack_sharing_enabled":true,"_links":{"self":[{"href":"https:\/\/www.3p-gmbh.de\/pl\/wp-json\/wp\/v2\/product\/115593","targetHints":{"allow":["GET"]}}],"collection":[{"href":"https:\/\/www.3p-gmbh.de\/pl\/wp-json\/wp\/v2\/product"}],"about":[{"href":"https:\/\/www.3p-gmbh.de\/pl\/wp-json\/wp\/v2\/types\/product"}],"wp:featuredmedia":[{"embeddable":true,"href":"https:\/\/www.3p-gmbh.de\/pl\/wp-json\/wp\/v2\/media\/115595"}],"wp:attachment":[{"href":"https:\/\/www.3p-gmbh.de\/pl\/wp-json\/wp\/v2\/media?parent=115593"}],"wp:term":[{"taxonomy":"product_brand","embeddable":true,"href":"https:\/\/www.3p-gmbh.de\/pl\/wp-json\/wp\/v2\/product_brand?post=115593"},{"taxonomy":"product_cat","embeddable":true,"href":"https:\/\/www.3p-gmbh.de\/pl\/wp-json\/wp\/v2\/product_cat?post=115593"},{"taxonomy":"product_tag","embeddable":true,"href":"https:\/\/www.3p-gmbh.de\/pl\/wp-json\/wp\/v2\/product_tag?post=115593"}],"curies":[{"name":"wp","href":"https:\/\/api.w.org\/{rel}","templated":true}]}}