{"id":115584,"date":"2022-09-04T01:11:29","date_gmt":"2022-09-04T01:11:29","guid":{"rendered":"https:\/\/www.3p-gmbh.de\/produkt\/zestaw-do-konwersji-szybkiej-przecinarki-wohlenberg-z-obudowy-kineskopowej-system-85-86-90-na-obudowe-lcd\/"},"modified":"2022-09-04T01:11:29","modified_gmt":"2022-09-04T01:11:29","slug":"zestaw-do-konwersji-szybkiej-przecinarki-wohlenberg-z-obudowy-kineskopowej-system-85-86-90-na-obudowe-lcd","status":"publish","type":"product","link":"https:\/\/www.3p-gmbh.de\/pl\/produkt\/zestaw-do-konwersji-szybkiej-przecinarki-wohlenberg-z-obudowy-kineskopowej-system-85-86-90-na-obudowe-lcd\/","title":{"rendered":"Zestaw do konwersji szybkiej przecinarki Wohlenberg z obudowy kineskopowej System 85\/86\/90 na obudow\u0119 LCD"},"content":{"rendered":"<p><strong>Zestaw do konwersji szybkiej przecinarki Wohlenberg z obudowy kineskopowej System 85\/86\/90 na obudow\u0119 LCD<\/strong><\/p>\n<p>Poni\u017csze kroki s\u0105 wymagane do konwersji na LCD:<br \/>\n1. zdemontowa\u0107 obudow\u0119 monitora<br \/>\n2. wymontowa\u0107 lamp\u0119 obrazow\u0105 i p\u0142ytk\u0119 drukowan\u0105 (odpowiednio przewietrzy\u0107 lamp\u0119, zutylizowa\u0107)<br \/>\n3. klawisze funkcyjne, zachowana klawiatura alfa (je\u015bli jest dost\u0119pna)<br \/>\n4. nowa obudowa LCD, poluzuj nakr\u0119tki i zdejmij ramk\u0119<br \/>\n5. w\u0142o\u017cy\u0107 obudow\u0119 od ty\u0142u, zamocowa\u0107 przedni\u0105 ram\u0119 i dokr\u0119ci\u0107 \u015bruby<br \/>\n6. wyj\u0105\u0107 wtyczk\u0119 AMP z CPU, wysun\u0105\u0107 styki<br \/>\n7. Ustaw napi\u0119cie na potencjometrze na 12 V.<br \/>\n8. wcisn\u0105\u0107 nowe piny zgodnie z za\u0142\u0105czonym przypisaniem pin\u00f3w<br \/>\n9. \u015aci\u015bnij zaciskane styki w systemie 86\/90 i wepchnij je do z\u0142\u0105cza pinowego.<br \/>\n10. wtyczka z\u0142\u0105cza AMP System 85 \/ pin header dla System 86<br \/>\n11.W przypadku systemu 86\/90 od\u0142\u0105cz napi\u0119cie na zasilaczu impulsowym (zaciski obej\u015bciowe).<br \/>\n12 Ustawienia monitora LCD s\u0105 dokonywane za pomoc\u0105 trzech przycisk\u00f3w na p\u0142ytce drukowanej<\/p>\n","protected":false},"excerpt":{"rendered":"<p>Zestaw do konwersji szybkiej przecinarki Wohlenberg z obudowy kineskopowej System 85\/86\/90 na obudow\u0119 LCD Poni\u017csze kroki s\u0105 wymagane do konwersji na LCD: 1. zdemontowa\u0107 obudow\u0119 monitora 2. wymontowa\u0107 lamp\u0119 obrazow\u0105 i p\u0142ytk\u0119 drukowan\u0105 (odpowiednio przewietrzy\u0107 lamp\u0119, zutylizowa\u0107) 3. klawisze funkcyjne, zachowana klawiatura alfa (je\u015bli jest dost\u0119pna) 4. nowa obudowa LCD, poluzuj nakr\u0119tki i zdejmij ramk\u0119 [&hellip;]<\/p>\n","protected":false},"featured_media":115587,"template":"","meta":[],"product_brand":[],"product_cat":[3719,3723],"product_tag":[],"class_list":{"0":"post-115584","1":"product","2":"type-product","3":"status-publish","4":"has-post-thumbnail","6":"product_cat-akcesoria","7":"product_cat-maszyny-do-ciecia","9":"first","10":"instock","11":"taxable","12":"shipping-taxable","13":"product-type-simple"},"jetpack_sharing_enabled":true,"_links":{"self":[{"href":"https:\/\/www.3p-gmbh.de\/pl\/wp-json\/wp\/v2\/product\/115584","targetHints":{"allow":["GET"]}}],"collection":[{"href":"https:\/\/www.3p-gmbh.de\/pl\/wp-json\/wp\/v2\/product"}],"about":[{"href":"https:\/\/www.3p-gmbh.de\/pl\/wp-json\/wp\/v2\/types\/product"}],"wp:featuredmedia":[{"embeddable":true,"href":"https:\/\/www.3p-gmbh.de\/pl\/wp-json\/wp\/v2\/media\/115587"}],"wp:attachment":[{"href":"https:\/\/www.3p-gmbh.de\/pl\/wp-json\/wp\/v2\/media?parent=115584"}],"wp:term":[{"taxonomy":"product_brand","embeddable":true,"href":"https:\/\/www.3p-gmbh.de\/pl\/wp-json\/wp\/v2\/product_brand?post=115584"},{"taxonomy":"product_cat","embeddable":true,"href":"https:\/\/www.3p-gmbh.de\/pl\/wp-json\/wp\/v2\/product_cat?post=115584"},{"taxonomy":"product_tag","embeddable":true,"href":"https:\/\/www.3p-gmbh.de\/pl\/wp-json\/wp\/v2\/product_tag?post=115584"}],"curies":[{"name":"wp","href":"https:\/\/api.w.org\/{rel}","templated":true}]}}