{"id":115534,"date":"2022-09-30T21:34:13","date_gmt":"2022-09-30T21:34:13","guid":{"rendered":"https:\/\/www.3p-gmbh.de\/produkt\/gilotyna-obcinarka-do-stosu-lub-obcinarka-do-papieru-polar-eco-80\/"},"modified":"2022-09-30T21:34:13","modified_gmt":"2022-09-30T21:34:13","slug":"gilotyna-obcinarka-do-stosu-lub-obcinarka-do-papieru-polar-eco-80","status":"publish","type":"product","link":"https:\/\/www.3p-gmbh.de\/pl\/produkt\/gilotyna-obcinarka-do-stosu-lub-obcinarka-do-papieru-polar-eco-80\/","title":{"rendered":"Gilotyna, obcinarka do stosu lub obcinarka do papieru Polar Eco 80"},"content":{"rendered":"<p><strong>Gilotyna, obcinarka do stosu lub obcinarka do papieru Polar Eco 80<\/strong><br \/>\n<strong>z nap\u0119dem hydraulicznym i sto\u0142em pneumatycznym ze stali nierdzewnej<\/strong><br \/>\n<strong>od 2012 r.<\/strong><\/p>\n<p>Szeroko\u015b\u0107 ci\u0119cia 800 mm<br \/>\nG\u0142\u0119boko\u015b\u0107 wsuwania 800 mm<br \/>\nMaks. wysoko\u015b\u0107 wk\u0142adki 100 mm<\/p>\n<p>Opr\u00f3cz nieskomplikowanej obs\u0142ugi, operatorzy maszyn doceniaj\u0105 d\u0142ug\u0105 \u017cywotno\u015b\u0107 przecinarki.<br \/>\nWyj\u0105tkowa precyzja ci\u0119cia wynika z solidnej konstrukcji i bezpo\u015bredniego pomiaru wymiar\u00f3w.<\/p>\n<p>Maszyna jest obs\u0142ugiwana za pomoc\u0105 ergonomicznego panelu sterowania z monochromatycznym wy\u015bwietlaczem o przek\u0105tnej 5,5 cala.<br \/>\ni dodatkowa p\u0142aska klawiatura.<br \/>\nPowtarzaj\u0105ce si\u0119 sekwencje ci\u0119cia mo\u017cna zapisa\u0107 w jednej ze 198 dost\u0119pnych lokalizacji pami\u0119ci.<br \/>\ni mo\u017cna je dostosowa\u0107 w dowolnym momencie<\/p>\n","protected":false},"excerpt":{"rendered":"<p>Gilotyna, obcinarka do stosu lub obcinarka do papieru Polar Eco 80 z nap\u0119dem hydraulicznym i sto\u0142em pneumatycznym ze stali nierdzewnej od 2012 r. Szeroko\u015b\u0107 ci\u0119cia 800 mm G\u0142\u0119boko\u015b\u0107 wsuwania 800 mm Maks. wysoko\u015b\u0107 wk\u0142adki 100 mm Opr\u00f3cz nieskomplikowanej obs\u0142ugi, operatorzy maszyn doceniaj\u0105 d\u0142ug\u0105 \u017cywotno\u015b\u0107 przecinarki. Wyj\u0105tkowa precyzja ci\u0119cia wynika z solidnej konstrukcji i bezpo\u015bredniego pomiaru [&hellip;]<\/p>\n","protected":false},"featured_media":115540,"template":"","meta":[],"product_brand":[],"product_cat":[3723],"product_tag":[],"class_list":{"0":"post-115534","1":"product","2":"type-product","3":"status-publish","4":"has-post-thumbnail","6":"product_cat-maszyny-do-ciecia","7":"pa_hersteller-polar-mohr","8":"pa_typ-eco-80","10":"first","11":"instock","12":"taxable","13":"shipping-taxable","14":"product-type-simple"},"jetpack_sharing_enabled":true,"_links":{"self":[{"href":"https:\/\/www.3p-gmbh.de\/pl\/wp-json\/wp\/v2\/product\/115534","targetHints":{"allow":["GET"]}}],"collection":[{"href":"https:\/\/www.3p-gmbh.de\/pl\/wp-json\/wp\/v2\/product"}],"about":[{"href":"https:\/\/www.3p-gmbh.de\/pl\/wp-json\/wp\/v2\/types\/product"}],"wp:featuredmedia":[{"embeddable":true,"href":"https:\/\/www.3p-gmbh.de\/pl\/wp-json\/wp\/v2\/media\/115540"}],"wp:attachment":[{"href":"https:\/\/www.3p-gmbh.de\/pl\/wp-json\/wp\/v2\/media?parent=115534"}],"wp:term":[{"taxonomy":"product_brand","embeddable":true,"href":"https:\/\/www.3p-gmbh.de\/pl\/wp-json\/wp\/v2\/product_brand?post=115534"},{"taxonomy":"product_cat","embeddable":true,"href":"https:\/\/www.3p-gmbh.de\/pl\/wp-json\/wp\/v2\/product_cat?post=115534"},{"taxonomy":"product_tag","embeddable":true,"href":"https:\/\/www.3p-gmbh.de\/pl\/wp-json\/wp\/v2\/product_tag?post=115534"}],"curies":[{"name":"wp","href":"https:\/\/api.w.org\/{rel}","templated":true}]}}