{"id":115532,"date":"2022-09-04T00:26:34","date_gmt":"2022-09-04T00:26:34","guid":{"rendered":"https:\/\/www.3p-gmbh.de\/produkt\/noze-perforujace-tnace-heidelberg-stahlfolder\/"},"modified":"2022-09-04T00:26:34","modified_gmt":"2022-09-04T00:26:34","slug":"noze-perforujace-tnace-heidelberg-stahlfolder","status":"publish","type":"product","link":"https:\/\/www.3p-gmbh.de\/pl\/produkt\/noze-perforujace-tnace-heidelberg-stahlfolder\/","title":{"rendered":"No\u017ce perforuj\u0105ce \/ tn\u0105ce Heidelberg Stahlfolder"},"content":{"rendered":"<p><strong>No\u017ce perforuj\u0105ce \/ tn\u0105ce Heidelberg Stahlfolder<\/strong><\/p>\n","protected":false},"excerpt":{"rendered":"<p>No\u017ce perforuj\u0105ce \/ tn\u0105ce Heidelberg Stahlfolder<\/p>\n","protected":false},"featured_media":115535,"template":"","meta":[],"product_brand":[],"product_cat":[3685],"product_tag":[],"class_list":{"0":"post-115532","1":"product","2":"type-product","3":"status-publish","4":"has-post-thumbnail","6":"product_cat-akcesoria-do-falcerek","8":"first","9":"instock","10":"taxable","11":"shipping-taxable","12":"product-type-simple"},"jetpack_sharing_enabled":true,"_links":{"self":[{"href":"https:\/\/www.3p-gmbh.de\/pl\/wp-json\/wp\/v2\/product\/115532","targetHints":{"allow":["GET"]}}],"collection":[{"href":"https:\/\/www.3p-gmbh.de\/pl\/wp-json\/wp\/v2\/product"}],"about":[{"href":"https:\/\/www.3p-gmbh.de\/pl\/wp-json\/wp\/v2\/types\/product"}],"wp:featuredmedia":[{"embeddable":true,"href":"https:\/\/www.3p-gmbh.de\/pl\/wp-json\/wp\/v2\/media\/115535"}],"wp:attachment":[{"href":"https:\/\/www.3p-gmbh.de\/pl\/wp-json\/wp\/v2\/media?parent=115532"}],"wp:term":[{"taxonomy":"product_brand","embeddable":true,"href":"https:\/\/www.3p-gmbh.de\/pl\/wp-json\/wp\/v2\/product_brand?post=115532"},{"taxonomy":"product_cat","embeddable":true,"href":"https:\/\/www.3p-gmbh.de\/pl\/wp-json\/wp\/v2\/product_cat?post=115532"},{"taxonomy":"product_tag","embeddable":true,"href":"https:\/\/www.3p-gmbh.de\/pl\/wp-json\/wp\/v2\/product_tag?post=115532"}],"curies":[{"name":"wp","href":"https:\/\/api.w.org\/{rel}","templated":true}]}}