{"id":115516,"date":"2022-09-30T21:40:44","date_gmt":"2022-09-30T21:40:44","guid":{"rendered":"https:\/\/www.3p-gmbh.de\/produkt\/maszyna-do-zaokraglania-naroznikow-noz-wykrawajacy-o-promieniu-gora-dol-7-mm\/"},"modified":"2022-09-30T21:40:44","modified_gmt":"2022-09-30T21:40:44","slug":"maszyna-do-zaokraglania-naroznikow-noz-wykrawajacy-o-promieniu-gora-dol-7-mm","status":"publish","type":"product","link":"https:\/\/www.3p-gmbh.de\/pl\/produkt\/maszyna-do-zaokraglania-naroznikow-noz-wykrawajacy-o-promieniu-gora-dol-7-mm\/","title":{"rendered":"Maszyna do zaokr\u0105glania naro\u017cnik\u00f3w N\u00f3\u017c wykrawaj\u0105cy o promieniu g\u00f3ra-d\u00f3\u0142 7 mm"},"content":{"rendered":"<div><strong>dla Karl Tr\u00e4nklein &#8211; Baier &#8211; Krause maszyna do rzut\u00f3w ro\u017cnych<\/strong><\/div>\n<div><\/div>\n<div>N\u00f3\u017c wykrawaj\u0105cy o promieniu g\u00f3ra-d\u00f3\u0142 7 mm<\/div>\n<div><\/div>\n<div><em>Inne promienie na \u017c\u0105danie<\/em><\/div>\n","protected":false},"excerpt":{"rendered":"<p>dla Karl Tr\u00e4nklein &#8211; Baier &#8211; Krause maszyna do rzut\u00f3w ro\u017cnych N\u00f3\u017c wykrawaj\u0105cy o promieniu g\u00f3ra-d\u00f3\u0142 7 mm Inne promienie na \u017c\u0105danie<\/p>\n","protected":false},"featured_media":115528,"template":"","meta":[],"product_brand":[],"product_cat":[3879,3880],"product_tag":[],"class_list":{"0":"post-115516","1":"product","2":"type-product","3":"status-publish","4":"has-post-thumbnail","6":"product_cat-introligatorstwo-asortymentowe","7":"product_cat-wbijanie","8":"pa_hersteller-baier","9":"pa_hersteller-karl-traenklein","10":"pa_hersteller-krause","12":"first","13":"instock","14":"taxable","15":"shipping-taxable","16":"product-type-simple"},"jetpack_sharing_enabled":true,"_links":{"self":[{"href":"https:\/\/www.3p-gmbh.de\/pl\/wp-json\/wp\/v2\/product\/115516","targetHints":{"allow":["GET"]}}],"collection":[{"href":"https:\/\/www.3p-gmbh.de\/pl\/wp-json\/wp\/v2\/product"}],"about":[{"href":"https:\/\/www.3p-gmbh.de\/pl\/wp-json\/wp\/v2\/types\/product"}],"wp:featuredmedia":[{"embeddable":true,"href":"https:\/\/www.3p-gmbh.de\/pl\/wp-json\/wp\/v2\/media\/115528"}],"wp:attachment":[{"href":"https:\/\/www.3p-gmbh.de\/pl\/wp-json\/wp\/v2\/media?parent=115516"}],"wp:term":[{"taxonomy":"product_brand","embeddable":true,"href":"https:\/\/www.3p-gmbh.de\/pl\/wp-json\/wp\/v2\/product_brand?post=115516"},{"taxonomy":"product_cat","embeddable":true,"href":"https:\/\/www.3p-gmbh.de\/pl\/wp-json\/wp\/v2\/product_cat?post=115516"},{"taxonomy":"product_tag","embeddable":true,"href":"https:\/\/www.3p-gmbh.de\/pl\/wp-json\/wp\/v2\/product_tag?post=115516"}],"curies":[{"name":"wp","href":"https:\/\/api.w.org\/{rel}","templated":true}]}}