{"id":115514,"date":"2022-09-04T00:33:01","date_gmt":"2022-09-04T00:33:01","guid":{"rendered":"https:\/\/www.3p-gmbh.de\/produkt\/8-stacji-wieza-zasysajaca-powietrze-duplo-z-wyswietlaczem-duplo-dc-48-szt\/"},"modified":"2022-09-04T00:33:01","modified_gmt":"2022-09-04T00:33:01","slug":"8-stacji-wieza-zasysajaca-powietrze-duplo-z-wyswietlaczem-duplo-dc-48-szt","status":"publish","type":"product","link":"https:\/\/www.3p-gmbh.de\/pl\/produkt\/8-stacji-wieza-zasysajaca-powietrze-duplo-z-wyswietlaczem-duplo-dc-48-szt\/","title":{"rendered":"8 stacji Wie\u017ca zasysaj\u0105ca powietrze DUPLO z wy\u015bwietlaczem Duplo DC 48 szt."},"content":{"rendered":"<p><strong>8-stanowiskowa wie\u017ca zasysaj\u0105ca DUPLO<br \/>\n<\/strong><strong>Rok budowy 1996<\/strong><\/p>\n<p>Ci\u015bnieniowa pompa pr\u00f3\u017cniowa Rietschle KTL 40 o wydajno\u015bci 40 m\u00b3\/h zbudowana w 1996 r.<\/p>\n<p>Duplo DC 48 pc High Stack Display<\/p>\n","protected":false},"excerpt":{"rendered":"<p>8-stanowiskowa wie\u017ca zasysaj\u0105ca DUPLO Rok budowy 1996 Ci\u015bnieniowa pompa pr\u00f3\u017cniowa Rietschle KTL 40 o wydajno\u015bci 40 m\u00b3\/h zbudowana w 1996 r. Duplo DC 48 pc High Stack Display<\/p>\n","protected":false},"featured_media":115517,"template":"","meta":[],"product_brand":[],"product_cat":[3879,3739],"product_tag":[],"class_list":{"0":"post-115514","1":"product","2":"type-product","3":"status-publish","4":"has-post-thumbnail","6":"product_cat-introligatorstwo-asortymentowe","7":"product_cat-maszyny-zbierajace","8":"pa_hersteller-duplo","9":"pa_typ-dc-48-st","11":"first","12":"instock","13":"taxable","14":"shipping-taxable","15":"product-type-simple"},"jetpack_sharing_enabled":true,"_links":{"self":[{"href":"https:\/\/www.3p-gmbh.de\/pl\/wp-json\/wp\/v2\/product\/115514","targetHints":{"allow":["GET"]}}],"collection":[{"href":"https:\/\/www.3p-gmbh.de\/pl\/wp-json\/wp\/v2\/product"}],"about":[{"href":"https:\/\/www.3p-gmbh.de\/pl\/wp-json\/wp\/v2\/types\/product"}],"wp:featuredmedia":[{"embeddable":true,"href":"https:\/\/www.3p-gmbh.de\/pl\/wp-json\/wp\/v2\/media\/115517"}],"wp:attachment":[{"href":"https:\/\/www.3p-gmbh.de\/pl\/wp-json\/wp\/v2\/media?parent=115514"}],"wp:term":[{"taxonomy":"product_brand","embeddable":true,"href":"https:\/\/www.3p-gmbh.de\/pl\/wp-json\/wp\/v2\/product_brand?post=115514"},{"taxonomy":"product_cat","embeddable":true,"href":"https:\/\/www.3p-gmbh.de\/pl\/wp-json\/wp\/v2\/product_cat?post=115514"},{"taxonomy":"product_tag","embeddable":true,"href":"https:\/\/www.3p-gmbh.de\/pl\/wp-json\/wp\/v2\/product_tag?post=115514"}],"curies":[{"name":"wp","href":"https:\/\/api.w.org\/{rel}","templated":true}]}}