{"id":115503,"date":"2022-08-02T14:33:42","date_gmt":"2022-08-02T14:33:42","guid":{"rendered":"https:\/\/www.3p-gmbh.de\/produkt\/jak-nowa-dwuwalcowa-maszyna-do-klejenia-na-zimno-i-na-goraco-sumbel-herold-500\/"},"modified":"2022-08-02T14:33:42","modified_gmt":"2022-08-02T14:33:42","slug":"jak-nowa-dwuwalcowa-maszyna-do-klejenia-na-zimno-i-na-goraco-sumbel-herold-500","status":"publish","type":"product","link":"https:\/\/www.3p-gmbh.de\/pl\/produkt\/jak-nowa-dwuwalcowa-maszyna-do-klejenia-na-zimno-i-na-goraco-sumbel-herold-500\/","title":{"rendered":"Jak nowa, dwuwalcowa maszyna do klejenia na zimno i na gor\u0105co Sumbel Herold 500"},"content":{"rendered":"<p><strong>Dwuwalcowa jednostka klej\u0105ca Sumbel Herold 500 z tac\u0105 na zimny i ciep\u0142y klej<\/strong><\/p>\n<p>do papieru, kartonu, tektury, sk\u00f3ry itp.<\/p>\n<p>&#8211; Nap\u0119d silnikowy 230 V, 1-fazowy, z prze\u0142\u0105czaniem stopniowym<br \/>\n&#8211; Mosi\u0119\u017cne rolki<br \/>\n&#8211; Jedna mosi\u0119\u017cna umywalka zimna i jedna ciep\u0142a z regulowan\u0105 wysoko\u015bci\u0105 zanurzenia<br \/>\n&#8211; Szeroko\u015b\u0107 rolki: 500 mm<br \/>\n&#8211; 10 Skrobak<\/p>\n","protected":false},"excerpt":{"rendered":"<p>Dwuwalcowa jednostka klej\u0105ca Sumbel Herold 500 z tac\u0105 na zimny i ciep\u0142y klej do papieru, kartonu, tektury, sk\u00f3ry itp. &#8211; Nap\u0119d silnikowy 230 V, 1-fazowy, z prze\u0142\u0105czaniem stopniowym &#8211; Mosi\u0119\u017cne rolki &#8211; Jedna mosi\u0119\u017cna umywalka zimna i jedna ciep\u0142a z regulowan\u0105 wysoko\u015bci\u0105 zanurzenia &#8211; Szeroko\u015b\u0107 rolki: 500 mm &#8211; 10 Skrobak<\/p>\n","protected":false},"featured_media":115512,"template":"","meta":[],"product_brand":[],"product_cat":[3879],"product_tag":[],"class_list":{"0":"post-115503","1":"product","2":"type-product","3":"status-publish","4":"has-post-thumbnail","6":"product_cat-introligatorstwo-asortymentowe","7":"pa_hersteller-sumbel","8":"pa_typ-herold-500","10":"first","11":"instock","12":"taxable","13":"shipping-taxable","14":"product-type-simple"},"jetpack_sharing_enabled":true,"_links":{"self":[{"href":"https:\/\/www.3p-gmbh.de\/pl\/wp-json\/wp\/v2\/product\/115503","targetHints":{"allow":["GET"]}}],"collection":[{"href":"https:\/\/www.3p-gmbh.de\/pl\/wp-json\/wp\/v2\/product"}],"about":[{"href":"https:\/\/www.3p-gmbh.de\/pl\/wp-json\/wp\/v2\/types\/product"}],"wp:featuredmedia":[{"embeddable":true,"href":"https:\/\/www.3p-gmbh.de\/pl\/wp-json\/wp\/v2\/media\/115512"}],"wp:attachment":[{"href":"https:\/\/www.3p-gmbh.de\/pl\/wp-json\/wp\/v2\/media?parent=115503"}],"wp:term":[{"taxonomy":"product_brand","embeddable":true,"href":"https:\/\/www.3p-gmbh.de\/pl\/wp-json\/wp\/v2\/product_brand?post=115503"},{"taxonomy":"product_cat","embeddable":true,"href":"https:\/\/www.3p-gmbh.de\/pl\/wp-json\/wp\/v2\/product_cat?post=115503"},{"taxonomy":"product_tag","embeddable":true,"href":"https:\/\/www.3p-gmbh.de\/pl\/wp-json\/wp\/v2\/product_tag?post=115503"}],"curies":[{"name":"wp","href":"https:\/\/api.w.org\/{rel}","templated":true}]}}