{"id":115498,"date":"2022-12-21T00:01:11","date_gmt":"2022-12-21T00:01:11","guid":{"rendered":"https:\/\/www.3p-gmbh.de\/produkt\/nosnik-plyt-leibinger-dla-heidelberg-gto-i-sm-52\/"},"modified":"2022-12-21T00:01:11","modified_gmt":"2022-12-21T00:01:11","slug":"nosnik-plyt-leibinger-dla-heidelberg-gto-i-sm-52","status":"publish","type":"product","link":"https:\/\/www.3p-gmbh.de\/pl\/produkt\/nosnik-plyt-leibinger-dla-heidelberg-gto-i-sm-52\/","title":{"rendered":"No\u015bnik p\u0142yt Leibinger dla Heidelberg GTO i SM 52"},"content":{"rendered":"<p><strong>No\u015bnik p\u0142yt Leibinger dla Heidelberg GTO i SM 52<\/strong><\/p>\n","protected":false},"excerpt":{"rendered":"<p>No\u015bnik p\u0142yt Leibinger dla Heidelberg GTO i SM 52<\/p>\n","protected":false},"featured_media":115499,"template":"","meta":[],"product_brand":[],"product_cat":[3666],"product_tag":[],"class_list":{"0":"post-115498","1":"product","2":"type-product","3":"status-publish","4":"has-post-thumbnail","6":"product_cat-akcesoria-i-czesci-zamienne-do-maszyn-drukarskich","7":"pa_hersteller-leibinger","9":"first","10":"instock","11":"taxable","12":"shipping-taxable","13":"product-type-simple"},"jetpack_sharing_enabled":true,"_links":{"self":[{"href":"https:\/\/www.3p-gmbh.de\/pl\/wp-json\/wp\/v2\/product\/115498","targetHints":{"allow":["GET"]}}],"collection":[{"href":"https:\/\/www.3p-gmbh.de\/pl\/wp-json\/wp\/v2\/product"}],"about":[{"href":"https:\/\/www.3p-gmbh.de\/pl\/wp-json\/wp\/v2\/types\/product"}],"wp:featuredmedia":[{"embeddable":true,"href":"https:\/\/www.3p-gmbh.de\/pl\/wp-json\/wp\/v2\/media\/115499"}],"wp:attachment":[{"href":"https:\/\/www.3p-gmbh.de\/pl\/wp-json\/wp\/v2\/media?parent=115498"}],"wp:term":[{"taxonomy":"product_brand","embeddable":true,"href":"https:\/\/www.3p-gmbh.de\/pl\/wp-json\/wp\/v2\/product_brand?post=115498"},{"taxonomy":"product_cat","embeddable":true,"href":"https:\/\/www.3p-gmbh.de\/pl\/wp-json\/wp\/v2\/product_cat?post=115498"},{"taxonomy":"product_tag","embeddable":true,"href":"https:\/\/www.3p-gmbh.de\/pl\/wp-json\/wp\/v2\/product_tag?post=115498"}],"curies":[{"name":"wp","href":"https:\/\/api.w.org\/{rel}","templated":true}]}}