{"id":115477,"date":"2022-11-14T22:42:31","date_gmt":"2022-11-14T22:42:31","guid":{"rendered":"https:\/\/www.3p-gmbh.de\/produkt\/maszyna-do-skladania-i-zszywania-warstw-nagel-foldnak-4-z-dostawa-gontow-2\/"},"modified":"2022-11-14T22:42:31","modified_gmt":"2022-11-14T22:42:31","slug":"maszyna-do-skladania-i-zszywania-warstw-nagel-foldnak-4-z-dostawa-gontow-2","status":"publish","type":"product","link":"https:\/\/www.3p-gmbh.de\/pl\/produkt\/maszyna-do-skladania-i-zszywania-warstw-nagel-foldnak-4-z-dostawa-gontow-2\/","title":{"rendered":"Maszyna do sk\u0142adania i zszywania warstw Nagel Foldnak 4 z dostaw\u0105 gont\u00f3w"},"content":{"rendered":"<p><strong>Maszyna do sk\u0142adania i zszywania warstw Nagel Foldnak 4 z dostaw\u0105 gont\u00f3w<\/strong><br \/>\ndo tworzenia broszur do 80 stron w jednej operacji.<\/p>\n<p>Format podawania papieru od DIN A5 do DIN A3 oversize<br \/>\n&#8211; z 2 g\u0142owicami zszywaj\u0105cymi (z mo\u017cliwo\u015bci\u0105 rozbudowy do 4)<\/p>\n","protected":false},"excerpt":{"rendered":"<p>Maszyna do sk\u0142adania i zszywania warstw Nagel Foldnak 4 z dostaw\u0105 gont\u00f3w do tworzenia broszur do 80 stron w jednej operacji. Format podawania papieru od DIN A5 do DIN A3 oversize &#8211; z 2 g\u0142owicami zszywaj\u0105cymi (z mo\u017cliwo\u015bci\u0105 rozbudowy do 4)<\/p>\n","protected":false},"featured_media":115488,"template":"","meta":[],"product_brand":[],"product_cat":[3684],"product_tag":[],"class_list":{"0":"post-115477","1":"product","2":"type-product","3":"status-publish","4":"has-post-thumbnail","6":"product_cat-maszyny-skladane","7":"pa_hersteller-ernst-nagel","8":"pa_typ-foldnak-4","10":"first","11":"instock","12":"taxable","13":"shipping-taxable","14":"product-type-simple"},"jetpack_sharing_enabled":true,"_links":{"self":[{"href":"https:\/\/www.3p-gmbh.de\/pl\/wp-json\/wp\/v2\/product\/115477","targetHints":{"allow":["GET"]}}],"collection":[{"href":"https:\/\/www.3p-gmbh.de\/pl\/wp-json\/wp\/v2\/product"}],"about":[{"href":"https:\/\/www.3p-gmbh.de\/pl\/wp-json\/wp\/v2\/types\/product"}],"wp:featuredmedia":[{"embeddable":true,"href":"https:\/\/www.3p-gmbh.de\/pl\/wp-json\/wp\/v2\/media\/115488"}],"wp:attachment":[{"href":"https:\/\/www.3p-gmbh.de\/pl\/wp-json\/wp\/v2\/media?parent=115477"}],"wp:term":[{"taxonomy":"product_brand","embeddable":true,"href":"https:\/\/www.3p-gmbh.de\/pl\/wp-json\/wp\/v2\/product_brand?post=115477"},{"taxonomy":"product_cat","embeddable":true,"href":"https:\/\/www.3p-gmbh.de\/pl\/wp-json\/wp\/v2\/product_cat?post=115477"},{"taxonomy":"product_tag","embeddable":true,"href":"https:\/\/www.3p-gmbh.de\/pl\/wp-json\/wp\/v2\/product_tag?post=115477"}],"curies":[{"name":"wp","href":"https:\/\/api.w.org\/{rel}","templated":true}]}}