{"id":115476,"date":"2022-12-12T22:42:47","date_gmt":"2022-12-12T22:42:47","guid":{"rendered":"https:\/\/www.3p-gmbh.de\/produkt\/lekka-plyta-grzejna-220-v-o-strukturze-plastra-miodu-do-heidelberg-oht-model-gtp\/"},"modified":"2022-12-12T22:42:47","modified_gmt":"2022-12-12T22:42:47","slug":"lekka-plyta-grzejna-220-v-o-strukturze-plastra-miodu-do-heidelberg-oht-model-gtp","status":"publish","type":"product","link":"https:\/\/www.3p-gmbh.de\/pl\/produkt\/lekka-plyta-grzejna-220-v-o-strukturze-plastra-miodu-do-heidelberg-oht-model-gtp\/","title":{"rendered":"Lekka p\u0142yta grzejna 220 V o strukturze plastra miodu do Heidelberg OHT model GTP"},"content":{"rendered":"<p><strong>Lekki, p\u0142aski 13&#215;18&#8243;, jednofazowy 220-240 V<\/strong><br \/>\n<strong>P\u0142yta grzewcza o strukturze plastra miodu, odpowiednia dla standardowych klisz UE o wysoko\u015bci 7 mm<\/strong><\/p>\n<p>kt\u00f3ry pasuje bezpo\u015brednio do maszyny Heidelberg GTP, tak jak istniej\u0105ca p\u0142yta<br \/>\npatrz za\u0142\u0105czone zdj\u0119cia.<\/p>\n","protected":false},"excerpt":{"rendered":"<p>Lekki, p\u0142aski 13&#215;18&#8243;, jednofazowy 220-240 V P\u0142yta grzewcza o strukturze plastra miodu, odpowiednia dla standardowych klisz UE o wysoko\u015bci 7 mm kt\u00f3ry pasuje bezpo\u015brednio do maszyny Heidelberg GTP, tak jak istniej\u0105ca p\u0142yta patrz za\u0142\u0105czone zdj\u0119cia.<\/p>\n","protected":false},"featured_media":115485,"template":"","meta":[],"product_brand":[],"product_cat":[3666],"product_tag":[],"class_list":{"0":"post-115476","1":"product","2":"type-product","3":"status-publish","4":"has-post-thumbnail","6":"product_cat-akcesoria-i-czesci-zamienne-do-maszyn-drukarskich","8":"first","9":"instock","10":"taxable","11":"shipping-taxable","12":"product-type-simple"},"jetpack_sharing_enabled":true,"_links":{"self":[{"href":"https:\/\/www.3p-gmbh.de\/pl\/wp-json\/wp\/v2\/product\/115476","targetHints":{"allow":["GET"]}}],"collection":[{"href":"https:\/\/www.3p-gmbh.de\/pl\/wp-json\/wp\/v2\/product"}],"about":[{"href":"https:\/\/www.3p-gmbh.de\/pl\/wp-json\/wp\/v2\/types\/product"}],"wp:featuredmedia":[{"embeddable":true,"href":"https:\/\/www.3p-gmbh.de\/pl\/wp-json\/wp\/v2\/media\/115485"}],"wp:attachment":[{"href":"https:\/\/www.3p-gmbh.de\/pl\/wp-json\/wp\/v2\/media?parent=115476"}],"wp:term":[{"taxonomy":"product_brand","embeddable":true,"href":"https:\/\/www.3p-gmbh.de\/pl\/wp-json\/wp\/v2\/product_brand?post=115476"},{"taxonomy":"product_cat","embeddable":true,"href":"https:\/\/www.3p-gmbh.de\/pl\/wp-json\/wp\/v2\/product_cat?post=115476"},{"taxonomy":"product_tag","embeddable":true,"href":"https:\/\/www.3p-gmbh.de\/pl\/wp-json\/wp\/v2\/product_tag?post=115476"}],"curies":[{"name":"wp","href":"https:\/\/api.w.org\/{rel}","templated":true}]}}