{"id":115475,"date":"2022-12-12T23:00:15","date_gmt":"2022-12-12T23:00:15","guid":{"rendered":"https:\/\/www.3p-gmbh.de\/produkt\/do-dziurkacza-kalendarzowego-renz-super-700-4-mm-okragly-otwor-skok-3-do-1-z-otworem-na-kciuk\/"},"modified":"2022-12-12T23:00:15","modified_gmt":"2022-12-12T23:00:15","slug":"do-dziurkacza-kalendarzowego-renz-super-700-4-mm-okragly-otwor-skok-3-do-1-z-otworem-na-kciuk","status":"publish","type":"product","link":"https:\/\/www.3p-gmbh.de\/pl\/produkt\/do-dziurkacza-kalendarzowego-renz-super-700-4-mm-okragly-otwor-skok-3-do-1-z-otworem-na-kciuk\/","title":{"rendered":"do dziurkacza kalendarzowego Renz Super 700 4 mm okr\u0105g\u0142y otw\u00f3r skok 3 do 1 z otworem na kciuk"},"content":{"rendered":"<p>do dziurkacza kalendarzowego Renz Super 700 4 mm okr\u0105g\u0142y otw\u00f3r skok 3 do 1 z otworem na kciuk<\/p>\n","protected":false},"excerpt":{"rendered":"<p>do dziurkacza kalendarzowego Renz Super 700 4 mm okr\u0105g\u0142y otw\u00f3r skok 3 do 1 z otworem na kciuk<\/p>\n","protected":false},"featured_media":115484,"template":"","meta":[],"product_brand":[],"product_cat":[3739,3880],"product_tag":[],"class_list":{"0":"post-115475","1":"product","2":"type-product","3":"status-publish","4":"has-post-thumbnail","6":"product_cat-maszyny-zbierajace","7":"product_cat-wbijanie","8":"pa_hersteller-renz","10":"first","11":"instock","12":"taxable","13":"shipping-taxable","14":"product-type-simple"},"jetpack_sharing_enabled":true,"_links":{"self":[{"href":"https:\/\/www.3p-gmbh.de\/pl\/wp-json\/wp\/v2\/product\/115475","targetHints":{"allow":["GET"]}}],"collection":[{"href":"https:\/\/www.3p-gmbh.de\/pl\/wp-json\/wp\/v2\/product"}],"about":[{"href":"https:\/\/www.3p-gmbh.de\/pl\/wp-json\/wp\/v2\/types\/product"}],"wp:featuredmedia":[{"embeddable":true,"href":"https:\/\/www.3p-gmbh.de\/pl\/wp-json\/wp\/v2\/media\/115484"}],"wp:attachment":[{"href":"https:\/\/www.3p-gmbh.de\/pl\/wp-json\/wp\/v2\/media?parent=115475"}],"wp:term":[{"taxonomy":"product_brand","embeddable":true,"href":"https:\/\/www.3p-gmbh.de\/pl\/wp-json\/wp\/v2\/product_brand?post=115475"},{"taxonomy":"product_cat","embeddable":true,"href":"https:\/\/www.3p-gmbh.de\/pl\/wp-json\/wp\/v2\/product_cat?post=115475"},{"taxonomy":"product_tag","embeddable":true,"href":"https:\/\/www.3p-gmbh.de\/pl\/wp-json\/wp\/v2\/product_tag?post=115475"}],"curies":[{"name":"wp","href":"https:\/\/api.w.org\/{rel}","templated":true}]}}