{"id":115474,"date":"2022-12-29T23:16:33","date_gmt":"2022-12-29T23:16:33","guid":{"rendered":"https:\/\/www.3p-gmbh.de\/produkt\/manroland-pressmanager-smart-option-wersja-3\/"},"modified":"2022-12-29T23:16:33","modified_gmt":"2022-12-29T23:16:33","slug":"manroland-pressmanager-smart-option-wersja-3","status":"publish","type":"product","link":"https:\/\/www.3p-gmbh.de\/pl\/produkt\/manroland-pressmanager-smart-option-wersja-3\/","title":{"rendered":"ManRoland PressManager Smart + Option wersja 3"},"content":{"rendered":"<p><strong>ManRoland PressManager Smart + Option Version 3<br \/>\n<\/strong>preinstalowany na komputerze z systemem Windows<br \/>\nz nap\u0119dem ManRoland JobCard Drive (z wieloma no\u015bnikami kart)<\/p>\n<p>Wi\u0119cej informacji tutaj. PDF<\/p>\n<p><a href=\"https:\/\/www.3p-gmbh.de\/wp-content\/uploads\/2022\/12\/PM-Smart-Admin-english.pdf\">PM Smart Admin english<\/a><\/p>\n","protected":false},"excerpt":{"rendered":"<p>ManRoland PressManager Smart + Option Version 3 preinstalowany na komputerze z systemem Windows z nap\u0119dem ManRoland JobCard Drive (z wieloma no\u015bnikami kart) Wi\u0119cej informacji tutaj. PDF PM Smart Admin english<\/p>\n","protected":false},"featured_media":115478,"template":"","meta":[],"product_brand":[],"product_cat":[3669],"product_tag":[],"class_list":{"0":"post-115474","1":"product","2":"type-product","3":"status-publish","4":"has-post-thumbnail","6":"product_cat-oprogramowanie-do-przygotowania-druku","7":"pa_hersteller-man-roland","9":"first","10":"instock","11":"taxable","12":"shipping-taxable","13":"product-type-simple"},"jetpack_sharing_enabled":true,"_links":{"self":[{"href":"https:\/\/www.3p-gmbh.de\/pl\/wp-json\/wp\/v2\/product\/115474","targetHints":{"allow":["GET"]}}],"collection":[{"href":"https:\/\/www.3p-gmbh.de\/pl\/wp-json\/wp\/v2\/product"}],"about":[{"href":"https:\/\/www.3p-gmbh.de\/pl\/wp-json\/wp\/v2\/types\/product"}],"wp:featuredmedia":[{"embeddable":true,"href":"https:\/\/www.3p-gmbh.de\/pl\/wp-json\/wp\/v2\/media\/115478"}],"wp:attachment":[{"href":"https:\/\/www.3p-gmbh.de\/pl\/wp-json\/wp\/v2\/media?parent=115474"}],"wp:term":[{"taxonomy":"product_brand","embeddable":true,"href":"https:\/\/www.3p-gmbh.de\/pl\/wp-json\/wp\/v2\/product_brand?post=115474"},{"taxonomy":"product_cat","embeddable":true,"href":"https:\/\/www.3p-gmbh.de\/pl\/wp-json\/wp\/v2\/product_cat?post=115474"},{"taxonomy":"product_tag","embeddable":true,"href":"https:\/\/www.3p-gmbh.de\/pl\/wp-json\/wp\/v2\/product_tag?post=115474"}],"curies":[{"name":"wp","href":"https:\/\/api.w.org\/{rel}","templated":true}]}}