{"id":115465,"date":"2022-11-14T23:18:57","date_gmt":"2022-11-14T23:18:57","guid":{"rendered":"https:\/\/www.3p-gmbh.de\/produkt\/polautomatyczna-zgrzewarka-katowa-smipack-fp-560-a-z-jednokomorowym-tunelem-obkurczajacym-smipack-t-450\/"},"modified":"2022-11-14T23:18:57","modified_gmt":"2022-11-14T23:18:57","slug":"polautomatyczna-zgrzewarka-katowa-smipack-fp-560-a-z-jednokomorowym-tunelem-obkurczajacym-smipack-t-450","status":"publish","type":"product","link":"https:\/\/www.3p-gmbh.de\/pl\/produkt\/polautomatyczna-zgrzewarka-katowa-smipack-fp-560-a-z-jednokomorowym-tunelem-obkurczajacym-smipack-t-450\/","title":{"rendered":"P\u00f3\u0142automatyczna zgrzewarka k\u0105towa Smipack FP 560 A z jednokomorowym tunelem obkurczaj\u0105cym Smipack T 450"},"content":{"rendered":"<p><strong>P\u00f3\u0142automatyczna zgrzewarka k\u0105towa Smipack FP 560 A z jednokomorowym tunelem obkurczaj\u0105cym T 450<\/strong><br \/>\n<strong>od 2012 r.<\/strong><\/p>\n<p>P\u00f3\u0142automatyczna spawarka k\u0105towa ze sta\u0142ym systemem ch\u0142odzenia, odpowiednia do szerokiej gamy produkt\u00f3w.<br \/>\nDzi\u0119ki zintegrowanemu systemowi ch\u0142odzenia, FP 560 A osi\u0105ga niezmiennie dobre spoiny i dlatego jest idealny do wi\u0119kszych ilo\u015bci produkcyjnych.<br \/>\nZintegrowany jest automatyczny nawijak pozosta\u0142ej folii i elektryczny licznik ilo\u015bci.<\/p>\n<p>Za pomoc\u0105 panelu sterowania mo\u017cna zapisa\u0107 10 r\u00f3\u017cnych program\u00f3w.<br \/>\nRamka uszczelniaj\u0105ca jest zamykana automatycznie za pomoc\u0105 przeka\u017anika czasowego lub r\u0119cznie za pomoc\u0105 prze\u0142\u0105cznika no\u017cnego (opcjonalnie) i naci\u015bni\u0119cia przycisku.<\/p>\n<p>Ta\u015bma z nap\u0119dem silnikowym na wylocie transportuje obkurczony produkt do dalszego tunelu obkurczaj\u0105cego<\/p>\n<p>-\u015arednia wydajno\u015b\u0107 godzinowa: do 1500 jednostek<br \/>\n-W zestawie nawijak folii<br \/>\n&#8211; Rozmiar ramy spawalniczej: 560 x 430 mm (szer. x g\u0142\u0119b.)<br \/>\n&#8211; maks. Wysoko\u015b\u0107 produktu: 230 mm<br \/>\n&#8211; maks. Szeroko\u015b\u0107 folii: 600 mm<br \/>\n&#8211; Mo\u017cliwo\u015b\u0107 zapisania do 10 r\u00f3\u017cnych program\u00f3w<br \/>\n&#8211; w kolorze RAL 7035 (szary)<br \/>\n&#8211; 230 V \/ 50 Hz \/ 1 faza<br \/>\n&#8211; maks. Moc: 2,5 kW<br \/>\n&#8211; Wymiary: 2 010 x 790 x 1 050 mm (d\u0142. x szer. x wys.)<\/p>\n<p><strong>Jednokomorowy tunel obkurczaj\u0105cy Smipack T 450<\/strong><\/p>\n<p>Idealny do du\u017cych przepustowo\u015bci.<br \/>\nTunnel T 450 mo\u017ce r\u00f3wnie\u017c przechowywa\u0107 do 10 program\u00f3w, kt\u00f3re mo\u017cna wywo\u0142a\u0107 w dowolnym momencie.<br \/>\nPrzeno\u015bnik tunelowy sk\u0142ada si\u0119 z pokrytych silikonem rolek obrotowych.<br \/>\nTunel jest wyposa\u017cony w funkcj\u0119 automatycznego wy\u0142\u0105czania, a zar\u00f3wno pr\u0119dko\u015b\u0107 przeno\u015bnika, jak i temperatura obkurczania mog\u0105 by\u0107 regulowane.<\/p>\n<p>-Regulowana pr\u0119dko\u015b\u0107 transportu (2,8 &#8211; 18,8 m\/min)<br \/>\n&#8211; maks. Wysoko\u015b\u0107 produktu: 230 mm<br \/>\n&#8211; Przeno\u015bnik ta\u015bmowy z pr\u0119tami pokrytymi silikonem (regulowany obrotowy \/ nieobrotowy)<br \/>\n&#8211; Regulowane przegrody powietrzne<br \/>\n&#8211; Mo\u017cliwo\u015b\u0107 zapisania do 10 r\u00f3\u017cnych program\u00f3w<br \/>\n&#8211; Regulowana temperatura obkurczania<br \/>\n&#8211; Napi\u0119cie zasilania: 380-415 V 3 PH-N-PE, 50\/60 HZ<br \/>\n&#8211; maks. Moc: 8,0 kW<br \/>\n&#8211; Wymiary: 1370 x 835 x 1440 mm (d\u0142. x szer. x wys.)<\/p>\n","protected":false},"excerpt":{"rendered":"<p>P\u00f3\u0142automatyczna zgrzewarka k\u0105towa Smipack FP 560 A z jednokomorowym tunelem obkurczaj\u0105cym T 450 od 2012 r. P\u00f3\u0142automatyczna spawarka k\u0105towa ze sta\u0142ym systemem ch\u0142odzenia, odpowiednia do szerokiej gamy produkt\u00f3w. Dzi\u0119ki zintegrowanemu systemowi ch\u0142odzenia, FP 560 A osi\u0105ga niezmiennie dobre spoiny i dlatego jest idealny do wi\u0119kszych ilo\u015bci produkcyjnych. Zintegrowany jest automatyczny nawijak pozosta\u0142ej folii i elektryczny [&hellip;]<\/p>\n","protected":false},"featured_media":115472,"template":"","meta":[],"product_brand":[],"product_cat":[3866],"product_tag":[],"class_list":{"0":"post-115465","1":"product","2":"type-product","3":"status-publish","4":"has-post-thumbnail","6":"product_cat-opakowania-foliowe-i-pakowarki-szczelne","7":"pa_hersteller-smipack","8":"pa_typ-fp-560-a","9":"pa_typ-t-450","11":"first","12":"instock","13":"taxable","14":"shipping-taxable","15":"product-type-simple"},"jetpack_sharing_enabled":true,"_links":{"self":[{"href":"https:\/\/www.3p-gmbh.de\/pl\/wp-json\/wp\/v2\/product\/115465","targetHints":{"allow":["GET"]}}],"collection":[{"href":"https:\/\/www.3p-gmbh.de\/pl\/wp-json\/wp\/v2\/product"}],"about":[{"href":"https:\/\/www.3p-gmbh.de\/pl\/wp-json\/wp\/v2\/types\/product"}],"wp:featuredmedia":[{"embeddable":true,"href":"https:\/\/www.3p-gmbh.de\/pl\/wp-json\/wp\/v2\/media\/115472"}],"wp:attachment":[{"href":"https:\/\/www.3p-gmbh.de\/pl\/wp-json\/wp\/v2\/media?parent=115465"}],"wp:term":[{"taxonomy":"product_brand","embeddable":true,"href":"https:\/\/www.3p-gmbh.de\/pl\/wp-json\/wp\/v2\/product_brand?post=115465"},{"taxonomy":"product_cat","embeddable":true,"href":"https:\/\/www.3p-gmbh.de\/pl\/wp-json\/wp\/v2\/product_cat?post=115465"},{"taxonomy":"product_tag","embeddable":true,"href":"https:\/\/www.3p-gmbh.de\/pl\/wp-json\/wp\/v2\/product_tag?post=115465"}],"curies":[{"name":"wp","href":"https:\/\/api.w.org\/{rel}","templated":true}]}}