{"id":115463,"date":"2022-12-15T23:18:40","date_gmt":"2022-12-15T23:18:40","guid":{"rendered":"https:\/\/www.3p-gmbh.de\/produkt\/zestaw-do-spawania-i-ciecia-rothenberger-roflash-r\/"},"modified":"2022-12-15T23:18:40","modified_gmt":"2022-12-15T23:18:40","slug":"zestaw-do-spawania-i-ciecia-rothenberger-roflash-r","status":"publish","type":"product","link":"https:\/\/www.3p-gmbh.de\/pl\/produkt\/zestaw-do-spawania-i-ciecia-rothenberger-roflash-r\/","title":{"rendered":"Zestaw do spawania i ci\u0119cia Rothenberger ROFLASH &#8211; R"},"content":{"rendered":"<p><strong>Zestaw do spawania i ci\u0119cia Rothenberger ROFLASH &#8211; R<\/strong><br \/>\n<strong>22 szt. w przypadku &#8211; jak nowy<\/strong><br \/>\nNumer artyku\u0142u: RB-513300<br \/>\nZALETY APLIKACJI:<br \/>\nZestaw do spawania i ci\u0119cia<br \/>\nZakres spawania: 0,5 &#8211; 14 mm, zakres ci\u0119cia: 3 &#8211; 75 mm<\/p>\n<p>ZAKRES DOSTAWY:<br \/>\n22-cz\u0119\u015bciowy zestaw zawiera:<\/p>\n<p>Uchwyt (nr 513010)<br \/>\nWk\u0142adki spawalnicze 0,2 &#8211; 0,5 (nr 513030)<br \/>\n0,5 &#8211; 1 (nr 513031), 1 &#8211; 2 (nr 513032), 2 &#8211; 4 (nr 513033), 4 &#8211; 6 (nr 513034), 6 &#8211; 9 (nr 513035), 9 &#8211; 14 (nr 513036) Spr\u0119\u017cynowa wk\u0142adka tn\u0105ca do d\u017awigni (nr 513310)<br \/>\nDysze tn\u0105ce 3 &#8211; 6 (nr 513330), 6 &#8211; 20 (nr 513331), 20 &#8211; 75 (nr 513332)<br \/>\nW\u00f3zek prowadz\u0105cy palnika tn\u0105cego<br \/>\nKlucz do palnik\u00f3w (nr 510106)<br \/>\nZapalniczka gazowa<br \/>\nOkulary ochronne (nr 540621)<br \/>\nZestaw do czyszczenia dysz 10 szt. (Nr 510105)<\/p>\n","protected":false},"excerpt":{"rendered":"<p>Zestaw do spawania i ci\u0119cia Rothenberger ROFLASH &#8211; R 22 szt. w przypadku &#8211; jak nowy Numer artyku\u0142u: RB-513300 ZALETY APLIKACJI: Zestaw do spawania i ci\u0119cia Zakres spawania: 0,5 &#8211; 14 mm, zakres ci\u0119cia: 3 &#8211; 75 mm ZAKRES DOSTAWY: 22-cz\u0119\u015bciowy zestaw zawiera: Uchwyt (nr 513010) Wk\u0142adki spawalnicze 0,2 &#8211; 0,5 (nr 513030) 0,5 &#8211; [&hellip;]<\/p>\n","protected":false},"featured_media":115466,"template":"","meta":[],"product_brand":[],"product_cat":[3738],"product_tag":[],"class_list":{"0":"post-115463","1":"product","2":"type-product","3":"status-publish","4":"has-post-thumbnail","6":"product_cat-wyposazenie-warsztatu","7":"pa_hersteller-rothenberger","8":"pa_typ-roflash-r","10":"first","11":"instock","12":"taxable","13":"shipping-taxable","14":"product-type-simple"},"jetpack_sharing_enabled":true,"_links":{"self":[{"href":"https:\/\/www.3p-gmbh.de\/pl\/wp-json\/wp\/v2\/product\/115463","targetHints":{"allow":["GET"]}}],"collection":[{"href":"https:\/\/www.3p-gmbh.de\/pl\/wp-json\/wp\/v2\/product"}],"about":[{"href":"https:\/\/www.3p-gmbh.de\/pl\/wp-json\/wp\/v2\/types\/product"}],"wp:featuredmedia":[{"embeddable":true,"href":"https:\/\/www.3p-gmbh.de\/pl\/wp-json\/wp\/v2\/media\/115466"}],"wp:attachment":[{"href":"https:\/\/www.3p-gmbh.de\/pl\/wp-json\/wp\/v2\/media?parent=115463"}],"wp:term":[{"taxonomy":"product_brand","embeddable":true,"href":"https:\/\/www.3p-gmbh.de\/pl\/wp-json\/wp\/v2\/product_brand?post=115463"},{"taxonomy":"product_cat","embeddable":true,"href":"https:\/\/www.3p-gmbh.de\/pl\/wp-json\/wp\/v2\/product_cat?post=115463"},{"taxonomy":"product_tag","embeddable":true,"href":"https:\/\/www.3p-gmbh.de\/pl\/wp-json\/wp\/v2\/product_tag?post=115463"}],"curies":[{"name":"wp","href":"https:\/\/api.w.org\/{rel}","templated":true}]}}