{"id":115455,"date":"2022-11-14T23:29:45","date_gmt":"2022-11-14T23:29:45","guid":{"rendered":"https:\/\/www.3p-gmbh.de\/produkt\/plyta-wykrawajaca-do-oryginalnego-cylindra-heidelberg-ohz\/"},"modified":"2022-11-14T23:29:45","modified_gmt":"2022-11-14T23:29:45","slug":"plyta-wykrawajaca-do-oryginalnego-cylindra-heidelberg-ohz","status":"publish","type":"product","link":"https:\/\/www.3p-gmbh.de\/pl\/produkt\/plyta-wykrawajaca-do-oryginalnego-cylindra-heidelberg-ohz\/","title":{"rendered":"P\u0142yta wykrawaj\u0105ca do oryginalnego cylindra Heidelberg OHZ"},"content":{"rendered":"<p><strong>P\u0142yta wykrawaj\u0105ca do oryginalnego cylindra Heidelberg OHZ<\/strong><\/p>\n","protected":false},"excerpt":{"rendered":"<p>P\u0142yta wykrawaj\u0105ca do oryginalnego cylindra Heidelberg OHZ<\/p>\n","protected":false},"featured_media":115458,"template":"","meta":[],"product_brand":[],"product_cat":[15],"product_tag":[],"class_list":{"0":"post-115455","1":"product","2":"type-product","3":"status-publish","4":"has-post-thumbnail","6":"product_cat-unkategorisiert","8":"first","9":"instock","10":"taxable","11":"shipping-taxable","12":"product-type-simple"},"jetpack_sharing_enabled":true,"_links":{"self":[{"href":"https:\/\/www.3p-gmbh.de\/pl\/wp-json\/wp\/v2\/product\/115455","targetHints":{"allow":["GET"]}}],"collection":[{"href":"https:\/\/www.3p-gmbh.de\/pl\/wp-json\/wp\/v2\/product"}],"about":[{"href":"https:\/\/www.3p-gmbh.de\/pl\/wp-json\/wp\/v2\/types\/product"}],"wp:featuredmedia":[{"embeddable":true,"href":"https:\/\/www.3p-gmbh.de\/pl\/wp-json\/wp\/v2\/media\/115458"}],"wp:attachment":[{"href":"https:\/\/www.3p-gmbh.de\/pl\/wp-json\/wp\/v2\/media?parent=115455"}],"wp:term":[{"taxonomy":"product_brand","embeddable":true,"href":"https:\/\/www.3p-gmbh.de\/pl\/wp-json\/wp\/v2\/product_brand?post=115455"},{"taxonomy":"product_cat","embeddable":true,"href":"https:\/\/www.3p-gmbh.de\/pl\/wp-json\/wp\/v2\/product_cat?post=115455"},{"taxonomy":"product_tag","embeddable":true,"href":"https:\/\/www.3p-gmbh.de\/pl\/wp-json\/wp\/v2\/product_tag?post=115455"}],"curies":[{"name":"wp","href":"https:\/\/api.w.org\/{rel}","templated":true}]}}