{"id":115454,"date":"2022-12-20T23:17:09","date_gmt":"2022-12-20T23:17:09","guid":{"rendered":"https:\/\/www.3p-gmbh.de\/produkt\/ciezka-prasa-trzcinowa-45x35x70-cm\/"},"modified":"2022-12-20T23:17:09","modified_gmt":"2022-12-20T23:17:09","slug":"ciezka-prasa-trzcinowa-45x35x70-cm","status":"publish","type":"product","link":"https:\/\/www.3p-gmbh.de\/pl\/produkt\/ciezka-prasa-trzcinowa-45x35x70-cm\/","title":{"rendered":"Ci\u0119\u017cka prasa trzcinowa 45x35x70 cm"},"content":{"rendered":"<p><strong>Ci\u0119\u017cka prasa trzcinowa 45x35x70 cm<\/strong><br \/>\nz blatem i p\u00f3\u0142kami<\/p>\n","protected":false},"excerpt":{"rendered":"<p>Ci\u0119\u017cka prasa trzcinowa 45x35x70 cm z blatem i p\u00f3\u0142kami<\/p>\n","protected":false},"featured_media":115459,"template":"","meta":[],"product_brand":[],"product_cat":[4010],"product_tag":[],"class_list":{"0":"post-115454","1":"product","2":"type-product","3":"status-publish","4":"has-post-thumbnail","6":"product_cat-prasy","8":"first","9":"instock","10":"taxable","11":"shipping-taxable","12":"product-type-simple"},"jetpack_sharing_enabled":true,"_links":{"self":[{"href":"https:\/\/www.3p-gmbh.de\/pl\/wp-json\/wp\/v2\/product\/115454","targetHints":{"allow":["GET"]}}],"collection":[{"href":"https:\/\/www.3p-gmbh.de\/pl\/wp-json\/wp\/v2\/product"}],"about":[{"href":"https:\/\/www.3p-gmbh.de\/pl\/wp-json\/wp\/v2\/types\/product"}],"wp:featuredmedia":[{"embeddable":true,"href":"https:\/\/www.3p-gmbh.de\/pl\/wp-json\/wp\/v2\/media\/115459"}],"wp:attachment":[{"href":"https:\/\/www.3p-gmbh.de\/pl\/wp-json\/wp\/v2\/media?parent=115454"}],"wp:term":[{"taxonomy":"product_brand","embeddable":true,"href":"https:\/\/www.3p-gmbh.de\/pl\/wp-json\/wp\/v2\/product_brand?post=115454"},{"taxonomy":"product_cat","embeddable":true,"href":"https:\/\/www.3p-gmbh.de\/pl\/wp-json\/wp\/v2\/product_cat?post=115454"},{"taxonomy":"product_tag","embeddable":true,"href":"https:\/\/www.3p-gmbh.de\/pl\/wp-json\/wp\/v2\/product_tag?post=115454"}],"curies":[{"name":"wp","href":"https:\/\/api.w.org\/{rel}","templated":true}]}}