{"id":115431,"date":"2022-11-21T23:26:06","date_gmt":"2022-11-21T23:26:06","guid":{"rendered":"https:\/\/www.3p-gmbh.de\/produkt\/sterowany-czestotliwosciowo-przenosnik-tasmowy-220x50cm\/"},"modified":"2022-11-21T23:26:06","modified_gmt":"2022-11-21T23:26:06","slug":"sterowany-czestotliwosciowo-przenosnik-tasmowy-220x50cm","status":"publish","type":"product","link":"https:\/\/www.3p-gmbh.de\/pl\/produkt\/sterowany-czestotliwosciowo-przenosnik-tasmowy-220x50cm\/","title":{"rendered":"Sterowany cz\u0119stotliwo\u015bciowo przeno\u015bnik ta\u015bmowy 220x50cm"},"content":{"rendered":"<p><strong>Przeno\u015bnik ta\u015bmowy z regulacj\u0105 cz\u0119stotliwo\u015bci  <\/strong><\/p>\n<p>ok. 220x50cm<\/p>\n","protected":false},"excerpt":{"rendered":"<p>Przeno\u015bnik ta\u015bmowy z regulacj\u0105 cz\u0119stotliwo\u015bci ok. 220x50cm<\/p>\n","protected":false},"featured_media":115434,"template":"","meta":[],"product_brand":[],"product_cat":[3867],"product_tag":[],"class_list":{"0":"post-115431","1":"product","2":"type-product","3":"status-publish","4":"has-post-thumbnail","6":"product_cat-technologia-przenosnikow","8":"first","9":"instock","10":"taxable","11":"shipping-taxable","12":"product-type-simple"},"jetpack_sharing_enabled":true,"_links":{"self":[{"href":"https:\/\/www.3p-gmbh.de\/pl\/wp-json\/wp\/v2\/product\/115431","targetHints":{"allow":["GET"]}}],"collection":[{"href":"https:\/\/www.3p-gmbh.de\/pl\/wp-json\/wp\/v2\/product"}],"about":[{"href":"https:\/\/www.3p-gmbh.de\/pl\/wp-json\/wp\/v2\/types\/product"}],"wp:featuredmedia":[{"embeddable":true,"href":"https:\/\/www.3p-gmbh.de\/pl\/wp-json\/wp\/v2\/media\/115434"}],"wp:attachment":[{"href":"https:\/\/www.3p-gmbh.de\/pl\/wp-json\/wp\/v2\/media?parent=115431"}],"wp:term":[{"taxonomy":"product_brand","embeddable":true,"href":"https:\/\/www.3p-gmbh.de\/pl\/wp-json\/wp\/v2\/product_brand?post=115431"},{"taxonomy":"product_cat","embeddable":true,"href":"https:\/\/www.3p-gmbh.de\/pl\/wp-json\/wp\/v2\/product_cat?post=115431"},{"taxonomy":"product_tag","embeddable":true,"href":"https:\/\/www.3p-gmbh.de\/pl\/wp-json\/wp\/v2\/product_tag?post=115431"}],"curies":[{"name":"wp","href":"https:\/\/api.w.org\/{rel}","templated":true}]}}