{"id":115411,"date":"2022-12-12T22:52:41","date_gmt":"2022-12-12T22:52:41","guid":{"rendered":"https:\/\/www.3p-gmbh.de\/produkt\/rozne-narzedzia-wykrawajace-renz-super-700\/"},"modified":"2022-12-12T22:52:41","modified_gmt":"2022-12-12T22:52:41","slug":"rozne-narzedzia-wykrawajace-renz-super-700","status":"publish","type":"product","link":"https:\/\/www.3p-gmbh.de\/pl\/produkt\/rozne-narzedzia-wykrawajace-renz-super-700\/","title":{"rendered":"R\u00f3\u017cne narz\u0119dzia wykrawaj\u0105ce Renz Super 700"},"content":{"rendered":"<p>Renz Super 700<br \/>\n2-cz\u0119\u015bciowe narz\u0119dzie 70 cm z okr\u0105g\u0142ym otworem 4 mm<br \/>\nSkok 3:1 z otworem na kciuk<\/p>\n<p>Renz Super 700<br \/>\nNarz\u0119dzie 2-cz\u0119\u015bciowe 70 cm z 4,5&#215;4,5 mm<br \/>\nSkok 3:1 z otworem na kciuk<\/p>\n<p>Renz Super 500 lub Super 700<br \/>\nJednocz\u0119\u015bciowe narz\u0119dzie 50 cm z 6&#215;6 mm<br \/>\nBoisko 3:1<\/p>\n","protected":false},"excerpt":{"rendered":"<p>Renz Super 700 2-cz\u0119\u015bciowe narz\u0119dzie 70 cm z okr\u0105g\u0142ym otworem 4 mm Skok 3:1 z otworem na kciuk Renz Super 700 Narz\u0119dzie 2-cz\u0119\u015bciowe 70 cm z 4,5&#215;4,5 mm Skok 3:1 z otworem na kciuk Renz Super 500 lub Super 700 Jednocz\u0119\u015bciowe narz\u0119dzie 50 cm z 6&#215;6 mm Boisko 3:1<\/p>\n","protected":false},"featured_media":115423,"template":"","meta":[],"product_brand":[],"product_cat":[3880],"product_tag":[],"class_list":{"0":"post-115411","1":"product","2":"type-product","3":"status-publish","4":"has-post-thumbnail","6":"product_cat-wbijanie","7":"pa_hersteller-renz","9":"first","10":"instock","11":"taxable","12":"shipping-taxable","13":"product-type-simple"},"jetpack_sharing_enabled":true,"_links":{"self":[{"href":"https:\/\/www.3p-gmbh.de\/pl\/wp-json\/wp\/v2\/product\/115411","targetHints":{"allow":["GET"]}}],"collection":[{"href":"https:\/\/www.3p-gmbh.de\/pl\/wp-json\/wp\/v2\/product"}],"about":[{"href":"https:\/\/www.3p-gmbh.de\/pl\/wp-json\/wp\/v2\/types\/product"}],"wp:featuredmedia":[{"embeddable":true,"href":"https:\/\/www.3p-gmbh.de\/pl\/wp-json\/wp\/v2\/media\/115423"}],"wp:attachment":[{"href":"https:\/\/www.3p-gmbh.de\/pl\/wp-json\/wp\/v2\/media?parent=115411"}],"wp:term":[{"taxonomy":"product_brand","embeddable":true,"href":"https:\/\/www.3p-gmbh.de\/pl\/wp-json\/wp\/v2\/product_brand?post=115411"},{"taxonomy":"product_cat","embeddable":true,"href":"https:\/\/www.3p-gmbh.de\/pl\/wp-json\/wp\/v2\/product_cat?post=115411"},{"taxonomy":"product_tag","embeddable":true,"href":"https:\/\/www.3p-gmbh.de\/pl\/wp-json\/wp\/v2\/product_tag?post=115411"}],"curies":[{"name":"wp","href":"https:\/\/api.w.org\/{rel}","templated":true}]}}