{"id":115410,"date":"2022-12-29T23:26:04","date_gmt":"2022-12-29T23:26:04","guid":{"rendered":"https:\/\/www.3p-gmbh.de\/produkt\/1-jednostka-skladajaca-stahlfolder-buh-66-6-polautomatyczna\/"},"modified":"2022-12-29T23:26:04","modified_gmt":"2022-12-29T23:26:04","slug":"1-jednostka-skladajaca-stahlfolder-buh-66-6-polautomatyczna","status":"publish","type":"product","link":"https:\/\/www.3p-gmbh.de\/pl\/produkt\/1-jednostka-skladajaca-stahlfolder-buh-66-6-polautomatyczna\/","title":{"rendered":"1. jednostka sk\u0142adaj\u0105ca Stahlfolder BUH 66-6 p\u00f3\u0142automatyczna"},"content":{"rendered":"<p><em>Rzadko\u015b\u0107 w przypadku modernizacji i unowocze\u015bniania istniej\u0105cych sk\u0142adarek lub zespo\u0142\u00f3w sk\u0142adaj\u0105cych firmy Stahlfolder<\/em><\/p>\n<p><strong>1. p\u00f3\u0142automatyczna jednostka sk\u0142adaj\u0105ca BUH 66-6<\/strong><br \/>\n<strong>od 2006 r.<\/strong><\/p>\n<p>&#8211; G\u00f3rne wa\u0142y bobiniarki z os\u0142on\u0105 ochronn\u0105 (zestaw do konwersji odpowiedni dla jednostek sk\u0142adanych)<br \/>\n&#8211; Zmotoryzowana regulacja rolki sk\u0142adaj\u0105cej<br \/>\n&#8211; sze\u015b\u0107 r\u0119cznie regulowanych p\u0142yt klamrowych szeroko\u015b\u0107 podawania 66 cm<br \/>\n&#8211; Podw\u00f3jne wa\u0142y tn\u0105ce z zestawem podnosz\u0105cym<\/p>\n","protected":false},"excerpt":{"rendered":"<p>Rzadko\u015b\u0107 w przypadku modernizacji i unowocze\u015bniania istniej\u0105cych sk\u0142adarek lub zespo\u0142\u00f3w sk\u0142adaj\u0105cych firmy Stahlfolder 1. p\u00f3\u0142automatyczna jednostka sk\u0142adaj\u0105ca BUH 66-6 od 2006 r. &#8211; G\u00f3rne wa\u0142y bobiniarki z os\u0142on\u0105 ochronn\u0105 (zestaw do konwersji odpowiedni dla jednostek sk\u0142adanych) &#8211; Zmotoryzowana regulacja rolki sk\u0142adaj\u0105cej &#8211; sze\u015b\u0107 r\u0119cznie regulowanych p\u0142yt klamrowych szeroko\u015b\u0107 podawania 66 cm &#8211; Podw\u00f3jne wa\u0142y tn\u0105ce [&hellip;]<\/p>\n","protected":false},"featured_media":115420,"template":"","meta":[],"product_brand":[],"product_cat":[3816],"product_tag":[],"class_list":{"0":"post-115410","1":"product","2":"type-product","3":"status-publish","4":"has-post-thumbnail","6":"product_cat-skladane-jednostki","7":"pa_hersteller-heidelberg-stahlfolder","8":"pa_typ-buh-66-6","10":"first","11":"instock","12":"taxable","13":"shipping-taxable","14":"product-type-simple"},"jetpack_sharing_enabled":true,"_links":{"self":[{"href":"https:\/\/www.3p-gmbh.de\/pl\/wp-json\/wp\/v2\/product\/115410","targetHints":{"allow":["GET"]}}],"collection":[{"href":"https:\/\/www.3p-gmbh.de\/pl\/wp-json\/wp\/v2\/product"}],"about":[{"href":"https:\/\/www.3p-gmbh.de\/pl\/wp-json\/wp\/v2\/types\/product"}],"wp:featuredmedia":[{"embeddable":true,"href":"https:\/\/www.3p-gmbh.de\/pl\/wp-json\/wp\/v2\/media\/115420"}],"wp:attachment":[{"href":"https:\/\/www.3p-gmbh.de\/pl\/wp-json\/wp\/v2\/media?parent=115410"}],"wp:term":[{"taxonomy":"product_brand","embeddable":true,"href":"https:\/\/www.3p-gmbh.de\/pl\/wp-json\/wp\/v2\/product_brand?post=115410"},{"taxonomy":"product_cat","embeddable":true,"href":"https:\/\/www.3p-gmbh.de\/pl\/wp-json\/wp\/v2\/product_cat?post=115410"},{"taxonomy":"product_tag","embeddable":true,"href":"https:\/\/www.3p-gmbh.de\/pl\/wp-json\/wp\/v2\/product_tag?post=115410"}],"curies":[{"name":"wp","href":"https:\/\/api.w.org\/{rel}","templated":true}]}}