{"id":115408,"date":"2022-12-20T23:57:50","date_gmt":"2022-12-20T23:57:50","guid":{"rendered":"https:\/\/www.3p-gmbh.de\/produkt\/naroznik-okragly-noz-wykrawajacy-7-i-5-mm-swiezo-szlifowany\/"},"modified":"2022-12-20T23:57:50","modified_gmt":"2022-12-20T23:57:50","slug":"naroznik-okragly-noz-wykrawajacy-7-i-5-mm-swiezo-szlifowany","status":"publish","type":"product","link":"https:\/\/www.3p-gmbh.de\/pl\/produkt\/naroznik-okragly-noz-wykrawajacy-7-i-5-mm-swiezo-szlifowany\/","title":{"rendered":"Naro\u017cnik okr\u0105g\u0142y &#8211; n\u00f3\u017c wykrawaj\u0105cy 7 i 5 mm \u015bwie\u017co szlifowany"},"content":{"rendered":"<p><strong>Naro\u017cnik okr\u0105g\u0142y &#8211; n\u00f3\u017c wykrawaj\u0105cy 7 i 5 mm \u015bwie\u017co szlifowany<\/strong><\/p>\n","protected":false},"excerpt":{"rendered":"<p>Naro\u017cnik okr\u0105g\u0142y &#8211; n\u00f3\u017c wykrawaj\u0105cy 7 i 5 mm \u015bwie\u017co szlifowany<\/p>\n","protected":false},"featured_media":115412,"template":"","meta":[],"product_brand":[],"product_cat":[3738],"product_tag":[],"class_list":{"0":"post-115408","1":"product","2":"type-product","3":"status-publish","4":"has-post-thumbnail","6":"product_cat-wyposazenie-warsztatu","8":"first","9":"instock","10":"taxable","11":"shipping-taxable","12":"product-type-simple"},"jetpack_sharing_enabled":true,"_links":{"self":[{"href":"https:\/\/www.3p-gmbh.de\/pl\/wp-json\/wp\/v2\/product\/115408","targetHints":{"allow":["GET"]}}],"collection":[{"href":"https:\/\/www.3p-gmbh.de\/pl\/wp-json\/wp\/v2\/product"}],"about":[{"href":"https:\/\/www.3p-gmbh.de\/pl\/wp-json\/wp\/v2\/types\/product"}],"wp:featuredmedia":[{"embeddable":true,"href":"https:\/\/www.3p-gmbh.de\/pl\/wp-json\/wp\/v2\/media\/115412"}],"wp:attachment":[{"href":"https:\/\/www.3p-gmbh.de\/pl\/wp-json\/wp\/v2\/media?parent=115408"}],"wp:term":[{"taxonomy":"product_brand","embeddable":true,"href":"https:\/\/www.3p-gmbh.de\/pl\/wp-json\/wp\/v2\/product_brand?post=115408"},{"taxonomy":"product_cat","embeddable":true,"href":"https:\/\/www.3p-gmbh.de\/pl\/wp-json\/wp\/v2\/product_cat?post=115408"},{"taxonomy":"product_tag","embeddable":true,"href":"https:\/\/www.3p-gmbh.de\/pl\/wp-json\/wp\/v2\/product_tag?post=115408"}],"curies":[{"name":"wp","href":"https:\/\/api.w.org\/{rel}","templated":true}]}}