{"id":115405,"date":"2022-12-29T23:38:46","date_gmt":"2022-12-29T23:38:46","guid":{"rendered":"https:\/\/www.3p-gmbh.de\/produkt\/maszyna-napedowa-sumbel-regent-500\/"},"modified":"2022-12-29T23:38:46","modified_gmt":"2022-12-29T23:38:46","slug":"maszyna-napedowa-sumbel-regent-500","status":"publish","type":"product","link":"https:\/\/www.3p-gmbh.de\/pl\/produkt\/maszyna-napedowa-sumbel-regent-500\/","title":{"rendered":"Maszyna nap\u0119dowa Sumbel REGENT 500"},"content":{"rendered":"<p><strong>Maszyna nap\u0119dowa Sumbel REGENT 500<\/strong><\/p>\n<p>do wszystkich prac zwi\u0105zanych z powlekaniem i laminowaniem.<br \/>\nDo szybkiego, czystego i r\u00f3wnomiernego prasowania ok\u0142adek ksi\u0105\u017cek, folder\u00f3w, plakat\u00f3w, wy\u015bwietlaczy itp.<br \/>\nNap\u0119d silnikowy 230 V. 50 Hz, z bezstopniow\u0105 regulacj\u0105 pr\u0119dko\u015bci,<br \/>\nRegulacja grubo\u015bci materia\u0142u w zakresie 0-30 mm z dodatkow\u0105 precyzyjn\u0105 regulacj\u0105 si\u0142y nacisku.<br \/>\nSzeroko\u015b\u0107 rolki 500 mm<\/p>\n","protected":false},"excerpt":{"rendered":"<p>Maszyna nap\u0119dowa Sumbel REGENT 500 do wszystkich prac zwi\u0105zanych z powlekaniem i laminowaniem. Do szybkiego, czystego i r\u00f3wnomiernego prasowania ok\u0142adek ksi\u0105\u017cek, folder\u00f3w, plakat\u00f3w, wy\u015bwietlaczy itp. Nap\u0119d silnikowy 230 V. 50 Hz, z bezstopniow\u0105 regulacj\u0105 pr\u0119dko\u015bci, Regulacja grubo\u015bci materia\u0142u w zakresie 0-30 mm z dodatkow\u0105 precyzyjn\u0105 regulacj\u0105 si\u0142y nacisku. Szeroko\u015b\u0107 rolki 500 mm<\/p>\n","protected":false},"featured_media":115406,"template":"","meta":[],"product_brand":[],"product_cat":[3879],"product_tag":[],"class_list":{"0":"post-115405","1":"product","2":"type-product","3":"status-publish","4":"has-post-thumbnail","6":"product_cat-introligatorstwo-asortymentowe","7":"pa_hersteller-sumbel","8":"pa_typ-regent-500","10":"first","11":"instock","12":"taxable","13":"shipping-taxable","14":"product-type-simple"},"jetpack_sharing_enabled":true,"_links":{"self":[{"href":"https:\/\/www.3p-gmbh.de\/pl\/wp-json\/wp\/v2\/product\/115405","targetHints":{"allow":["GET"]}}],"collection":[{"href":"https:\/\/www.3p-gmbh.de\/pl\/wp-json\/wp\/v2\/product"}],"about":[{"href":"https:\/\/www.3p-gmbh.de\/pl\/wp-json\/wp\/v2\/types\/product"}],"wp:featuredmedia":[{"embeddable":true,"href":"https:\/\/www.3p-gmbh.de\/pl\/wp-json\/wp\/v2\/media\/115406"}],"wp:attachment":[{"href":"https:\/\/www.3p-gmbh.de\/pl\/wp-json\/wp\/v2\/media?parent=115405"}],"wp:term":[{"taxonomy":"product_brand","embeddable":true,"href":"https:\/\/www.3p-gmbh.de\/pl\/wp-json\/wp\/v2\/product_brand?post=115405"},{"taxonomy":"product_cat","embeddable":true,"href":"https:\/\/www.3p-gmbh.de\/pl\/wp-json\/wp\/v2\/product_cat?post=115405"},{"taxonomy":"product_tag","embeddable":true,"href":"https:\/\/www.3p-gmbh.de\/pl\/wp-json\/wp\/v2\/product_tag?post=115405"}],"curies":[{"name":"wp","href":"https:\/\/api.w.org\/{rel}","templated":true}]}}